{"id":4408,"date":"2026-03-13T16:12:25","date_gmt":"2026-03-13T15:12:25","guid":{"rendered":"https:\/\/karima-atwan.com\/?page_id=4408"},"modified":"2026-03-13T17:52:17","modified_gmt":"2026-03-13T16:52:17","slug":"artgerechter-babyschlaf-und-fruehgeburt-online-vortrag","status":"publish","type":"page","link":"https:\/\/karima-atwan.com\/en\/artgerechter-babyschlaf-und-fruehgeburt-online-vortrag\/","title":{"rendered":"artgerechter Babyschlaf und Fr\u00fchgeburt &#8211; Online Vortrag"},"content":{"rendered":"<p>[et_pb_section fb_built=&#8220;1&#8243; _builder_version=&#8220;4.16&#8243; global_colors_info=&#8220;{}&#8220;][et_pb_row column_structure=&#8220;1_2,1_2&#8243; _builder_version=&#8220;4.16&#8243; background_size=&#8220;initial&#8220; background_position=&#8220;top_left&#8220; background_repeat=&#8220;repeat&#8220; global_colors_info=&#8220;{}&#8220;][et_pb_column type=&#8220;1_2&#8243; _builder_version=&#8220;4.16&#8243; custom_padding=&#8220;|||&#8220; global_colors_info=&#8220;{}&#8220; custom_padding__hover=&#8220;|||&#8220;][et_pb_image src=&#8220;https:\/\/karima-atwan.com\/wp-content\/uploads\/Hand_in_Hand_Fruehchen-scaled.jpg&#8220; title_text=&#8220;Hand_in_Hand_Fru\u0308hchen&#8220; align_tablet=&#8220;center&#8220; align_phone=&#8220;center&#8220; align_last_edited=&#8220;on|desktop&#8220; _builder_version=&#8220;4.27.4&#8243; global_colors_info=&#8220;{}&#8220;][\/et_pb_image][et_pb_text _builder_version=&#8220;4.23.1&#8243; _module_preset=&#8220;default&#8220; global_colors_info=&#8220;{}&#8220;]<\/p>\n<p><strong>\u00a0<br \/>Hier sind die n\u00e4chsten Termine<\/strong>:<\/p>\n<h4><strong><\/strong><\/h4>\n<h4><strong><\/strong><\/h4>\n<p><strong>M\u00e4rz<\/strong><br \/>Donnerstag, 26.03.2026<\/p>\n<p>Uhrzeit: 20-21:30 Uhr<strong><\/strong><\/p>\n<p><strong><br \/><\/strong><strong><\/strong><\/p>\n<h4><strong><\/strong><\/h4>\n<p>&nbsp;<\/p>\n<p>&nbsp;<\/p>\n<p>&nbsp;<\/p>\n<p>&nbsp;<\/p>\n<p><strong><span style=\"color: #993300;\"><\/span><\/strong><\/p>\n<p><strong><span style=\"color: #993300;\"><\/span><\/strong><\/p>\n<p><strong><span style=\"color: #993300;\"><\/span><\/strong><\/p>\n<p><strong><span style=\"color: #993300;\"><\/span><\/strong><\/p>\n<p>&nbsp;<\/p>\n<p>&nbsp;<\/p>\n<p>&nbsp;<\/p>\n<p>&nbsp;<\/p>\n<p>&nbsp;<\/p>\n<p>&nbsp;<\/p>\n<p>&nbsp;<\/p>\n<p>&nbsp;<\/p>\n<p>&nbsp;<\/p>\n<p>[\/et_pb_text][\/et_pb_column][et_pb_column type=&#8220;1_2&#8243; _builder_version=&#8220;4.16&#8243; custom_padding=&#8220;|||&#8220; global_colors_info=&#8220;{}&#8220; custom_padding__hover=&#8220;|||&#8220;][et_pb_text _builder_version=&#8220;4.27.6&#8243; hover_enabled=&#8220;0&#8243; global_colors_info=&#8220;{}&#8220; sticky_enabled=&#8220;0&#8243;]<\/p>\n<h1 style=\"text-align: left;\">ONLINE-Vortrag<br \/>artgerechter Babyschlaf und Fr\u00fchgeburt<\/h1>\n<p style=\"margin-bottom: 0cm;\">Wir alle tragen ein evolutionsbiologisches Erbe in uns. Unsere Babys ebenso, wie wir. Wenn wir verstehen, was tief in uns verwurzelt ist, k\u00f6nnen wir unsere Babys besser verstehen.<\/p>\n<p style=\"margin-bottom: 0cm;\"><span>Was bedeutet &#8222;artgerechter Babyschlaf?&#8220;<\/span><br \/><span>Welches Schlaf-Arrangement erwarten unsere Babys?\u00a0<\/span><br \/><span>Dieser Vortrag bietet Ihnen spannende Einblicke in die biologischen Hintergr\u00fcnde des Schlafs und hilft dabei, das Schlafbed\u00fcrfnis Ihres Babys besser zu verstehen.\u00a0<\/span><br \/><span>Wir gehen der Frage nach, wie wir unseren Fr\u00fchgeborenen eine nat\u00fcrliche Schlafumgebung erm\u00f6glichen k\u00f6nnen.<\/span><\/p>\n<p>&nbsp;<\/p>\n<p style=\"margin-bottom: 0cm;\">Sei dabei und lass uns gemeinsam unsere Wurzeln erforschen!<span><\/span><\/p>\n<p><strong><span style=\"color: #993300;\">Dauer 90min \/kostenlos f\u00fcr alle Fr\u00fchlings-Eltern<br \/><\/span><\/strong><strong><span style=\"color: #993300;\">Mit Raum f\u00fcr Austausch und Fragen.<\/span><span style=\"color: #993300;\"><br \/><\/span><\/strong><\/p>\n<p><span style=\"color: #993300;\">Deinen Zugangslink bekommst Du nach Deiner Anmeldung vom Veranstalter und Kooperationspartner<br \/><span style=\"text-decoration: underline;\"><a href=\"https:\/\/www.fruehgeborene.de\/index.htm\" target=\"_blank\" rel=\"noopener\">Bundesverband Fr\u00fchgeborene e.V.<\/a><\/span> zugeschickt.<\/span><\/p>\n<p>[\/et_pb_text][et_pb_text _builder_version=&#8220;4.27.4&#8243; locked=&#8220;off&#8220; global_colors_info=&#8220;{}&#8220;]<\/p>\n<p>Du m\u00f6chtest lieber in einem 1:1 Coaching mehr \u00fcber artgerecht und Fr\u00fchgeburt erfahren? Dann buche Dir Deine Einzelsitzung.<br \/><a href=\"https:\/\/karima-atwan.com\/artgerecht-und-fruehgeburt\/\" target=\"_blank\" rel=\"noopener\">Coaching<\/a><\/p>\n<p>[\/et_pb_text][et_pb_button button_url=&#8220;https:\/\/www.fruehgeborene.de\/aktuelles\/veranstaltungen\/experten-sprechstunde-babymassage-bei-fruehgeborenen-1-1-1-2-1.htm&#8220; url_new_window=&#8220;on&#8220; button_text=&#8220;Jetzt buchen&#8220; _builder_version=&#8220;4.27.6&#8243; _module_preset=&#8220;default&#8220; custom_button=&#8220;on&#8220; button_text_size=&#8220;24px&#8220; button_text_color=&#8220;#FFFFFF&#8220; button_bg_color=&#8220;#F0B800&#8243; button_border_width=&#8220;0px&#8220; button_border_radius=&#8220;44px&#8220; button_use_icon=&#8220;off&#8220; background_layout=&#8220;dark&#8220; global_colors_info=&#8220;{}&#8220;][\/et_pb_button][\/et_pb_column][\/et_pb_row][\/et_pb_section][et_pb_section fb_built=&#8220;1&#8243; _builder_version=&#8220;4.16&#8243; global_colors_info=&#8220;{}&#8220;][et_pb_row column_structure=&#8220;1_2,1_4,1_4&#8243; _builder_version=&#8220;4.16&#8243; background_size=&#8220;initial&#8220; background_position=&#8220;top_left&#8220; background_repeat=&#8220;repeat&#8220; global_colors_info=&#8220;{}&#8220;][et_pb_column type=&#8220;1_2&#8243; _builder_version=&#8220;4.16&#8243; custom_padding=&#8220;|||&#8220; global_colors_info=&#8220;{}&#8220; custom_padding__hover=&#8220;|||&#8220;][et_pb_text _builder_version=&#8220;4.16&#8243; global_colors_info=&#8220;{}&#8220;]<\/p>\n<p style=\"text-align: right;\"><strong>Was k\u00f6nnte noch hilfreich f\u00fcr Dich sein:<\/strong><\/p>\n<p>[\/et_pb_text][\/et_pb_column][et_pb_column type=&#8220;1_4&#8243; _builder_version=&#8220;4.16&#8243; custom_padding=&#8220;|||&#8220; global_colors_info=&#8220;{}&#8220; custom_padding__hover=&#8220;|||&#8220;][et_pb_text _builder_version=&#8220;4.16&#8243; global_colors_info=&#8220;{}&#8220;]<\/p>\n<p>Deine Geburt ist noch nicht lange her?<br \/>Vielleicht ist das etwas f\u00fcr Dich:<br \/><a href=\"https:\/\/karima-atwan.com\/geburtsgespraech\/\">Geburtsgespr\u00e4ch<\/a><\/p>\n<p>[\/et_pb_text][\/et_pb_column][et_pb_column type=&#8220;1_4&#8243; _builder_version=&#8220;4.16&#8243; custom_padding=&#8220;|||&#8220; global_colors_info=&#8220;{}&#8220; custom_padding__hover=&#8220;|||&#8220;][et_pb_text _builder_version=&#8220;4.16&#8243; global_colors_info=&#8220;{}&#8220;]<\/p>\n<p>Deine Geburts besch\u00e4ftigt Dich noch?<br \/>Vielleicht w\u00e4re das noch etwas f\u00fcr Dich:<br \/><a href=\"https:\/\/karima-atwan.com\/fachberaterin\/\">psychotraumatisches Fachgespr\u00e4ch<\/a><\/p>\n<p>[\/et_pb_text][\/et_pb_column][\/et_pb_row][\/et_pb_section][et_pb_section fb_built=&#8220;1&#8243; module_id=&#8220;contact&#8220; module_class=&#8220;jc-background&#8220; _builder_version=&#8220;3.18.2&#8243; background_color=&#8220;#60170f&#8220; global_module=&#8220;1677&#8243; global_colors_info=&#8220;{}&#8220;][et_pb_row column_structure=&#8220;1_3,2_3&#8243; _builder_version=&#8220;4.16&#8243; background_size=&#8220;initial&#8220; background_position=&#8220;top_left&#8220; background_repeat=&#8220;repeat&#8220; global_colors_info=&#8220;{}&#8220;][et_pb_column type=&#8220;1_3&#8243; _builder_version=&#8220;4.16&#8243; custom_padding=&#8220;|||&#8220; global_colors_info=&#8220;{}&#8220; custom_padding__hover=&#8220;|||&#8220;][et_pb_text admin_label=&#8220;Contact Us Text&#8220; _builder_version=&#8220;4.16&#8243; background_size=&#8220;initial&#8220; background_position=&#8220;top_left&#8220; background_repeat=&#8220;repeat&#8220; background_layout=&#8220;dark&#8220; module_alignment=&#8220;left&#8220; global_colors_info=&#8220;{}&#8220;]<\/p>\n<h1>Kontakt<\/h1>\n<hr \/>\n<p><strong>Karima Atwan<\/strong><br \/>\nDoula, Coachin und<br \/>\nFachberaterin f\u00fcr Psychotraumatologie<\/p>\n<p><span style=\"color: #ffffff;\"><a style=\"color: #ffffff;\">info@karima-atwan.de<\/a><\/span><\/p>\n<p>Telefon: +598 995 185 86<\/p>\n<p>[\/et_pb_text][et_pb_divider color=&#8220;#ffffff&#8220; disabled_on=&#8220;off&#8220; _builder_version=&#8220;4.16&#8243; hide_on_mobile=&#8220;off&#8220; global_colors_info=&#8220;{}&#8220;][\/et_pb_divider][\/et_pb_column][et_pb_column type=&#8220;2_3&#8243; _builder_version=&#8220;4.16&#8243; custom_padding=&#8220;|||&#8220; global_colors_info=&#8220;{}&#8220; custom_padding__hover=&#8220;|||&#8220;][et_pb_contact_form captcha=&#8220;off&#8220; module_id=&#8220;et_pb_contact_form_0&#8243; module_class=&#8220;jc-contact-form&#8220; _builder_version=&#8220;4.16&#8243; _unique_id=&#8220;e0eda9f5-0333-4b19-8b79-ab46f20ae044&#8243; custom_button=&#8220;on&#8220; button_bg_color=&#8220;#c1b2a7&#8243; button_font=&#8220;||||||||&#8220; custom_css_captcha_label=&#8220;color: #ffffff;&#8220; global_colors_info=&#8220;{}&#8220;][et_pb_contact_field field_id=&#8220;Name&#8220; field_title=&#8220;Name&#8220; _builder_version=&#8220;4.16&#8243; global_colors_info=&#8220;{}&#8220; button_text_size__hover_enabled=&#8220;off&#8220; button_one_text_size__hover_enabled=&#8220;off&#8220; button_two_text_size__hover_enabled=&#8220;off&#8220; button_text_color__hover_enabled=&#8220;off&#8220; button_one_text_color__hover_enabled=&#8220;off&#8220; button_two_text_color__hover_enabled=&#8220;off&#8220; button_border_width__hover_enabled=&#8220;off&#8220; button_one_border_width__hover_enabled=&#8220;off&#8220; button_two_border_width__hover_enabled=&#8220;off&#8220; button_border_color__hover_enabled=&#8220;off&#8220; button_one_border_color__hover_enabled=&#8220;off&#8220; button_two_border_color__hover_enabled=&#8220;off&#8220; button_border_radius__hover_enabled=&#8220;off&#8220; button_one_border_radius__hover_enabled=&#8220;off&#8220; button_two_border_radius__hover_enabled=&#8220;off&#8220; button_letter_spacing__hover_enabled=&#8220;off&#8220; button_one_letter_spacing__hover_enabled=&#8220;off&#8220; button_two_letter_spacing__hover_enabled=&#8220;off&#8220; button_bg_color__hover_enabled=&#8220;off&#8220; button_one_bg_color__hover_enabled=&#8220;off&#8220; button_two_bg_color__hover_enabled=&#8220;off&#8220;][\/et_pb_contact_field][et_pb_contact_field field_id=&#8220;Email&#8220; field_title=&#8220;Email Adresse&#8220; field_type=&#8220;email&#8220; fullwidth_field=&#8220;on&#8220; _builder_version=&#8220;4.16&#8243; form_field_font=&#8220;||||&#8220; use_border_color=&#8220;off&#8220; global_colors_info=&#8220;{}&#8220; button_text_size__hover_enabled=&#8220;off&#8220; button_one_text_size__hover_enabled=&#8220;off&#8220; button_two_text_size__hover_enabled=&#8220;off&#8220; button_text_color__hover_enabled=&#8220;off&#8220; button_one_text_color__hover_enabled=&#8220;off&#8220; button_two_text_color__hover_enabled=&#8220;off&#8220; button_border_width__hover_enabled=&#8220;off&#8220; button_one_border_width__hover_enabled=&#8220;off&#8220; button_two_border_width__hover_enabled=&#8220;off&#8220; button_border_color__hover_enabled=&#8220;off&#8220; button_one_border_color__hover_enabled=&#8220;off&#8220; button_two_border_color__hover_enabled=&#8220;off&#8220; button_border_radius__hover_enabled=&#8220;off&#8220; button_one_border_radius__hover_enabled=&#8220;off&#8220; button_two_border_radius__hover_enabled=&#8220;off&#8220; button_letter_spacing__hover_enabled=&#8220;off&#8220; button_one_letter_spacing__hover_enabled=&#8220;off&#8220; button_two_letter_spacing__hover_enabled=&#8220;off&#8220; button_bg_color__hover_enabled=&#8220;off&#8220; button_one_bg_color__hover_enabled=&#8220;off&#8220; button_two_bg_color__hover_enabled=&#8220;off&#8220;][\/et_pb_contact_field][et_pb_contact_field field_id=&#8220;Message&#8220; field_title=&#8220;Deine Nachricht an mich&#8220; field_type=&#8220;text&#8220; fullwidth_field=&#8220;on&#8220; _builder_version=&#8220;4.16&#8243; global_colors_info=&#8220;{}&#8220; button_text_size__hover_enabled=&#8220;off&#8220; button_one_text_size__hover_enabled=&#8220;off&#8220; button_two_text_size__hover_enabled=&#8220;off&#8220; button_text_color__hover_enabled=&#8220;off&#8220; button_one_text_color__hover_enabled=&#8220;off&#8220; button_two_text_color__hover_enabled=&#8220;off&#8220; button_border_width__hover_enabled=&#8220;off&#8220; button_one_border_width__hover_enabled=&#8220;off&#8220; button_two_border_width__hover_enabled=&#8220;off&#8220; button_border_color__hover_enabled=&#8220;off&#8220; button_one_border_color__hover_enabled=&#8220;off&#8220; button_two_border_color__hover_enabled=&#8220;off&#8220; button_border_radius__hover_enabled=&#8220;off&#8220; button_one_border_radius__hover_enabled=&#8220;off&#8220; button_two_border_radius__hover_enabled=&#8220;off&#8220; button_letter_spacing__hover_enabled=&#8220;off&#8220; button_one_letter_spacing__hover_enabled=&#8220;off&#8220; button_two_letter_spacing__hover_enabled=&#8220;off&#8220; button_bg_color__hover_enabled=&#8220;off&#8220; button_one_bg_color__hover_enabled=&#8220;off&#8220; button_two_bg_color__hover_enabled=&#8220;off&#8220;][\/et_pb_contact_field][\/et_pb_contact_form][\/et_pb_column][\/et_pb_row][\/et_pb_section]<\/p>\n","protected":false},"excerpt":{"rendered":"<p>\u00a0Hier sind die n\u00e4chsten Termine: M\u00e4rzDonnerstag, 26.03.2026 Uhrzeit: 20-21:30 Uhr &nbsp; &nbsp; &nbsp; &nbsp; &nbsp; &nbsp; &nbsp; &nbsp; &nbsp; &nbsp; &nbsp; &nbsp; &nbsp;ONLINE-Vortragartgerechter Babyschlaf und Fr\u00fchgeburt Wir alle tragen ein evolutionsbiologisches Erbe in uns. Unsere Babys ebenso, wie wir. Wenn wir verstehen, was tief in uns verwurzelt ist, k\u00f6nnen wir unsere Babys besser verstehen. Was [&hellip;]<\/p>\n","protected":false},"author":3,"featured_media":0,"parent":0,"menu_order":0,"comment_status":"closed","ping_status":"closed","template":"","meta":{"_et_pb_use_builder":"on","_et_pb_old_content":"","_et_gb_content_width":"","footnotes":""},"class_list":["post-4408","page","type-page","status-publish","hentry"],"yoast_head":"<!-- This site is optimized with the Yoast SEO plugin v27.3 - https:\/\/yoast.com\/product\/yoast-seo-wordpress\/ -->\n<title>artgerechter Babyschlaf und Fr\u00fchgeburt - Online Vortrag - Karima Atwan<\/title>\n<meta name=\"robots\" content=\"index, follow, max-snippet:-1, max-image-preview:large, max-video-preview:-1\" \/>\n<link rel=\"canonical\" href=\"https:\/\/karima-atwan.com\/en\/artgerechter-babyschlaf-und-fruehgeburt-online-vortrag\/\" \/>\n<meta property=\"og:locale\" content=\"en_US\" \/>\n<meta property=\"og:type\" content=\"article\" \/>\n<meta property=\"og:title\" content=\"artgerechter Babyschlaf und Fr\u00fchgeburt - Online Vortrag - Karima Atwan\" \/>\n<meta property=\"og:description\" content=\"\u00a0Hier sind die n\u00e4chsten Termine: M\u00e4rzDonnerstag, 26.03.2026 Uhrzeit: 20-21:30 Uhr &nbsp; &nbsp; &nbsp; &nbsp; &nbsp; &nbsp; &nbsp; &nbsp; &nbsp; &nbsp; &nbsp; &nbsp; &nbsp;ONLINE-Vortragartgerechter Babyschlaf und Fr\u00fchgeburt Wir alle tragen ein evolutionsbiologisches Erbe in uns. Unsere Babys ebenso, wie wir. Wenn wir verstehen, was tief in uns verwurzelt ist, k\u00f6nnen wir unsere Babys besser verstehen. Was [&hellip;]\" \/>\n<meta property=\"og:url\" content=\"https:\/\/karima-atwan.com\/en\/artgerechter-babyschlaf-und-fruehgeburt-online-vortrag\/\" \/>\n<meta property=\"og:site_name\" content=\"Karima Atwan\" \/>\n<meta property=\"article:publisher\" content=\"https:\/\/www.facebook.com\/profile.php?id=100064656013770\" \/>\n<meta property=\"article:modified_time\" content=\"2026-03-13T16:52:17+00:00\" \/>\n<meta name=\"twitter:card\" content=\"summary_large_image\" \/>\n<script type=\"application\/ld+json\" class=\"yoast-schema-graph\">{\"@context\":\"https:\\\/\\\/schema.org\",\"@graph\":[{\"@type\":\"WebPage\",\"@id\":\"https:\\\/\\\/karima-atwan.com\\\/artgerechter-babyschlaf-und-fruehgeburt-online-vortrag\\\/\",\"url\":\"https:\\\/\\\/karima-atwan.com\\\/artgerechter-babyschlaf-und-fruehgeburt-online-vortrag\\\/\",\"name\":\"artgerechter Babyschlaf und Fr\u00fchgeburt - Online Vortrag - Karima Atwan\",\"isPartOf\":{\"@id\":\"https:\\\/\\\/karima-atwan.com\\\/#website\"},\"datePublished\":\"2026-03-13T15:12:25+00:00\",\"dateModified\":\"2026-03-13T16:52:17+00:00\",\"breadcrumb\":{\"@id\":\"https:\\\/\\\/karima-atwan.com\\\/artgerechter-babyschlaf-und-fruehgeburt-online-vortrag\\\/#breadcrumb\"},\"inLanguage\":\"en-US\",\"potentialAction\":[{\"@type\":\"ReadAction\",\"target\":[\"https:\\\/\\\/karima-atwan.com\\\/artgerechter-babyschlaf-und-fruehgeburt-online-vortrag\\\/\"]}]},{\"@type\":\"BreadcrumbList\",\"@id\":\"https:\\\/\\\/karima-atwan.com\\\/artgerechter-babyschlaf-und-fruehgeburt-online-vortrag\\\/#breadcrumb\",\"itemListElement\":[{\"@type\":\"ListItem\",\"position\":1,\"name\":\"Startseite\",\"item\":\"https:\\\/\\\/karima-atwan.com\\\/\"},{\"@type\":\"ListItem\",\"position\":2,\"name\":\"artgerechter Babyschlaf und Fr\u00fchgeburt &#8211; Online Vortrag\"}]},{\"@type\":\"WebSite\",\"@id\":\"https:\\\/\\\/karima-atwan.com\\\/#website\",\"url\":\"https:\\\/\\\/karima-atwan.com\\\/\",\"name\":\"Karima Atwan\",\"description\":\"Doula Geburtsbegleitung &amp; artgerecht\u00ae Coaching\",\"publisher\":{\"@id\":\"https:\\\/\\\/karima-atwan.com\\\/#organization\"},\"potentialAction\":[{\"@type\":\"SearchAction\",\"target\":{\"@type\":\"EntryPoint\",\"urlTemplate\":\"https:\\\/\\\/karima-atwan.com\\\/?s={search_term_string}\"},\"query-input\":{\"@type\":\"PropertyValueSpecification\",\"valueRequired\":true,\"valueName\":\"search_term_string\"}}],\"inLanguage\":\"en-US\"},{\"@type\":\"Organization\",\"@id\":\"https:\\\/\\\/karima-atwan.com\\\/#organization\",\"name\":\"Karima Atwan\",\"url\":\"https:\\\/\\\/karima-atwan.com\\\/\",\"logo\":{\"@type\":\"ImageObject\",\"inLanguage\":\"en-US\",\"@id\":\"https:\\\/\\\/karima-atwan.com\\\/#\\\/schema\\\/logo\\\/image\\\/\",\"url\":\"https:\\\/\\\/karima-atwan.com\\\/wp-content\\\/uploads\\\/Logo_End_ohne.jpg\",\"contentUrl\":\"https:\\\/\\\/karima-atwan.com\\\/wp-content\\\/uploads\\\/Logo_End_ohne.jpg\",\"width\":991,\"height\":550,\"caption\":\"Karima Atwan\"},\"image\":{\"@id\":\"https:\\\/\\\/karima-atwan.com\\\/#\\\/schema\\\/logo\\\/image\\\/\"},\"sameAs\":[\"https:\\\/\\\/www.facebook.com\\\/profile.php?id=100064656013770\",\"https:\\\/\\\/www.instagram.com\\\/schwanger_geburt_trauma\\\/\"]}]}<\/script>\n<!-- \/ Yoast SEO plugin. -->","yoast_head_json":{"title":"artgerechter Babyschlaf und Fr\u00fchgeburt - Online Vortrag - Karima Atwan","robots":{"index":"index","follow":"follow","max-snippet":"max-snippet:-1","max-image-preview":"max-image-preview:large","max-video-preview":"max-video-preview:-1"},"canonical":"https:\/\/karima-atwan.com\/en\/artgerechter-babyschlaf-und-fruehgeburt-online-vortrag\/","og_locale":"en_US","og_type":"article","og_title":"artgerechter Babyschlaf und Fr\u00fchgeburt - Online Vortrag - Karima Atwan","og_description":"\u00a0Hier sind die n\u00e4chsten Termine: M\u00e4rzDonnerstag, 26.03.2026 Uhrzeit: 20-21:30 Uhr &nbsp; &nbsp; &nbsp; &nbsp; &nbsp; &nbsp; &nbsp; &nbsp; &nbsp; &nbsp; &nbsp; &nbsp; &nbsp;ONLINE-Vortragartgerechter Babyschlaf und Fr\u00fchgeburt Wir alle tragen ein evolutionsbiologisches Erbe in uns. Unsere Babys ebenso, wie wir. Wenn wir verstehen, was tief in uns verwurzelt ist, k\u00f6nnen wir unsere Babys besser verstehen. Was [&hellip;]","og_url":"https:\/\/karima-atwan.com\/en\/artgerechter-babyschlaf-und-fruehgeburt-online-vortrag\/","og_site_name":"Karima Atwan","article_publisher":"https:\/\/www.facebook.com\/profile.php?id=100064656013770","article_modified_time":"2026-03-13T16:52:17+00:00","twitter_card":"summary_large_image","schema":{"@context":"https:\/\/schema.org","@graph":[{"@type":"WebPage","@id":"https:\/\/karima-atwan.com\/artgerechter-babyschlaf-und-fruehgeburt-online-vortrag\/","url":"https:\/\/karima-atwan.com\/artgerechter-babyschlaf-und-fruehgeburt-online-vortrag\/","name":"artgerechter Babyschlaf und Fr\u00fchgeburt - Online Vortrag - Karima Atwan","isPartOf":{"@id":"https:\/\/karima-atwan.com\/#website"},"datePublished":"2026-03-13T15:12:25+00:00","dateModified":"2026-03-13T16:52:17+00:00","breadcrumb":{"@id":"https:\/\/karima-atwan.com\/artgerechter-babyschlaf-und-fruehgeburt-online-vortrag\/#breadcrumb"},"inLanguage":"en-US","potentialAction":[{"@type":"ReadAction","target":["https:\/\/karima-atwan.com\/artgerechter-babyschlaf-und-fruehgeburt-online-vortrag\/"]}]},{"@type":"BreadcrumbList","@id":"https:\/\/karima-atwan.com\/artgerechter-babyschlaf-und-fruehgeburt-online-vortrag\/#breadcrumb","itemListElement":[{"@type":"ListItem","position":1,"name":"Startseite","item":"https:\/\/karima-atwan.com\/"},{"@type":"ListItem","position":2,"name":"artgerechter Babyschlaf und Fr\u00fchgeburt &#8211; Online Vortrag"}]},{"@type":"WebSite","@id":"https:\/\/karima-atwan.com\/#website","url":"https:\/\/karima-atwan.com\/","name":"Karima Atwan","description":"Doula Geburtsbegleitung &amp; artgerecht\u00ae Coaching","publisher":{"@id":"https:\/\/karima-atwan.com\/#organization"},"potentialAction":[{"@type":"SearchAction","target":{"@type":"EntryPoint","urlTemplate":"https:\/\/karima-atwan.com\/?s={search_term_string}"},"query-input":{"@type":"PropertyValueSpecification","valueRequired":true,"valueName":"search_term_string"}}],"inLanguage":"en-US"},{"@type":"Organization","@id":"https:\/\/karima-atwan.com\/#organization","name":"Karima Atwan","url":"https:\/\/karima-atwan.com\/","logo":{"@type":"ImageObject","inLanguage":"en-US","@id":"https:\/\/karima-atwan.com\/#\/schema\/logo\/image\/","url":"https:\/\/karima-atwan.com\/wp-content\/uploads\/Logo_End_ohne.jpg","contentUrl":"https:\/\/karima-atwan.com\/wp-content\/uploads\/Logo_End_ohne.jpg","width":991,"height":550,"caption":"Karima Atwan"},"image":{"@id":"https:\/\/karima-atwan.com\/#\/schema\/logo\/image\/"},"sameAs":["https:\/\/www.facebook.com\/profile.php?id=100064656013770","https:\/\/www.instagram.com\/schwanger_geburt_trauma\/"]}]}},"_links":{"self":[{"href":"https:\/\/karima-atwan.com\/en\/wp-json\/wp\/v2\/pages\/4408","targetHints":{"allow":["GET"]}}],"collection":[{"href":"https:\/\/karima-atwan.com\/en\/wp-json\/wp\/v2\/pages"}],"about":[{"href":"https:\/\/karima-atwan.com\/en\/wp-json\/wp\/v2\/types\/page"}],"author":[{"embeddable":true,"href":"https:\/\/karima-atwan.com\/en\/wp-json\/wp\/v2\/users\/3"}],"replies":[{"embeddable":true,"href":"https:\/\/karima-atwan.com\/en\/wp-json\/wp\/v2\/comments?post=4408"}],"version-history":[{"count":7,"href":"https:\/\/karima-atwan.com\/en\/wp-json\/wp\/v2\/pages\/4408\/revisions"}],"predecessor-version":[{"id":4425,"href":"https:\/\/karima-atwan.com\/en\/wp-json\/wp\/v2\/pages\/4408\/revisions\/4425"}],"wp:attachment":[{"href":"https:\/\/karima-atwan.com\/en\/wp-json\/wp\/v2\/media?parent=4408"}],"curies":[{"name":"wp","href":"https:\/\/api.w.org\/{rel}","templated":true}]}}