{"id":4178,"date":"2025-10-06T15:39:35","date_gmt":"2025-10-06T13:39:35","guid":{"rendered":"https:\/\/karima-atwan.com\/?page_id=4178"},"modified":"2026-03-30T14:03:53","modified_gmt":"2026-03-30T12:03:53","slug":"geburtsvorbereitung-2","status":"publish","type":"page","link":"https:\/\/karima-atwan.com\/en\/geburtsvorbereitung-2\/","title":{"rendered":"Geburtsvorbereitung ausf\u00fchrlich"},"content":{"rendered":"<p>[et_pb_section fb_built=&#8220;1&#8243; admin_label=&#8220;section&#8220; _builder_version=&#8220;4.27.4&#8243; use_background_color_gradient=&#8220;on&#8220; background_image=&#8220;https:\/\/karima-atwan.com\/wp-content\/uploads\/frohliche-brunette-schwangere-frau-weissem-t-shirt-lachelt-aufrichtig-frohliches-lockiges-madchen-schwarz-gestreiften-hosen-liegt-auf-einem-weichen-sofa-im-gemutlichen-wohnzimmer-scaled.jpg&#8220; parallax=&#8220;on&#8220; custom_padding=&#8220;0||0|&#8220; global_colors_info=&#8220;{}&#8220;][et_pb_row admin_label=&#8220;row&#8220; _builder_version=&#8220;4.16&#8243; background_size=&#8220;initial&#8220; background_position=&#8220;top_left&#8220; background_repeat=&#8220;repeat&#8220; global_colors_info=&#8220;{}&#8220;][et_pb_column type=&#8220;4_4&#8243; _builder_version=&#8220;4.16&#8243; custom_padding=&#8220;|||&#8220; global_colors_info=&#8220;{}&#8220; custom_padding__hover=&#8220;|||&#8220;][et_pb_divider show_divider=&#8220;off&#8220; disabled_on=&#8220;off&#8220; admin_label=&#8220;Hero Image 1920x1280px&#8220; _builder_version=&#8220;4.16&#8243; height=&#8220;700px&#8220; hide_on_mobile=&#8220;off&#8220; global_colors_info=&#8220;{}&#8220;][\/et_pb_divider][\/et_pb_column][\/et_pb_row][\/et_pb_section][et_pb_section fb_built=&#8220;1&#8243; module_id=&#8220;about&#8220; module_class=&#8220;jc-background&#8220; _builder_version=&#8220;4.16&#8243; background_color=&#8220;#ffffff&#8220; custom_padding=&#8220;54px|0px|0|0px&#8220; transparent_background=&#8220;off&#8220; global_colors_info=&#8220;{}&#8220;][et_pb_row column_structure=&#8220;1_4,3_4&#8243; _builder_version=&#8220;4.16&#8243; background_size=&#8220;initial&#8220; background_position=&#8220;top_left&#8220; background_repeat=&#8220;repeat&#8220; custom_padding=&#8220;27px|0px|0|0px&#8220; global_colors_info=&#8220;{}&#8220;][et_pb_column type=&#8220;1_4&#8243; _builder_version=&#8220;4.16&#8243; custom_padding=&#8220;|||&#8220; global_colors_info=&#8220;{}&#8220; custom_padding__hover=&#8220;|||&#8220;][\/et_pb_column][et_pb_column type=&#8220;3_4&#8243; _builder_version=&#8220;4.16&#8243; custom_padding=&#8220;|||&#8220; global_colors_info=&#8220;{}&#8220; custom_padding__hover=&#8220;|||&#8220;][et_pb_text admin_label=&#8220;About Us Text&#8220; _builder_version=&#8220;4.27.4&#8243; text_text_color=&#8220;#2e353d&#8220; header_font=&#8220;|600|||||||&#8220; header_text_color=&#8220;#8e1917&#8243; background_size=&#8220;initial&#8220; background_position=&#8220;top_left&#8220; background_repeat=&#8220;repeat&#8220; text_orientation=&#8220;justified&#8220; module_alignment=&#8220;left&#8220; border_style=&#8220;solid&#8220; global_colors_info=&#8220;{}&#8220;]<\/p>\n<h1>Geburtsvorbereitung<\/h1>\n<p>Was passiert in meine K\u00f6rper unter der Geburt? Was beeinflusst meine Geburt? Welche M\u00f6glichkeiten habe ich, meinen K\u00f6rper darauf vorzubereiten? Wie kann ich mich optimal vorbereiten? Wie kann ich meine Geburt positiv beeinflussen? Wie kann ich mit meinem Baby Kontakt aufnehmen und in Verbindung bleiben?<\/p>\n<p>Geburtsvorbereitung ist f\u00fchlen, erleben, Vorfreude, Austausch, Fragen, lachen, \u00fcben, in Verbindung gehen und Spa\u00df haben!<\/p>\n<p>Deine Geburtsvorbereitung. Abgestimmt auf Dich, Deine individuelle Situation und Deine Bed\u00fcrfnisse.<br \/>Auf geht`s! Lass uns Deine Reise vorbereiten\u2026.<\/p>\n<p>[\/et_pb_text][et_pb_divider show_divider=&#8220;off&#8220; disabled_on=&#8220;off&#8220; _builder_version=&#8220;4.16&#8243; hide_on_mobile=&#8220;off&#8220; global_colors_info=&#8220;{}&#8220;]<br \/>\n[\/et_pb_divider][\/et_pb_column][\/et_pb_row][\/et_pb_section][et_pb_section fb_built=&#8220;1&#8243; module_id=&#8220;services&#8220; module_class=&#8220;jc-background&#8220; _builder_version=&#8220;4.16&#8243; background_color=&#8220;#ffffff&#8220; custom_padding=&#8220;0|0px|100px|0px&#8220; transparent_background=&#8220;off&#8220; global_colors_info=&#8220;{}&#8220;][et_pb_row column_structure=&#8220;1_2,1_2&#8243; _builder_version=&#8220;4.16&#8243; background_size=&#8220;initial&#8220; background_position=&#8220;top_left&#8220; background_repeat=&#8220;repeat&#8220; min_height=&#8220;799.7px&#8220; custom_padding=&#8220;||161px|||&#8220; global_colors_info=&#8220;{}&#8220;][et_pb_column type=&#8220;1_2&#8243; _builder_version=&#8220;4.16&#8243; custom_padding=&#8220;|||&#8220; global_colors_info=&#8220;{}&#8220; custom_padding__hover=&#8220;|||&#8220;][et_pb_image src=&#8220;https:\/\/karima-atwan.com\/wp-content\/uploads\/gluckliche-junge-schwangere-frau-lachelt-und-beruhrt-sanft-bauch-brunettes-madchen-schwarzem-oberteil-und-gestreifter-hose-sitzt-auf-yogateppich-und-hort-musik-kabellosen-kopfhorern-scaled.jpg&#8220; title_text=&#8220;Happy young pregnant woman smiles and gently touches belly. Brunette girl in black top and striped pants sits on yoga carpet and listening to music in wireless headphones.&#8220; align_tablet=&#8220;center&#8220; align_phone=&#8220;center&#8220; align_last_edited=&#8220;on|desktop&#8220; _builder_version=&#8220;4.27.4&#8243; custom_margin=&#8220;||32px|||&#8220; global_colors_info=&#8220;{}&#8220;]<br \/>\n[\/et_pb_image][et_pb_image src=&#8220;https:\/\/karima-atwan.com\/wp-content\/uploads\/portrat-der-gebraunten-schwangeren-frau-der-spitze-die-auf-lila-yoga-teppich-sitzt-und-musik-kopfhorern-hort-scaled.jpg&#8220; title_text=&#8220;Portrait of tanned pregnant woman in black top sitting on purple yoga carpet and listening to music in headphones. Brunette girl in striped pants meditating in living room.&#8220; _builder_version=&#8220;4.27.4&#8243; _module_preset=&#8220;default&#8220; custom_margin=&#8220;||101px|||&#8220; global_colors_info=&#8220;{}&#8220;][\/et_pb_image][\/et_pb_column][et_pb_column type=&#8220;1_2&#8243; _builder_version=&#8220;4.16&#8243; custom_padding=&#8220;|||&#8220; global_colors_info=&#8220;{}&#8220; custom_padding__hover=&#8220;|||&#8220;][et_pb_text admin_label=&#8220;Bridesmaids&#8220; _builder_version=&#8220;4.27.6&#8243; text_text_color=&#8220;#2e353d&#8220; header_text_color=&#8220;#2e353d&#8220; background_size=&#8220;initial&#8220; background_position=&#8220;top_left&#8220; background_repeat=&#8220;repeat&#8220; text_orientation=&#8220;center&#8220; module_alignment=&#8220;center&#8220; hover_enabled=&#8220;0&#8243; global_colors_info=&#8220;{}&#8220; sticky_enabled=&#8220;0&#8243;]<\/p>\n<h1 style=\"text-align: center;\">Geburtsvorbereitung<\/h1>\n<hr \/>\n<p style=\"text-align: left;\"><span>Von \u201einnen nach au\u00dfen\u201c bereiten wir Deine selbstbestimmte Geburt vor. Ganz nach Deinen W\u00fcnschen und Bed\u00fcrfnissen. Die Themen k\u00f6nnen sein:<\/span><br \/><span>1. Die Geburt als Prozess \u2013 physisch und psychisch<\/span><br \/><span>2. Der K\u00f6rper<\/span><br \/><span>3. Das Setting<\/span><br \/><span>4. Der Partner\/In<\/span><br \/><span>5. Das Wochenbett<\/span><br \/><span>6. Dein Raum<\/span><\/p>\n<p style=\"text-align: left;\"><span><\/span><span>Positive Geburtseinstimmung, praktische K\u00f6rper\u00fcbungen aus den Bereichen <\/span><span>Yoga, Achtsamkeit, Meditation und Rebozo werden kombiniert mit dem Wissen der Geburtshilfe. Mit \u00dcbungen, die Deinen Fokus und Dein K\u00f6rperbewusstsein sch\u00e4rfen, erarbeiten wir Deine <\/span><span>selbstbestimmte <\/span><span>Geburt. In Wellen gehen wir vor, wie bei der Geburt.\u00a0<br \/><\/span><\/p>\n<p style=\"text-align: left;\">Lass Dich inspirieren und lass uns gemeinsam auf Deine Geburtsreise gehen. Ich freue mich auf Dich!<\/p>\n<p style=\"text-align: left;\"><span><\/span><\/p>\n<p style=\"text-align: left;\"><span><\/span><\/p>\n<p style=\"text-align: left;\"><span><\/span><\/p>\n<p style=\"text-align: left;\"><span><\/span><\/p>\n<p style=\"text-align: left;\"><span><\/span><\/p>\n<p style=\"text-align: left;\"><span><\/span><\/p>\n<p style=\"text-align: left;\"><span><\/span><\/p>\n<p style=\"text-align: left;\"><span><\/span><\/p>\n<p style=\"text-align: left;\"><span><\/span><\/p>\n<p style=\"text-align: left;\">[\/et_pb_text][et_pb_button button_url=&#8220;https:\/\/karima-atwan.com\/kontakt\/&#8220; url_new_window=&#8220;on&#8220; button_text=&#8220;Jetzt buchen&#8220; _builder_version=&#8220;4.27.4&#8243; _module_preset=&#8220;default&#8220; custom_button=&#8220;on&#8220; button_text_size=&#8220;24px&#8220; button_text_color=&#8220;#FFFFFF&#8220; button_bg_color=&#8220;#F0B800&#8243; button_border_width=&#8220;0px&#8220; button_border_radius=&#8220;44px&#8220; button_use_icon=&#8220;off&#8220; background_layout=&#8220;dark&#8220; global_colors_info=&#8220;{}&#8220;][\/et_pb_button][\/et_pb_column][\/et_pb_row][et_pb_row column_structure=&#8220;1_2,1_4,1_4&#8243; _builder_version=&#8220;4.16&#8243; background_size=&#8220;initial&#8220; background_position=&#8220;top_left&#8220; background_repeat=&#8220;repeat&#8220; global_colors_info=&#8220;{}&#8220;][et_pb_column type=&#8220;1_2&#8243; _builder_version=&#8220;4.16&#8243; custom_padding=&#8220;|||&#8220; global_colors_info=&#8220;{}&#8220; custom_padding__hover=&#8220;|||&#8220;][et_pb_text _builder_version=&#8220;4.27.4&#8243; global_colors_info=&#8220;{}&#8220;]<\/p>\n<p style=\"text-align: right;\"><strong>Was Dich noch interessieren k\u00f6nnte:<\/strong><\/p>\n<p>[\/et_pb_text][\/et_pb_column][et_pb_column type=&#8220;1_4&#8243; _builder_version=&#8220;4.16&#8243; custom_padding=&#8220;|||&#8220; global_colors_info=&#8220;{}&#8220; custom_padding__hover=&#8220;|||&#8220;][et_pb_text _builder_version=&#8220;4.27.4&#8243; global_colors_info=&#8220;{}&#8220;]<\/p>\n<p style=\"text-align: left;\">Buche Dir Dein unvergessliches Erlebnis!<br \/><strong><a href=\"https:\/\/karima-atwan.com\/rituale-und-zeremonien\/\">Blessingway<\/a><\/strong><\/p>\n<p>[\/et_pb_text][\/et_pb_column][et_pb_column type=&#8220;1_4&#8243; _builder_version=&#8220;4.16&#8243; custom_padding=&#8220;|||&#8220; global_colors_info=&#8220;{}&#8220; custom_padding__hover=&#8220;|||&#8220;][et_pb_text _builder_version=&#8220;4.27.4&#8243; global_colors_info=&#8220;{}&#8220;]<\/p>\n<p>Du m\u00f6chtest Dich auf Deinen kleinen Erdling vorbereiten?<\/p>\n<p><strong><a href=\"https:\/\/karima-atwan.com\/vorbereitung-auf-die-elternschaft\/\">Nat\u00fcrliche Elternschaft<\/a><\/strong><\/p>\n<p>[\/et_pb_text][\/et_pb_column][\/et_pb_row][\/et_pb_section][et_pb_section fb_built=&#8220;1&#8243; module_id=&#8220;contact&#8220; module_class=&#8220;jc-background&#8220; _builder_version=&#8220;3.18.2&#8243; background_color=&#8220;#60170f&#8220; global_module=&#8220;1677&#8243; global_colors_info=&#8220;{}&#8220;][et_pb_row column_structure=&#8220;1_3,2_3&#8243; _builder_version=&#8220;4.16&#8243; background_size=&#8220;initial&#8220; background_position=&#8220;top_left&#8220; background_repeat=&#8220;repeat&#8220; global_colors_info=&#8220;{}&#8220;][et_pb_column type=&#8220;1_3&#8243; _builder_version=&#8220;4.16&#8243; custom_padding=&#8220;|||&#8220; global_colors_info=&#8220;{}&#8220; custom_padding__hover=&#8220;|||&#8220;][et_pb_text admin_label=&#8220;Contact Us Text&#8220; _builder_version=&#8220;4.16&#8243; background_size=&#8220;initial&#8220; background_position=&#8220;top_left&#8220; background_repeat=&#8220;repeat&#8220; background_layout=&#8220;dark&#8220; module_alignment=&#8220;left&#8220; global_colors_info=&#8220;{}&#8220;]<\/p>\n<h1>Kontakt<\/h1>\n<hr \/>\n<p><strong>Karima Atwan<\/strong><br \/>\nDoula, Coachin und<br \/>\nFachberaterin f\u00fcr Psychotraumatologie<\/p>\n<p><span style=\"color: #ffffff;\"><a style=\"color: #ffffff;\">info@karima-atwan.de<\/a><\/span><\/p>\n<p>Telefon: +598 995 185 86<\/p>\n<p>[\/et_pb_text][et_pb_divider color=&#8220;#ffffff&#8220; disabled_on=&#8220;off&#8220; _builder_version=&#8220;4.16&#8243; hide_on_mobile=&#8220;off&#8220; global_colors_info=&#8220;{}&#8220;][\/et_pb_divider][\/et_pb_column][et_pb_column type=&#8220;2_3&#8243; _builder_version=&#8220;4.16&#8243; custom_padding=&#8220;|||&#8220; global_colors_info=&#8220;{}&#8220; custom_padding__hover=&#8220;|||&#8220;][et_pb_contact_form captcha=&#8220;off&#8220; module_id=&#8220;et_pb_contact_form_0&#8243; module_class=&#8220;jc-contact-form&#8220; _builder_version=&#8220;4.16&#8243; _unique_id=&#8220;e0eda9f5-0333-4b19-8b79-ab46f20ae044&#8243; custom_button=&#8220;on&#8220; button_bg_color=&#8220;#c1b2a7&#8243; button_font=&#8220;||||||||&#8220; custom_css_captcha_label=&#8220;color: #ffffff;&#8220; global_colors_info=&#8220;{}&#8220;][et_pb_contact_field field_id=&#8220;Name&#8220; field_title=&#8220;Name&#8220; _builder_version=&#8220;4.16&#8243; global_colors_info=&#8220;{}&#8220; button_text_size__hover_enabled=&#8220;off&#8220; button_one_text_size__hover_enabled=&#8220;off&#8220; button_two_text_size__hover_enabled=&#8220;off&#8220; button_text_color__hover_enabled=&#8220;off&#8220; button_one_text_color__hover_enabled=&#8220;off&#8220; button_two_text_color__hover_enabled=&#8220;off&#8220; button_border_width__hover_enabled=&#8220;off&#8220; button_one_border_width__hover_enabled=&#8220;off&#8220; button_two_border_width__hover_enabled=&#8220;off&#8220; button_border_color__hover_enabled=&#8220;off&#8220; button_one_border_color__hover_enabled=&#8220;off&#8220; button_two_border_color__hover_enabled=&#8220;off&#8220; button_border_radius__hover_enabled=&#8220;off&#8220; button_one_border_radius__hover_enabled=&#8220;off&#8220; button_two_border_radius__hover_enabled=&#8220;off&#8220; button_letter_spacing__hover_enabled=&#8220;off&#8220; button_one_letter_spacing__hover_enabled=&#8220;off&#8220; button_two_letter_spacing__hover_enabled=&#8220;off&#8220; button_bg_color__hover_enabled=&#8220;off&#8220; button_one_bg_color__hover_enabled=&#8220;off&#8220; button_two_bg_color__hover_enabled=&#8220;off&#8220;][\/et_pb_contact_field][et_pb_contact_field field_id=&#8220;Email&#8220; field_title=&#8220;Email Adresse&#8220; field_type=&#8220;email&#8220; fullwidth_field=&#8220;on&#8220; _builder_version=&#8220;4.16&#8243; form_field_font=&#8220;||||&#8220; use_border_color=&#8220;off&#8220; global_colors_info=&#8220;{}&#8220; button_text_size__hover_enabled=&#8220;off&#8220; button_one_text_size__hover_enabled=&#8220;off&#8220; button_two_text_size__hover_enabled=&#8220;off&#8220; button_text_color__hover_enabled=&#8220;off&#8220; button_one_text_color__hover_enabled=&#8220;off&#8220; button_two_text_color__hover_enabled=&#8220;off&#8220; button_border_width__hover_enabled=&#8220;off&#8220; button_one_border_width__hover_enabled=&#8220;off&#8220; button_two_border_width__hover_enabled=&#8220;off&#8220; button_border_color__hover_enabled=&#8220;off&#8220; button_one_border_color__hover_enabled=&#8220;off&#8220; button_two_border_color__hover_enabled=&#8220;off&#8220; button_border_radius__hover_enabled=&#8220;off&#8220; button_one_border_radius__hover_enabled=&#8220;off&#8220; button_two_border_radius__hover_enabled=&#8220;off&#8220; button_letter_spacing__hover_enabled=&#8220;off&#8220; button_one_letter_spacing__hover_enabled=&#8220;off&#8220; button_two_letter_spacing__hover_enabled=&#8220;off&#8220; button_bg_color__hover_enabled=&#8220;off&#8220; button_one_bg_color__hover_enabled=&#8220;off&#8220; button_two_bg_color__hover_enabled=&#8220;off&#8220;][\/et_pb_contact_field][et_pb_contact_field field_id=&#8220;Message&#8220; field_title=&#8220;Deine Nachricht an mich&#8220; field_type=&#8220;text&#8220; fullwidth_field=&#8220;on&#8220; _builder_version=&#8220;4.16&#8243; global_colors_info=&#8220;{}&#8220; button_text_size__hover_enabled=&#8220;off&#8220; button_one_text_size__hover_enabled=&#8220;off&#8220; button_two_text_size__hover_enabled=&#8220;off&#8220; button_text_color__hover_enabled=&#8220;off&#8220; button_one_text_color__hover_enabled=&#8220;off&#8220; button_two_text_color__hover_enabled=&#8220;off&#8220; button_border_width__hover_enabled=&#8220;off&#8220; button_one_border_width__hover_enabled=&#8220;off&#8220; button_two_border_width__hover_enabled=&#8220;off&#8220; button_border_color__hover_enabled=&#8220;off&#8220; button_one_border_color__hover_enabled=&#8220;off&#8220; button_two_border_color__hover_enabled=&#8220;off&#8220; button_border_radius__hover_enabled=&#8220;off&#8220; button_one_border_radius__hover_enabled=&#8220;off&#8220; button_two_border_radius__hover_enabled=&#8220;off&#8220; button_letter_spacing__hover_enabled=&#8220;off&#8220; button_one_letter_spacing__hover_enabled=&#8220;off&#8220; button_two_letter_spacing__hover_enabled=&#8220;off&#8220; button_bg_color__hover_enabled=&#8220;off&#8220; button_one_bg_color__hover_enabled=&#8220;off&#8220; button_two_bg_color__hover_enabled=&#8220;off&#8220;][\/et_pb_contact_field][\/et_pb_contact_form][\/et_pb_column][\/et_pb_row][\/et_pb_section]<\/p>\n","protected":false},"excerpt":{"rendered":"<p>Geburtsvorbereitung Was passiert in meine K\u00f6rper unter der Geburt? Was beeinflusst meine Geburt? Welche M\u00f6glichkeiten habe ich, meinen K\u00f6rper darauf vorzubereiten? Wie kann ich mich optimal vorbereiten? Wie kann ich meine Geburt positiv beeinflussen? Wie kann ich mit meinem Baby Kontakt aufnehmen und in Verbindung bleiben? Geburtsvorbereitung ist f\u00fchlen, erleben, Vorfreude, Austausch, Fragen, lachen, \u00fcben, [&hellip;]<\/p>\n","protected":false},"author":3,"featured_media":0,"parent":0,"menu_order":0,"comment_status":"closed","ping_status":"closed","template":"","meta":{"_et_pb_use_builder":"on","_et_pb_old_content":"","_et_gb_content_width":"","footnotes":""},"class_list":["post-4178","page","type-page","status-publish","hentry"],"yoast_head":"<!-- This site is optimized with the Yoast SEO plugin v27.3 - https:\/\/yoast.com\/product\/yoast-seo-wordpress\/ -->\n<title>Geburtsvorbereitung ausf\u00fchrlich - Karima Atwan<\/title>\n<meta name=\"robots\" content=\"index, follow, max-snippet:-1, max-image-preview:large, max-video-preview:-1\" \/>\n<link rel=\"canonical\" href=\"https:\/\/karima-atwan.com\/en\/geburtsvorbereitung-2\/\" \/>\n<meta property=\"og:locale\" content=\"en_US\" \/>\n<meta property=\"og:type\" content=\"article\" \/>\n<meta property=\"og:title\" content=\"Geburtsvorbereitung ausf\u00fchrlich - Karima Atwan\" \/>\n<meta property=\"og:description\" content=\"Geburtsvorbereitung Was passiert in meine K\u00f6rper unter der Geburt? Was beeinflusst meine Geburt? Welche M\u00f6glichkeiten habe ich, meinen K\u00f6rper darauf vorzubereiten? Wie kann ich mich optimal vorbereiten? Wie kann ich meine Geburt positiv beeinflussen? Wie kann ich mit meinem Baby Kontakt aufnehmen und in Verbindung bleiben? Geburtsvorbereitung ist f\u00fchlen, erleben, Vorfreude, Austausch, Fragen, lachen, \u00fcben, [&hellip;]\" \/>\n<meta property=\"og:url\" content=\"https:\/\/karima-atwan.com\/en\/geburtsvorbereitung-2\/\" \/>\n<meta property=\"og:site_name\" content=\"Karima Atwan\" \/>\n<meta property=\"article:publisher\" content=\"https:\/\/www.facebook.com\/profile.php?id=100064656013770\" \/>\n<meta property=\"article:modified_time\" content=\"2026-03-30T12:03:53+00:00\" \/>\n<meta name=\"twitter:card\" content=\"summary_large_image\" \/>\n<script type=\"application\/ld+json\" class=\"yoast-schema-graph\">{\"@context\":\"https:\\\/\\\/schema.org\",\"@graph\":[{\"@type\":\"WebPage\",\"@id\":\"https:\\\/\\\/karima-atwan.com\\\/geburtsvorbereitung-2\\\/\",\"url\":\"https:\\\/\\\/karima-atwan.com\\\/geburtsvorbereitung-2\\\/\",\"name\":\"Geburtsvorbereitung ausf\u00fchrlich - Karima Atwan\",\"isPartOf\":{\"@id\":\"https:\\\/\\\/karima-atwan.com\\\/#website\"},\"datePublished\":\"2025-10-06T13:39:35+00:00\",\"dateModified\":\"2026-03-30T12:03:53+00:00\",\"breadcrumb\":{\"@id\":\"https:\\\/\\\/karima-atwan.com\\\/geburtsvorbereitung-2\\\/#breadcrumb\"},\"inLanguage\":\"en-US\",\"potentialAction\":[{\"@type\":\"ReadAction\",\"target\":[\"https:\\\/\\\/karima-atwan.com\\\/geburtsvorbereitung-2\\\/\"]}]},{\"@type\":\"BreadcrumbList\",\"@id\":\"https:\\\/\\\/karima-atwan.com\\\/geburtsvorbereitung-2\\\/#breadcrumb\",\"itemListElement\":[{\"@type\":\"ListItem\",\"position\":1,\"name\":\"Startseite\",\"item\":\"https:\\\/\\\/karima-atwan.com\\\/\"},{\"@type\":\"ListItem\",\"position\":2,\"name\":\"Geburtsvorbereitung ausf\u00fchrlich\"}]},{\"@type\":\"WebSite\",\"@id\":\"https:\\\/\\\/karima-atwan.com\\\/#website\",\"url\":\"https:\\\/\\\/karima-atwan.com\\\/\",\"name\":\"Karima Atwan\",\"description\":\"Doula Geburtsbegleitung &amp; artgerecht\u00ae Coaching\",\"publisher\":{\"@id\":\"https:\\\/\\\/karima-atwan.com\\\/#organization\"},\"potentialAction\":[{\"@type\":\"SearchAction\",\"target\":{\"@type\":\"EntryPoint\",\"urlTemplate\":\"https:\\\/\\\/karima-atwan.com\\\/?s={search_term_string}\"},\"query-input\":{\"@type\":\"PropertyValueSpecification\",\"valueRequired\":true,\"valueName\":\"search_term_string\"}}],\"inLanguage\":\"en-US\"},{\"@type\":\"Organization\",\"@id\":\"https:\\\/\\\/karima-atwan.com\\\/#organization\",\"name\":\"Karima Atwan\",\"url\":\"https:\\\/\\\/karima-atwan.com\\\/\",\"logo\":{\"@type\":\"ImageObject\",\"inLanguage\":\"en-US\",\"@id\":\"https:\\\/\\\/karima-atwan.com\\\/#\\\/schema\\\/logo\\\/image\\\/\",\"url\":\"https:\\\/\\\/karima-atwan.com\\\/wp-content\\\/uploads\\\/Logo_End_ohne.jpg\",\"contentUrl\":\"https:\\\/\\\/karima-atwan.com\\\/wp-content\\\/uploads\\\/Logo_End_ohne.jpg\",\"width\":991,\"height\":550,\"caption\":\"Karima Atwan\"},\"image\":{\"@id\":\"https:\\\/\\\/karima-atwan.com\\\/#\\\/schema\\\/logo\\\/image\\\/\"},\"sameAs\":[\"https:\\\/\\\/www.facebook.com\\\/profile.php?id=100064656013770\",\"https:\\\/\\\/www.instagram.com\\\/schwanger_geburt_trauma\\\/\"]}]}<\/script>\n<!-- \/ Yoast SEO plugin. -->","yoast_head_json":{"title":"Geburtsvorbereitung ausf\u00fchrlich - Karima Atwan","robots":{"index":"index","follow":"follow","max-snippet":"max-snippet:-1","max-image-preview":"max-image-preview:large","max-video-preview":"max-video-preview:-1"},"canonical":"https:\/\/karima-atwan.com\/en\/geburtsvorbereitung-2\/","og_locale":"en_US","og_type":"article","og_title":"Geburtsvorbereitung ausf\u00fchrlich - Karima Atwan","og_description":"Geburtsvorbereitung Was passiert in meine K\u00f6rper unter der Geburt? Was beeinflusst meine Geburt? Welche M\u00f6glichkeiten habe ich, meinen K\u00f6rper darauf vorzubereiten? Wie kann ich mich optimal vorbereiten? Wie kann ich meine Geburt positiv beeinflussen? Wie kann ich mit meinem Baby Kontakt aufnehmen und in Verbindung bleiben? Geburtsvorbereitung ist f\u00fchlen, erleben, Vorfreude, Austausch, Fragen, lachen, \u00fcben, [&hellip;]","og_url":"https:\/\/karima-atwan.com\/en\/geburtsvorbereitung-2\/","og_site_name":"Karima Atwan","article_publisher":"https:\/\/www.facebook.com\/profile.php?id=100064656013770","article_modified_time":"2026-03-30T12:03:53+00:00","twitter_card":"summary_large_image","schema":{"@context":"https:\/\/schema.org","@graph":[{"@type":"WebPage","@id":"https:\/\/karima-atwan.com\/geburtsvorbereitung-2\/","url":"https:\/\/karima-atwan.com\/geburtsvorbereitung-2\/","name":"Geburtsvorbereitung ausf\u00fchrlich - Karima Atwan","isPartOf":{"@id":"https:\/\/karima-atwan.com\/#website"},"datePublished":"2025-10-06T13:39:35+00:00","dateModified":"2026-03-30T12:03:53+00:00","breadcrumb":{"@id":"https:\/\/karima-atwan.com\/geburtsvorbereitung-2\/#breadcrumb"},"inLanguage":"en-US","potentialAction":[{"@type":"ReadAction","target":["https:\/\/karima-atwan.com\/geburtsvorbereitung-2\/"]}]},{"@type":"BreadcrumbList","@id":"https:\/\/karima-atwan.com\/geburtsvorbereitung-2\/#breadcrumb","itemListElement":[{"@type":"ListItem","position":1,"name":"Startseite","item":"https:\/\/karima-atwan.com\/"},{"@type":"ListItem","position":2,"name":"Geburtsvorbereitung ausf\u00fchrlich"}]},{"@type":"WebSite","@id":"https:\/\/karima-atwan.com\/#website","url":"https:\/\/karima-atwan.com\/","name":"Karima Atwan","description":"Doula Geburtsbegleitung &amp; artgerecht\u00ae Coaching","publisher":{"@id":"https:\/\/karima-atwan.com\/#organization"},"potentialAction":[{"@type":"SearchAction","target":{"@type":"EntryPoint","urlTemplate":"https:\/\/karima-atwan.com\/?s={search_term_string}"},"query-input":{"@type":"PropertyValueSpecification","valueRequired":true,"valueName":"search_term_string"}}],"inLanguage":"en-US"},{"@type":"Organization","@id":"https:\/\/karima-atwan.com\/#organization","name":"Karima Atwan","url":"https:\/\/karima-atwan.com\/","logo":{"@type":"ImageObject","inLanguage":"en-US","@id":"https:\/\/karima-atwan.com\/#\/schema\/logo\/image\/","url":"https:\/\/karima-atwan.com\/wp-content\/uploads\/Logo_End_ohne.jpg","contentUrl":"https:\/\/karima-atwan.com\/wp-content\/uploads\/Logo_End_ohne.jpg","width":991,"height":550,"caption":"Karima Atwan"},"image":{"@id":"https:\/\/karima-atwan.com\/#\/schema\/logo\/image\/"},"sameAs":["https:\/\/www.facebook.com\/profile.php?id=100064656013770","https:\/\/www.instagram.com\/schwanger_geburt_trauma\/"]}]}},"_links":{"self":[{"href":"https:\/\/karima-atwan.com\/en\/wp-json\/wp\/v2\/pages\/4178","targetHints":{"allow":["GET"]}}],"collection":[{"href":"https:\/\/karima-atwan.com\/en\/wp-json\/wp\/v2\/pages"}],"about":[{"href":"https:\/\/karima-atwan.com\/en\/wp-json\/wp\/v2\/types\/page"}],"author":[{"embeddable":true,"href":"https:\/\/karima-atwan.com\/en\/wp-json\/wp\/v2\/users\/3"}],"replies":[{"embeddable":true,"href":"https:\/\/karima-atwan.com\/en\/wp-json\/wp\/v2\/comments?post=4178"}],"version-history":[{"count":24,"href":"https:\/\/karima-atwan.com\/en\/wp-json\/wp\/v2\/pages\/4178\/revisions"}],"predecessor-version":[{"id":4513,"href":"https:\/\/karima-atwan.com\/en\/wp-json\/wp\/v2\/pages\/4178\/revisions\/4513"}],"wp:attachment":[{"href":"https:\/\/karima-atwan.com\/en\/wp-json\/wp\/v2\/media?parent=4178"}],"curies":[{"name":"wp","href":"https:\/\/api.w.org\/{rel}","templated":true}]}}