{"id":3691,"date":"2024-05-18T04:36:28","date_gmt":"2024-05-18T02:36:28","guid":{"rendered":"https:\/\/karima-atwan.com\/?page_id=3691"},"modified":"2024-05-18T05:12:07","modified_gmt":"2024-05-18T03:12:07","slug":"bewaeltigung-belastender-geburtserlebnisse","status":"publish","type":"page","link":"https:\/\/karima-atwan.com\/en\/bewaeltigung-belastender-geburtserlebnisse\/","title":{"rendered":"Bew\u00e4ltigung belastender Geburtserlebnisse"},"content":{"rendered":"<p>[et_pb_section fb_built=&#8220;1&#8243; _builder_version=&#8220;4.16&#8243; global_colors_info=&#8220;{}&#8220;][et_pb_row column_structure=&#8220;1_2,1_2&#8243; _builder_version=&#8220;4.16&#8243; background_size=&#8220;initial&#8220; background_position=&#8220;top_left&#8220; background_repeat=&#8220;repeat&#8220; global_colors_info=&#8220;{}&#8220;][et_pb_column type=&#8220;1_2&#8243; _builder_version=&#8220;4.16&#8243; custom_padding=&#8220;|||&#8220; global_colors_info=&#8220;{}&#8220; custom_padding__hover=&#8220;|||&#8220;][et_pb_image src=&#8220;https:\/\/karima-atwan.com\/wp-content\/uploads\/jurica-koletic-CfUyeAZOWIw-unsplash-scaled-e1715984667905.jpg&#8220; title_text=&#8220;jurica-koletic-CfUyeAZOWIw-unsplash&#8220; align_tablet=&#8220;center&#8220; align_phone=&#8220;center&#8220; align_last_edited=&#8220;on|desktop&#8220; _builder_version=&#8220;4.23.1&#8243; hover_enabled=&#8220;0&#8243; global_colors_info=&#8220;{}&#8220; sticky_enabled=&#8220;0&#8243;][\/et_pb_image][\/et_pb_column][et_pb_column type=&#8220;1_2&#8243; _builder_version=&#8220;4.16&#8243; custom_padding=&#8220;|||&#8220; global_colors_info=&#8220;{}&#8220; custom_padding__hover=&#8220;|||&#8220;][et_pb_text _builder_version=&#8220;4.23.1&#8243; global_colors_info=&#8220;{}&#8220;]<\/p>\n<h1 style=\"text-align: left;\">ONLINE-Vortrag<br \/>Bew\u00e4ltigung belastender Geburtserlebnisse &#8211; M\u00f6glichkeiten f\u00fcr Dich und Dein Baby<\/h1>\n<p style=\"margin-bottom: 0cm;\">Warum hat Geburt das Potential hat uns noch lange danach zu belasten? Was kannst Du f\u00fcr Dich tun? <\/p>\n<p style=\"margin-bottom: 0cm;\">Erfahre mehr \u00fcber diesen ermutigenden Vortrag.<\/p>\n<p><strong><span style=\"color: #993300;\">Dauer 90min \/ 5 \u20ac<\/span><\/strong><\/p>\n<p><em><\/em><span style=\"color: #993300;\">60 Minuten plus 30 Minuten Raum f\u00fcr Austausch und Fragen.<\/span><strong><span style=\"color: #993300;\"><br \/><\/span><\/strong><\/p>\n<p><span style=\"color: #993300;\">Deinen Zugangslink bekommst Du nach Deiner Anmeldung zugeschickt.<\/span><\/p>\n<p><strong><span style=\"color: #993300;\">\u00a0<\/span><\/strong><\/p>\n<p>[\/et_pb_text][et_pb_button button_url=&#8220;https:\/\/karima-atwan.com\/kontakt\/&#8220; url_new_window=&#8220;on&#8220; button_text=&#8220;Erfahre mehr&#8220; _builder_version=&#8220;4.23.1&#8243; global_colors_info=&#8220;{}&#8220;][\/et_pb_button][\/et_pb_column][\/et_pb_row][\/et_pb_section][et_pb_section fb_built=&#8220;1&#8243; _builder_version=&#8220;4.16&#8243; global_colors_info=&#8220;{}&#8220;][et_pb_row column_structure=&#8220;1_2,1_4,1_4&#8243; _builder_version=&#8220;4.16&#8243; background_size=&#8220;initial&#8220; background_position=&#8220;top_left&#8220; background_repeat=&#8220;repeat&#8220; global_colors_info=&#8220;{}&#8220;][et_pb_column type=&#8220;1_2&#8243; _builder_version=&#8220;4.16&#8243; custom_padding=&#8220;|||&#8220; global_colors_info=&#8220;{}&#8220; custom_padding__hover=&#8220;|||&#8220;][et_pb_text _builder_version=&#8220;4.16&#8243; global_colors_info=&#8220;{}&#8220;]<\/p>\n<p style=\"text-align: right;\"><strong>Was k\u00f6nnte noch hilfreich f\u00fcr Dich sein:<\/strong><\/p>\n<p>[\/et_pb_text][\/et_pb_column][et_pb_column type=&#8220;1_4&#8243; _builder_version=&#8220;4.16&#8243; custom_padding=&#8220;|||&#8220; global_colors_info=&#8220;{}&#8220; custom_padding__hover=&#8220;|||&#8220;][et_pb_text _builder_version=&#8220;4.16&#8243; global_colors_info=&#8220;{}&#8220;]<\/p>\n<p>Deine Geburt ist noch nicht lange her?<br \/>Vielleicht ist das etwas f\u00fcr Dich:<br \/><a href=\"https:\/\/karima-atwan.com\/geburtsgespraech\/\">Geburtsgespr\u00e4ch<\/a><\/p>\n<p>[\/et_pb_text][\/et_pb_column][et_pb_column type=&#8220;1_4&#8243; _builder_version=&#8220;4.16&#8243; custom_padding=&#8220;|||&#8220; global_colors_info=&#8220;{}&#8220; custom_padding__hover=&#8220;|||&#8220;][et_pb_text _builder_version=&#8220;4.16&#8243; global_colors_info=&#8220;{}&#8220;]<\/p>\n<p>Deine Geburts besch\u00e4ftigt Dich noch?<br \/>Vielleicht w\u00e4re das noch etwas f\u00fcr Dich:<br \/><a href=\"https:\/\/karima-atwan.com\/fachberaterin\/\">psychotraumatisches Fachgespr\u00e4ch<\/a><\/p>\n<p>[\/et_pb_text][\/et_pb_column][\/et_pb_row][\/et_pb_section][et_pb_section fb_built=&#8220;1&#8243; module_id=&#8220;contact&#8220; module_class=&#8220;jc-background&#8220; _builder_version=&#8220;3.18.2&#8243; background_color=&#8220;#60170f&#8220; global_module=&#8220;1677&#8243; global_colors_info=&#8220;{}&#8220;][et_pb_row column_structure=&#8220;1_3,2_3&#8243; _builder_version=&#8220;4.16&#8243; background_size=&#8220;initial&#8220; background_position=&#8220;top_left&#8220; background_repeat=&#8220;repeat&#8220; global_colors_info=&#8220;{}&#8220;][et_pb_column type=&#8220;1_3&#8243; _builder_version=&#8220;4.16&#8243; custom_padding=&#8220;|||&#8220; global_colors_info=&#8220;{}&#8220; custom_padding__hover=&#8220;|||&#8220;][et_pb_text admin_label=&#8220;Contact Us Text&#8220; _builder_version=&#8220;4.16&#8243; background_size=&#8220;initial&#8220; background_position=&#8220;top_left&#8220; background_repeat=&#8220;repeat&#8220; background_layout=&#8220;dark&#8220; module_alignment=&#8220;left&#8220; global_colors_info=&#8220;{}&#8220;]<\/p>\n<h1>Kontakt<\/h1>\n<hr \/>\n<p><strong>Karima Atwan<\/strong><br \/>\nDoula, Coachin und<br \/>\nFachberaterin f\u00fcr Psychotraumatologie<\/p>\n<p><span style=\"color: #ffffff;\"><a style=\"color: #ffffff;\">info@karima-atwan.de<\/a><\/span><\/p>\n<p>Telefon: +598 995 185 86<\/p>\n<p>[\/et_pb_text][et_pb_divider color=&#8220;#ffffff&#8220; disabled_on=&#8220;off&#8220; _builder_version=&#8220;4.16&#8243; hide_on_mobile=&#8220;off&#8220; global_colors_info=&#8220;{}&#8220;][\/et_pb_divider][\/et_pb_column][et_pb_column type=&#8220;2_3&#8243; _builder_version=&#8220;4.16&#8243; custom_padding=&#8220;|||&#8220; global_colors_info=&#8220;{}&#8220; custom_padding__hover=&#8220;|||&#8220;][et_pb_contact_form captcha=&#8220;off&#8220; module_id=&#8220;et_pb_contact_form_0&#8243; module_class=&#8220;jc-contact-form&#8220; _builder_version=&#8220;4.16&#8243; _unique_id=&#8220;e0eda9f5-0333-4b19-8b79-ab46f20ae044&#8243; custom_button=&#8220;on&#8220; button_bg_color=&#8220;#c1b2a7&#8243; button_font=&#8220;||||||||&#8220; custom_css_captcha_label=&#8220;color: #ffffff;&#8220; global_colors_info=&#8220;{}&#8220;][et_pb_contact_field field_id=&#8220;Name&#8220; field_title=&#8220;Name&#8220; _builder_version=&#8220;4.16&#8243; global_colors_info=&#8220;{}&#8220; button_text_size__hover_enabled=&#8220;off&#8220; button_one_text_size__hover_enabled=&#8220;off&#8220; button_two_text_size__hover_enabled=&#8220;off&#8220; button_text_color__hover_enabled=&#8220;off&#8220; button_one_text_color__hover_enabled=&#8220;off&#8220; button_two_text_color__hover_enabled=&#8220;off&#8220; button_border_width__hover_enabled=&#8220;off&#8220; button_one_border_width__hover_enabled=&#8220;off&#8220; button_two_border_width__hover_enabled=&#8220;off&#8220; button_border_color__hover_enabled=&#8220;off&#8220; button_one_border_color__hover_enabled=&#8220;off&#8220; button_two_border_color__hover_enabled=&#8220;off&#8220; button_border_radius__hover_enabled=&#8220;off&#8220; button_one_border_radius__hover_enabled=&#8220;off&#8220; button_two_border_radius__hover_enabled=&#8220;off&#8220; button_letter_spacing__hover_enabled=&#8220;off&#8220; button_one_letter_spacing__hover_enabled=&#8220;off&#8220; button_two_letter_spacing__hover_enabled=&#8220;off&#8220; button_bg_color__hover_enabled=&#8220;off&#8220; button_one_bg_color__hover_enabled=&#8220;off&#8220; button_two_bg_color__hover_enabled=&#8220;off&#8220;][\/et_pb_contact_field][et_pb_contact_field field_id=&#8220;Email&#8220; field_title=&#8220;Email Adresse&#8220; field_type=&#8220;email&#8220; fullwidth_field=&#8220;on&#8220; _builder_version=&#8220;4.16&#8243; form_field_font=&#8220;||||&#8220; use_border_color=&#8220;off&#8220; global_colors_info=&#8220;{}&#8220; button_text_size__hover_enabled=&#8220;off&#8220; button_one_text_size__hover_enabled=&#8220;off&#8220; button_two_text_size__hover_enabled=&#8220;off&#8220; button_text_color__hover_enabled=&#8220;off&#8220; button_one_text_color__hover_enabled=&#8220;off&#8220; button_two_text_color__hover_enabled=&#8220;off&#8220; button_border_width__hover_enabled=&#8220;off&#8220; button_one_border_width__hover_enabled=&#8220;off&#8220; button_two_border_width__hover_enabled=&#8220;off&#8220; button_border_color__hover_enabled=&#8220;off&#8220; button_one_border_color__hover_enabled=&#8220;off&#8220; button_two_border_color__hover_enabled=&#8220;off&#8220; button_border_radius__hover_enabled=&#8220;off&#8220; button_one_border_radius__hover_enabled=&#8220;off&#8220; button_two_border_radius__hover_enabled=&#8220;off&#8220; button_letter_spacing__hover_enabled=&#8220;off&#8220; button_one_letter_spacing__hover_enabled=&#8220;off&#8220; button_two_letter_spacing__hover_enabled=&#8220;off&#8220; button_bg_color__hover_enabled=&#8220;off&#8220; button_one_bg_color__hover_enabled=&#8220;off&#8220; button_two_bg_color__hover_enabled=&#8220;off&#8220;][\/et_pb_contact_field][et_pb_contact_field field_id=&#8220;Message&#8220; field_title=&#8220;Deine Nachricht an mich&#8220; field_type=&#8220;text&#8220; fullwidth_field=&#8220;on&#8220; _builder_version=&#8220;4.16&#8243; global_colors_info=&#8220;{}&#8220; button_text_size__hover_enabled=&#8220;off&#8220; button_one_text_size__hover_enabled=&#8220;off&#8220; button_two_text_size__hover_enabled=&#8220;off&#8220; button_text_color__hover_enabled=&#8220;off&#8220; button_one_text_color__hover_enabled=&#8220;off&#8220; button_two_text_color__hover_enabled=&#8220;off&#8220; button_border_width__hover_enabled=&#8220;off&#8220; button_one_border_width__hover_enabled=&#8220;off&#8220; button_two_border_width__hover_enabled=&#8220;off&#8220; button_border_color__hover_enabled=&#8220;off&#8220; button_one_border_color__hover_enabled=&#8220;off&#8220; button_two_border_color__hover_enabled=&#8220;off&#8220; button_border_radius__hover_enabled=&#8220;off&#8220; button_one_border_radius__hover_enabled=&#8220;off&#8220; button_two_border_radius__hover_enabled=&#8220;off&#8220; button_letter_spacing__hover_enabled=&#8220;off&#8220; button_one_letter_spacing__hover_enabled=&#8220;off&#8220; button_two_letter_spacing__hover_enabled=&#8220;off&#8220; button_bg_color__hover_enabled=&#8220;off&#8220; button_one_bg_color__hover_enabled=&#8220;off&#8220; button_two_bg_color__hover_enabled=&#8220;off&#8220;][\/et_pb_contact_field][\/et_pb_contact_form][\/et_pb_column][\/et_pb_row][\/et_pb_section]<\/p>\n","protected":false},"excerpt":{"rendered":"<p>ONLINE-VortragBew\u00e4ltigung belastender Geburtserlebnisse &#8211; M\u00f6glichkeiten f\u00fcr Dich und Dein Baby Warum hat Geburt das Potential hat uns noch lange danach zu belasten? Was kannst Du f\u00fcr Dich tun? Erfahre mehr \u00fcber diesen ermutigenden Vortrag. Dauer 90min \/ 5 \u20ac 60 Minuten plus 30 Minuten Raum f\u00fcr Austausch und Fragen. Deinen Zugangslink bekommst Du nach Deiner [&hellip;]<\/p>\n","protected":false},"author":3,"featured_media":0,"parent":0,"menu_order":0,"comment_status":"closed","ping_status":"closed","template":"","meta":{"_et_pb_use_builder":"on","_et_pb_old_content":"","_et_gb_content_width":"","footnotes":""},"class_list":["post-3691","page","type-page","status-publish","hentry"],"yoast_head":"<!-- This site is optimized with the Yoast SEO plugin v27.3 - https:\/\/yoast.com\/product\/yoast-seo-wordpress\/ -->\n<title>Bew\u00e4ltigung belastender Geburtserlebnisse - Karima Atwan<\/title>\n<meta name=\"robots\" content=\"index, follow, max-snippet:-1, max-image-preview:large, max-video-preview:-1\" \/>\n<link rel=\"canonical\" href=\"https:\/\/karima-atwan.com\/en\/bewaeltigung-belastender-geburtserlebnisse\/\" \/>\n<meta property=\"og:locale\" content=\"en_US\" \/>\n<meta property=\"og:type\" content=\"article\" \/>\n<meta property=\"og:title\" content=\"Bew\u00e4ltigung belastender Geburtserlebnisse - Karima Atwan\" \/>\n<meta property=\"og:description\" content=\"ONLINE-VortragBew\u00e4ltigung belastender Geburtserlebnisse - M\u00f6glichkeiten f\u00fcr Dich und Dein Baby Warum hat Geburt das Potential hat uns noch lange danach zu belasten? Was kannst Du f\u00fcr Dich tun? Erfahre mehr \u00fcber diesen ermutigenden Vortrag. Dauer 90min \/ 5 \u20ac 60 Minuten plus 30 Minuten Raum f\u00fcr Austausch und Fragen. Deinen Zugangslink bekommst Du nach Deiner [&hellip;]\" \/>\n<meta property=\"og:url\" content=\"https:\/\/karima-atwan.com\/en\/bewaeltigung-belastender-geburtserlebnisse\/\" \/>\n<meta property=\"og:site_name\" content=\"Karima Atwan\" \/>\n<meta property=\"article:publisher\" content=\"https:\/\/www.facebook.com\/profile.php?id=100064656013770\" \/>\n<meta property=\"article:modified_time\" content=\"2024-05-18T03:12:07+00:00\" \/>\n<meta name=\"twitter:card\" content=\"summary_large_image\" \/>\n<script type=\"application\/ld+json\" class=\"yoast-schema-graph\">{\"@context\":\"https:\\\/\\\/schema.org\",\"@graph\":[{\"@type\":\"WebPage\",\"@id\":\"https:\\\/\\\/karima-atwan.com\\\/bewaeltigung-belastender-geburtserlebnisse\\\/\",\"url\":\"https:\\\/\\\/karima-atwan.com\\\/bewaeltigung-belastender-geburtserlebnisse\\\/\",\"name\":\"Bew\u00e4ltigung belastender Geburtserlebnisse - Karima Atwan\",\"isPartOf\":{\"@id\":\"https:\\\/\\\/karima-atwan.com\\\/#website\"},\"datePublished\":\"2024-05-18T02:36:28+00:00\",\"dateModified\":\"2024-05-18T03:12:07+00:00\",\"breadcrumb\":{\"@id\":\"https:\\\/\\\/karima-atwan.com\\\/bewaeltigung-belastender-geburtserlebnisse\\\/#breadcrumb\"},\"inLanguage\":\"en-US\",\"potentialAction\":[{\"@type\":\"ReadAction\",\"target\":[\"https:\\\/\\\/karima-atwan.com\\\/bewaeltigung-belastender-geburtserlebnisse\\\/\"]}]},{\"@type\":\"BreadcrumbList\",\"@id\":\"https:\\\/\\\/karima-atwan.com\\\/bewaeltigung-belastender-geburtserlebnisse\\\/#breadcrumb\",\"itemListElement\":[{\"@type\":\"ListItem\",\"position\":1,\"name\":\"Startseite\",\"item\":\"https:\\\/\\\/karima-atwan.com\\\/\"},{\"@type\":\"ListItem\",\"position\":2,\"name\":\"Bew\u00e4ltigung belastender Geburtserlebnisse\"}]},{\"@type\":\"WebSite\",\"@id\":\"https:\\\/\\\/karima-atwan.com\\\/#website\",\"url\":\"https:\\\/\\\/karima-atwan.com\\\/\",\"name\":\"Karima Atwan\",\"description\":\"Doula Geburtsbegleitung &amp; artgerecht\u00ae Coaching\",\"publisher\":{\"@id\":\"https:\\\/\\\/karima-atwan.com\\\/#organization\"},\"potentialAction\":[{\"@type\":\"SearchAction\",\"target\":{\"@type\":\"EntryPoint\",\"urlTemplate\":\"https:\\\/\\\/karima-atwan.com\\\/?s={search_term_string}\"},\"query-input\":{\"@type\":\"PropertyValueSpecification\",\"valueRequired\":true,\"valueName\":\"search_term_string\"}}],\"inLanguage\":\"en-US\"},{\"@type\":\"Organization\",\"@id\":\"https:\\\/\\\/karima-atwan.com\\\/#organization\",\"name\":\"Karima Atwan\",\"url\":\"https:\\\/\\\/karima-atwan.com\\\/\",\"logo\":{\"@type\":\"ImageObject\",\"inLanguage\":\"en-US\",\"@id\":\"https:\\\/\\\/karima-atwan.com\\\/#\\\/schema\\\/logo\\\/image\\\/\",\"url\":\"https:\\\/\\\/karima-atwan.com\\\/wp-content\\\/uploads\\\/Logo_End_ohne.jpg\",\"contentUrl\":\"https:\\\/\\\/karima-atwan.com\\\/wp-content\\\/uploads\\\/Logo_End_ohne.jpg\",\"width\":991,\"height\":550,\"caption\":\"Karima Atwan\"},\"image\":{\"@id\":\"https:\\\/\\\/karima-atwan.com\\\/#\\\/schema\\\/logo\\\/image\\\/\"},\"sameAs\":[\"https:\\\/\\\/www.facebook.com\\\/profile.php?id=100064656013770\",\"https:\\\/\\\/www.instagram.com\\\/schwanger_geburt_trauma\\\/\"]}]}<\/script>\n<!-- \/ Yoast SEO plugin. -->","yoast_head_json":{"title":"Bew\u00e4ltigung belastender Geburtserlebnisse - Karima Atwan","robots":{"index":"index","follow":"follow","max-snippet":"max-snippet:-1","max-image-preview":"max-image-preview:large","max-video-preview":"max-video-preview:-1"},"canonical":"https:\/\/karima-atwan.com\/en\/bewaeltigung-belastender-geburtserlebnisse\/","og_locale":"en_US","og_type":"article","og_title":"Bew\u00e4ltigung belastender Geburtserlebnisse - Karima Atwan","og_description":"ONLINE-VortragBew\u00e4ltigung belastender Geburtserlebnisse - M\u00f6glichkeiten f\u00fcr Dich und Dein Baby Warum hat Geburt das Potential hat uns noch lange danach zu belasten? Was kannst Du f\u00fcr Dich tun? Erfahre mehr \u00fcber diesen ermutigenden Vortrag. Dauer 90min \/ 5 \u20ac 60 Minuten plus 30 Minuten Raum f\u00fcr Austausch und Fragen. Deinen Zugangslink bekommst Du nach Deiner [&hellip;]","og_url":"https:\/\/karima-atwan.com\/en\/bewaeltigung-belastender-geburtserlebnisse\/","og_site_name":"Karima Atwan","article_publisher":"https:\/\/www.facebook.com\/profile.php?id=100064656013770","article_modified_time":"2024-05-18T03:12:07+00:00","twitter_card":"summary_large_image","schema":{"@context":"https:\/\/schema.org","@graph":[{"@type":"WebPage","@id":"https:\/\/karima-atwan.com\/bewaeltigung-belastender-geburtserlebnisse\/","url":"https:\/\/karima-atwan.com\/bewaeltigung-belastender-geburtserlebnisse\/","name":"Bew\u00e4ltigung belastender Geburtserlebnisse - Karima Atwan","isPartOf":{"@id":"https:\/\/karima-atwan.com\/#website"},"datePublished":"2024-05-18T02:36:28+00:00","dateModified":"2024-05-18T03:12:07+00:00","breadcrumb":{"@id":"https:\/\/karima-atwan.com\/bewaeltigung-belastender-geburtserlebnisse\/#breadcrumb"},"inLanguage":"en-US","potentialAction":[{"@type":"ReadAction","target":["https:\/\/karima-atwan.com\/bewaeltigung-belastender-geburtserlebnisse\/"]}]},{"@type":"BreadcrumbList","@id":"https:\/\/karima-atwan.com\/bewaeltigung-belastender-geburtserlebnisse\/#breadcrumb","itemListElement":[{"@type":"ListItem","position":1,"name":"Startseite","item":"https:\/\/karima-atwan.com\/"},{"@type":"ListItem","position":2,"name":"Bew\u00e4ltigung belastender Geburtserlebnisse"}]},{"@type":"WebSite","@id":"https:\/\/karima-atwan.com\/#website","url":"https:\/\/karima-atwan.com\/","name":"Karima Atwan","description":"Doula Geburtsbegleitung &amp; artgerecht\u00ae Coaching","publisher":{"@id":"https:\/\/karima-atwan.com\/#organization"},"potentialAction":[{"@type":"SearchAction","target":{"@type":"EntryPoint","urlTemplate":"https:\/\/karima-atwan.com\/?s={search_term_string}"},"query-input":{"@type":"PropertyValueSpecification","valueRequired":true,"valueName":"search_term_string"}}],"inLanguage":"en-US"},{"@type":"Organization","@id":"https:\/\/karima-atwan.com\/#organization","name":"Karima Atwan","url":"https:\/\/karima-atwan.com\/","logo":{"@type":"ImageObject","inLanguage":"en-US","@id":"https:\/\/karima-atwan.com\/#\/schema\/logo\/image\/","url":"https:\/\/karima-atwan.com\/wp-content\/uploads\/Logo_End_ohne.jpg","contentUrl":"https:\/\/karima-atwan.com\/wp-content\/uploads\/Logo_End_ohne.jpg","width":991,"height":550,"caption":"Karima Atwan"},"image":{"@id":"https:\/\/karima-atwan.com\/#\/schema\/logo\/image\/"},"sameAs":["https:\/\/www.facebook.com\/profile.php?id=100064656013770","https:\/\/www.instagram.com\/schwanger_geburt_trauma\/"]}]}},"_links":{"self":[{"href":"https:\/\/karima-atwan.com\/en\/wp-json\/wp\/v2\/pages\/3691","targetHints":{"allow":["GET"]}}],"collection":[{"href":"https:\/\/karima-atwan.com\/en\/wp-json\/wp\/v2\/pages"}],"about":[{"href":"https:\/\/karima-atwan.com\/en\/wp-json\/wp\/v2\/types\/page"}],"author":[{"embeddable":true,"href":"https:\/\/karima-atwan.com\/en\/wp-json\/wp\/v2\/users\/3"}],"replies":[{"embeddable":true,"href":"https:\/\/karima-atwan.com\/en\/wp-json\/wp\/v2\/comments?post=3691"}],"version-history":[{"count":3,"href":"https:\/\/karima-atwan.com\/en\/wp-json\/wp\/v2\/pages\/3691\/revisions"}],"predecessor-version":[{"id":3730,"href":"https:\/\/karima-atwan.com\/en\/wp-json\/wp\/v2\/pages\/3691\/revisions\/3730"}],"wp:attachment":[{"href":"https:\/\/karima-atwan.com\/en\/wp-json\/wp\/v2\/media?parent=3691"}],"curies":[{"name":"wp","href":"https:\/\/api.w.org\/{rel}","templated":true}]}}