{"id":2739,"date":"2023-06-27T18:53:03","date_gmt":"2023-06-27T16:53:03","guid":{"rendered":"https:\/\/karima-atwan.com\/?page_id=2739"},"modified":"2026-03-25T11:07:44","modified_gmt":"2026-03-25T10:07:44","slug":"personal-coaching","status":"publish","type":"page","link":"https:\/\/karima-atwan.com\/en\/personal-coaching\/","title":{"rendered":"Personal Coaching"},"content":{"rendered":"<p>[et_pb_section fb_built=&#8220;1&#8243; _builder_version=&#8220;4.16&#8243; locked=&#8220;off&#8220; global_colors_info=&#8220;{}&#8220;][et_pb_row column_structure=&#8220;1_3,2_3&#8243; _builder_version=&#8220;4.16&#8243; background_size=&#8220;initial&#8220; background_position=&#8220;top_left&#8220; background_repeat=&#8220;repeat&#8220; custom_padding=&#8220;||116px|||&#8220; global_colors_info=&#8220;{}&#8220;][et_pb_column type=&#8220;1_3&#8243; _builder_version=&#8220;4.16&#8243; custom_padding=&#8220;|||&#8220; global_colors_info=&#8220;{}&#8220; custom_padding__hover=&#8220;|||&#8220;][et_pb_image src=&#8220;https:\/\/karima-atwan.com\/wp-content\/uploads\/Himmel_Wolken_Sonne_bricht_rein-1-scaled.jpg&#8220; _builder_version=&#8220;4.27.6&#8243; _module_preset=&#8220;default&#8220; title_text=&#8220;Himmel_Wolken_Sonne_bricht_rein (1)&#8220; hover_enabled=&#8220;0&#8243; sticky_enabled=&#8220;0&#8243;][\/et_pb_image][et_pb_button button_url=&#8220;https:\/\/karima-atwan.com\/kontakt\/&#8220; url_new_window=&#8220;on&#8220; button_text=&#8220;Einzelsitzung 80 US$ &#8220; _builder_version=&#8220;4.27.4&#8243; _module_preset=&#8220;default&#8220; custom_button=&#8220;on&#8220; button_text_size=&#8220;24px&#8220; button_text_color=&#8220;#FFFFFF&#8220; button_bg_color=&#8220;#F0B800&#8243; button_border_width=&#8220;0px&#8220; button_border_radius=&#8220;44px&#8220; button_use_icon=&#8220;off&#8220; background_layout=&#8220;dark&#8220; global_colors_info=&#8220;{}&#8220; theme_builder_area=&#8220;post_content&#8220;][\/et_pb_button][et_pb_button button_url=&#8220;https:\/\/karima-atwan.com\/kontakt\/&#8220; url_new_window=&#8220;on&#8220; button_text=&#8220;3 er Paket f\u00fcr 180 US $&#8220; _builder_version=&#8220;4.27.4&#8243; _module_preset=&#8220;default&#8220; custom_button=&#8220;on&#8220; button_text_size=&#8220;24px&#8220; button_text_color=&#8220;#FFFFFF&#8220; button_bg_color=&#8220;#F0B800&#8243; button_border_width=&#8220;0px&#8220; button_border_radius=&#8220;44px&#8220; button_use_icon=&#8220;off&#8220; background_layout=&#8220;dark&#8220; global_colors_info=&#8220;{}&#8220; theme_builder_area=&#8220;post_content&#8220;][\/et_pb_button][et_pb_button button_url=&#8220;https:\/\/karima-atwan.com\/kontakt\/&#8220; url_new_window=&#8220;on&#8220; button_text=&#8220;5 er Paket f\u00fcr 320 US $&#8220; _builder_version=&#8220;4.27.6&#8243; _module_preset=&#8220;default&#8220; custom_button=&#8220;on&#8220; button_text_size=&#8220;24px&#8220; button_text_color=&#8220;#FFFFFF&#8220; button_bg_color=&#8220;#F0B800&#8243; button_border_width=&#8220;0px&#8220; button_border_radius=&#8220;44px&#8220; button_use_icon=&#8220;off&#8220; background_layout=&#8220;dark&#8220; hover_enabled=&#8220;0&#8243; global_colors_info=&#8220;{}&#8220; theme_builder_area=&#8220;post_content&#8220; sticky_enabled=&#8220;0&#8243;][\/et_pb_button][\/et_pb_column][et_pb_column type=&#8220;2_3&#8243; _builder_version=&#8220;4.16&#8243; custom_padding=&#8220;|||&#8220; global_colors_info=&#8220;{}&#8220; custom_padding__hover=&#8220;|||&#8220;][et_pb_text _builder_version=&#8220;4.23.1&#8243; width=&#8220;99.9%&#8220; min_height=&#8220;798.5px&#8220; custom_padding=&#8220;||0px|||&#8220; global_colors_info=&#8220;{}&#8220;]<\/p>\n<p>&nbsp;<\/p>\n<h1 style=\"text-align: center;\"><\/h1>\n<h1 style=\"text-align: center;\">Personal Coaching \/ Psychologische Beratung<\/h1>\n<hr \/>\n<p>Ein \u00dcberblick \u00fcber Deine Gesamtsituation kann viele Erkenntnisse bringen.<br \/>Meist sind 3-5 Sitzungen ausreichend um den dringenden Fragen auf den Grund zu gehen. Gemeinsam erarbeiten wir strukturiert und fokussiert an den L\u00f6sungstrategien um Dein individuelles Ziel zu erreichen.<br \/>Ich arbeite verfahrens\u00fcbergreifend. In unseren Sitzungen verwende ich verschiedenste \u00dcbungen und Techniken:<br \/>\u2022 Personal Coaching \u2022 Psychotraumatologie \u2022 Systemik\u00a0 \u2022 NLP \u2022 integrative Ans\u00e4tze<br \/>Jeder Mensch ist anders und so sollen es die Sitzungen sein. Ich nutze unterschiedliche Tools und schaue, was gut zu Dir passt und was gut funktioniert.<br \/>Zun\u00e4chst gehen wir dem &#8222;Problem&#8220; auf den Grund &#8211; je nachdem wie tief Du gehen m\u00f6chtest. Wir kl\u00e4ren Dein Ziel und erarbeiten gemeinsam L\u00f6sungsstrategien um es zu erreichen.<\/p>\n<h5>Wenn Du Dich hier angesprochen f\u00fchlst&#8230;<\/h5>\n<p>\u2022 Du Deine Situation \u00e4ndern m\u00f6chtest,<br \/>\u2022 Dich aktuell in einer schwierigen Lebenssituation befindest,<br \/>\u2022 es gerade weder vor noch zur\u00fcck geht,<br \/>\u2022 Du Dir einen neutralen Blick auf Deine Situation w\u00fcnschst,<br \/>\u2022 Du die Zusammenh\u00e4nge verstehen m\u00f6chtest,<br \/>\u2022 Du Deine Situation \u00e4ndern m\u00f6chtest,<br \/>\u2022 Du offen bist f\u00fcr Deine Entwicklung,<\/p>\n<h5>&#8230;dann bist Du hier genau richtig und solltest Dein kostenloses Vorgespr\u00e4ch jetzt buchen. <br \/>Ich freue mich auf Dich und Deine Geschichte. <strong><span style=\"font-family: Calibri, sans-serif;\"><span style=\"font-size: medium;\"><span style=\"font-weight: normal;\"><\/span><\/span><\/span><\/strong><\/h5>\n<p>&nbsp;<\/p>\n<p>[\/et_pb_text][et_pb_button button_url=&#8220;https:\/\/karima-atwan.com\/kontakt\/&#8220; url_new_window=&#8220;on&#8220; button_text=&#8220;Kostenloses Vorgespr\u00e4ch buchen&#8220; _builder_version=&#8220;4.27.6&#8243; _module_preset=&#8220;default&#8220; custom_button=&#8220;on&#8220; button_text_size=&#8220;24px&#8220; button_text_color=&#8220;#FFFFFF&#8220; button_bg_color=&#8220;#F0B800&#8243; button_border_width=&#8220;0px&#8220; button_border_radius=&#8220;44px&#8220; button_use_icon=&#8220;off&#8220; background_layout=&#8220;dark&#8220; hover_enabled=&#8220;0&#8243; global_colors_info=&#8220;{}&#8220; theme_builder_area=&#8220;post_content&#8220; sticky_enabled=&#8220;0&#8243;][\/et_pb_button][\/et_pb_column][\/et_pb_row][\/et_pb_section]<\/p>\n","protected":false},"excerpt":{"rendered":"<p>&nbsp; Personal Coaching \/ Psychologische Beratung Ein \u00dcberblick \u00fcber Deine Gesamtsituation kann viele Erkenntnisse bringen.Meist sind 3-5 Sitzungen ausreichend um den dringenden Fragen auf den Grund zu gehen. Gemeinsam erarbeiten wir strukturiert und fokussiert an den L\u00f6sungstrategien um Dein individuelles Ziel zu erreichen.Ich arbeite verfahrens\u00fcbergreifend. In unseren Sitzungen verwende ich verschiedenste \u00dcbungen und Techniken:\u2022 Personal [&hellip;]<\/p>\n","protected":false},"author":3,"featured_media":0,"parent":0,"menu_order":0,"comment_status":"closed","ping_status":"closed","template":"","meta":{"_et_pb_use_builder":"on","_et_pb_old_content":"","_et_gb_content_width":"","footnotes":""},"class_list":["post-2739","page","type-page","status-publish","hentry"],"yoast_head":"<!-- This site is optimized with the Yoast SEO plugin v27.3 - https:\/\/yoast.com\/product\/yoast-seo-wordpress\/ -->\n<title>Personal Coaching - Karima Atwan<\/title>\n<meta name=\"robots\" content=\"index, follow, max-snippet:-1, max-image-preview:large, max-video-preview:-1\" \/>\n<link rel=\"canonical\" href=\"https:\/\/karima-atwan.com\/en\/personal-coaching\/\" \/>\n<meta property=\"og:locale\" content=\"en_US\" \/>\n<meta property=\"og:type\" content=\"article\" \/>\n<meta property=\"og:title\" content=\"Personal Coaching - Karima Atwan\" \/>\n<meta property=\"og:description\" content=\"&nbsp; Personal Coaching \/ Psychologische Beratung Ein \u00dcberblick \u00fcber Deine Gesamtsituation kann viele Erkenntnisse bringen.Meist sind 3-5 Sitzungen ausreichend um den dringenden Fragen auf den Grund zu gehen. Gemeinsam erarbeiten wir strukturiert und fokussiert an den L\u00f6sungstrategien um Dein individuelles Ziel zu erreichen.Ich arbeite verfahrens\u00fcbergreifend. In unseren Sitzungen verwende ich verschiedenste \u00dcbungen und Techniken:\u2022 Personal [&hellip;]\" \/>\n<meta property=\"og:url\" content=\"https:\/\/karima-atwan.com\/en\/personal-coaching\/\" \/>\n<meta property=\"og:site_name\" content=\"Karima Atwan\" \/>\n<meta property=\"article:publisher\" content=\"https:\/\/www.facebook.com\/profile.php?id=100064656013770\" \/>\n<meta property=\"article:modified_time\" content=\"2026-03-25T10:07:44+00:00\" \/>\n<meta name=\"twitter:card\" content=\"summary_large_image\" \/>\n<script type=\"application\/ld+json\" class=\"yoast-schema-graph\">{\"@context\":\"https:\\\/\\\/schema.org\",\"@graph\":[{\"@type\":\"WebPage\",\"@id\":\"https:\\\/\\\/karima-atwan.com\\\/personal-coaching\\\/\",\"url\":\"https:\\\/\\\/karima-atwan.com\\\/personal-coaching\\\/\",\"name\":\"Personal Coaching - Karima Atwan\",\"isPartOf\":{\"@id\":\"https:\\\/\\\/karima-atwan.com\\\/#website\"},\"datePublished\":\"2023-06-27T16:53:03+00:00\",\"dateModified\":\"2026-03-25T10:07:44+00:00\",\"breadcrumb\":{\"@id\":\"https:\\\/\\\/karima-atwan.com\\\/personal-coaching\\\/#breadcrumb\"},\"inLanguage\":\"en-US\",\"potentialAction\":[{\"@type\":\"ReadAction\",\"target\":[\"https:\\\/\\\/karima-atwan.com\\\/personal-coaching\\\/\"]}]},{\"@type\":\"BreadcrumbList\",\"@id\":\"https:\\\/\\\/karima-atwan.com\\\/personal-coaching\\\/#breadcrumb\",\"itemListElement\":[{\"@type\":\"ListItem\",\"position\":1,\"name\":\"Startseite\",\"item\":\"https:\\\/\\\/karima-atwan.com\\\/\"},{\"@type\":\"ListItem\",\"position\":2,\"name\":\"Personal Coaching\"}]},{\"@type\":\"WebSite\",\"@id\":\"https:\\\/\\\/karima-atwan.com\\\/#website\",\"url\":\"https:\\\/\\\/karima-atwan.com\\\/\",\"name\":\"Karima Atwan\",\"description\":\"Doula Geburtsbegleitung &amp; artgerecht\u00ae Coaching\",\"publisher\":{\"@id\":\"https:\\\/\\\/karima-atwan.com\\\/#organization\"},\"potentialAction\":[{\"@type\":\"SearchAction\",\"target\":{\"@type\":\"EntryPoint\",\"urlTemplate\":\"https:\\\/\\\/karima-atwan.com\\\/?s={search_term_string}\"},\"query-input\":{\"@type\":\"PropertyValueSpecification\",\"valueRequired\":true,\"valueName\":\"search_term_string\"}}],\"inLanguage\":\"en-US\"},{\"@type\":\"Organization\",\"@id\":\"https:\\\/\\\/karima-atwan.com\\\/#organization\",\"name\":\"Karima Atwan\",\"url\":\"https:\\\/\\\/karima-atwan.com\\\/\",\"logo\":{\"@type\":\"ImageObject\",\"inLanguage\":\"en-US\",\"@id\":\"https:\\\/\\\/karima-atwan.com\\\/#\\\/schema\\\/logo\\\/image\\\/\",\"url\":\"https:\\\/\\\/karima-atwan.com\\\/wp-content\\\/uploads\\\/Logo_End_ohne.jpg\",\"contentUrl\":\"https:\\\/\\\/karima-atwan.com\\\/wp-content\\\/uploads\\\/Logo_End_ohne.jpg\",\"width\":991,\"height\":550,\"caption\":\"Karima Atwan\"},\"image\":{\"@id\":\"https:\\\/\\\/karima-atwan.com\\\/#\\\/schema\\\/logo\\\/image\\\/\"},\"sameAs\":[\"https:\\\/\\\/www.facebook.com\\\/profile.php?id=100064656013770\",\"https:\\\/\\\/www.instagram.com\\\/schwanger_geburt_trauma\\\/\"]}]}<\/script>\n<!-- \/ Yoast SEO plugin. -->","yoast_head_json":{"title":"Personal Coaching - Karima Atwan","robots":{"index":"index","follow":"follow","max-snippet":"max-snippet:-1","max-image-preview":"max-image-preview:large","max-video-preview":"max-video-preview:-1"},"canonical":"https:\/\/karima-atwan.com\/en\/personal-coaching\/","og_locale":"en_US","og_type":"article","og_title":"Personal Coaching - Karima Atwan","og_description":"&nbsp; Personal Coaching \/ Psychologische Beratung Ein \u00dcberblick \u00fcber Deine Gesamtsituation kann viele Erkenntnisse bringen.Meist sind 3-5 Sitzungen ausreichend um den dringenden Fragen auf den Grund zu gehen. Gemeinsam erarbeiten wir strukturiert und fokussiert an den L\u00f6sungstrategien um Dein individuelles Ziel zu erreichen.Ich arbeite verfahrens\u00fcbergreifend. In unseren Sitzungen verwende ich verschiedenste \u00dcbungen und Techniken:\u2022 Personal [&hellip;]","og_url":"https:\/\/karima-atwan.com\/en\/personal-coaching\/","og_site_name":"Karima Atwan","article_publisher":"https:\/\/www.facebook.com\/profile.php?id=100064656013770","article_modified_time":"2026-03-25T10:07:44+00:00","twitter_card":"summary_large_image","schema":{"@context":"https:\/\/schema.org","@graph":[{"@type":"WebPage","@id":"https:\/\/karima-atwan.com\/personal-coaching\/","url":"https:\/\/karima-atwan.com\/personal-coaching\/","name":"Personal Coaching - Karima Atwan","isPartOf":{"@id":"https:\/\/karima-atwan.com\/#website"},"datePublished":"2023-06-27T16:53:03+00:00","dateModified":"2026-03-25T10:07:44+00:00","breadcrumb":{"@id":"https:\/\/karima-atwan.com\/personal-coaching\/#breadcrumb"},"inLanguage":"en-US","potentialAction":[{"@type":"ReadAction","target":["https:\/\/karima-atwan.com\/personal-coaching\/"]}]},{"@type":"BreadcrumbList","@id":"https:\/\/karima-atwan.com\/personal-coaching\/#breadcrumb","itemListElement":[{"@type":"ListItem","position":1,"name":"Startseite","item":"https:\/\/karima-atwan.com\/"},{"@type":"ListItem","position":2,"name":"Personal Coaching"}]},{"@type":"WebSite","@id":"https:\/\/karima-atwan.com\/#website","url":"https:\/\/karima-atwan.com\/","name":"Karima Atwan","description":"Doula Geburtsbegleitung &amp; artgerecht\u00ae Coaching","publisher":{"@id":"https:\/\/karima-atwan.com\/#organization"},"potentialAction":[{"@type":"SearchAction","target":{"@type":"EntryPoint","urlTemplate":"https:\/\/karima-atwan.com\/?s={search_term_string}"},"query-input":{"@type":"PropertyValueSpecification","valueRequired":true,"valueName":"search_term_string"}}],"inLanguage":"en-US"},{"@type":"Organization","@id":"https:\/\/karima-atwan.com\/#organization","name":"Karima Atwan","url":"https:\/\/karima-atwan.com\/","logo":{"@type":"ImageObject","inLanguage":"en-US","@id":"https:\/\/karima-atwan.com\/#\/schema\/logo\/image\/","url":"https:\/\/karima-atwan.com\/wp-content\/uploads\/Logo_End_ohne.jpg","contentUrl":"https:\/\/karima-atwan.com\/wp-content\/uploads\/Logo_End_ohne.jpg","width":991,"height":550,"caption":"Karima Atwan"},"image":{"@id":"https:\/\/karima-atwan.com\/#\/schema\/logo\/image\/"},"sameAs":["https:\/\/www.facebook.com\/profile.php?id=100064656013770","https:\/\/www.instagram.com\/schwanger_geburt_trauma\/"]}]}},"_links":{"self":[{"href":"https:\/\/karima-atwan.com\/en\/wp-json\/wp\/v2\/pages\/2739","targetHints":{"allow":["GET"]}}],"collection":[{"href":"https:\/\/karima-atwan.com\/en\/wp-json\/wp\/v2\/pages"}],"about":[{"href":"https:\/\/karima-atwan.com\/en\/wp-json\/wp\/v2\/types\/page"}],"author":[{"embeddable":true,"href":"https:\/\/karima-atwan.com\/en\/wp-json\/wp\/v2\/users\/3"}],"replies":[{"embeddable":true,"href":"https:\/\/karima-atwan.com\/en\/wp-json\/wp\/v2\/comments?post=2739"}],"version-history":[{"count":12,"href":"https:\/\/karima-atwan.com\/en\/wp-json\/wp\/v2\/pages\/2739\/revisions"}],"predecessor-version":[{"id":4503,"href":"https:\/\/karima-atwan.com\/en\/wp-json\/wp\/v2\/pages\/2739\/revisions\/4503"}],"wp:attachment":[{"href":"https:\/\/karima-atwan.com\/en\/wp-json\/wp\/v2\/media?parent=2739"}],"curies":[{"name":"wp","href":"https:\/\/api.w.org\/{rel}","templated":true}]}}