{"id":2602,"date":"2023-06-17T12:55:51","date_gmt":"2023-06-17T10:55:51","guid":{"rendered":"https:\/\/karima-atwan.com\/?page_id=2602"},"modified":"2026-03-19T14:12:16","modified_gmt":"2026-03-19T13:12:16","slug":"geburtsverarbeitung","status":"publish","type":"page","link":"https:\/\/karima-atwan.com\/en\/geburtsverarbeitung\/","title":{"rendered":"Birth processing"},"content":{"rendered":"<p>[et_pb_section fb_built=&#8220;1&#8243; _builder_version=&#8220;4.16&#8243; global_colors_info=&#8220;{}&#8220;][et_pb_row column_structure=&#8220;1_3,2_3&#8243; _builder_version=&#8220;4.21.0&#8243; background_size=&#8220;initial&#8220; background_position=&#8220;top_left&#8220; background_repeat=&#8220;repeat&#8220; global_colors_info=&#8220;{}&#8220;][et_pb_column type=&#8220;1_3&#8243; _builder_version=&#8220;4.16&#8243; custom_padding=&#8220;|||&#8220; global_colors_info=&#8220;{}&#8220; custom_padding__hover=&#8220;|||&#8220;][et_pb_image src=&#8220;https:\/\/karima-atwan.com\/wp-content\/uploads\/Frau_umschlingt_ihren_Bauch-scaled.jpg&#8220; title_text=&#8220;Frau_umschlingt_ihren_Bauch&#8220; _builder_version=&#8220;4.21.0&#8243; _module_preset=&#8220;default&#8220; min_height=&#8220;198.3px&#8220; custom_margin=&#8220;||1028px|||&#8220; global_colors_info=&#8220;{}&#8220;][\/et_pb_image][et_pb_button button_url=&#8220;https:\/\/karima-atwan.com\/kontakt\/&#8220; url_new_window=&#8220;on&#8220; button_text=&#8220;Einzelsitzung 80 US$ &#8220; _builder_version=&#8220;4.27.4&#8243; _module_preset=&#8220;default&#8220; custom_button=&#8220;on&#8220; button_text_size=&#8220;24px&#8220; button_text_color=&#8220;#FFFFFF&#8220; button_bg_color=&#8220;#F0B800&#8243; button_border_width=&#8220;0px&#8220; button_border_radius=&#8220;44px&#8220; button_use_icon=&#8220;off&#8220; background_layout=&#8220;dark&#8220; global_colors_info=&#8220;{}&#8220;][\/et_pb_button][et_pb_button button_url=&#8220;https:\/\/karima-atwan.com\/kontakt\/&#8220; url_new_window=&#8220;on&#8220; button_text=&#8220;3 er Paket f\u00fcr 180 US $&#8220; _builder_version=&#8220;4.27.4&#8243; _module_preset=&#8220;default&#8220; custom_button=&#8220;on&#8220; button_text_size=&#8220;24px&#8220; button_text_color=&#8220;#FFFFFF&#8220; button_bg_color=&#8220;#F0B800&#8243; button_border_width=&#8220;0px&#8220; button_border_radius=&#8220;44px&#8220; button_use_icon=&#8220;off&#8220; background_layout=&#8220;dark&#8220; global_colors_info=&#8220;{}&#8220;][\/et_pb_button][et_pb_button button_url=&#8220;https:\/\/karima-atwan.com\/kontakt\/&#8220; url_new_window=&#8220;on&#8220; button_text=&#8220;5 er Paket f\u00fcr 320 US $&#8220; _builder_version=&#8220;4.27.4&#8243; _module_preset=&#8220;default&#8220; custom_button=&#8220;on&#8220; button_text_size=&#8220;24px&#8220; button_text_color=&#8220;#FFFFFF&#8220; button_bg_color=&#8220;#F0B800&#8243; button_border_width=&#8220;0px&#8220; button_border_radius=&#8220;44px&#8220; button_use_icon=&#8220;off&#8220; background_layout=&#8220;dark&#8220; global_colors_info=&#8220;{}&#8220;][\/et_pb_button][\/et_pb_column][et_pb_column type=&#8220;2_3&#8243; _builder_version=&#8220;4.16&#8243; custom_padding=&#8220;|||&#8220; global_colors_info=&#8220;{}&#8220; custom_padding__hover=&#8220;|||&#8220;][et_pb_text _builder_version=&#8220;4.23.1&#8243; global_colors_info=&#8220;{}&#8220;]<\/p>\n<h1 style=\"text-align: center;\">Geburtsverarbeitung<\/h1>\n<hr \/>\n<p>Eine schwere Geburt kann dazu f\u00fchren, dass Mutter und Kind traumatisiert werden. Intensiver Stress unter der Geburt, starke Schmerzen, Eingriffe, Gewalt, unw\u00fcrdige Behandlung der Geb\u00e4renden \u2013 es gibt viele verschiedene Gr\u00fcnde, warum die Geburt traumatisierend sein kann.<\/p>\n<ul>\n<li>Kristeller Griff<\/li>\n<li>\n<p style=\"margin-bottom: 0cm;\"><span style=\"font-size: medium;\">Dammschnitt <\/span><\/p>\n<\/li>\n<li>\n<p style=\"margin-bottom: 0cm;\"><span style=\"font-size: medium;\">Saugglocken-Geburt <\/span><\/p>\n<\/li>\n<li>\n<p style=\"margin-bottom: 0cm;\"><span style=\"font-size: medium;\">Zangen-Geburt <\/span><\/p>\n<\/li>\n<li>\n<p style=\"margin-bottom: 0cm;\"><span style=\"font-size: medium;\">Not-Kaiserschnitt <\/span><\/p>\n<\/li>\n<li>\n<p style=\"margin-bottom: 0cm;\"><span style=\"font-size: medium;\">Fr\u00fchgeburt<\/span><\/p>\n<\/li>\n<li>\n<p style=\"margin-bottom: 0cm;\"><span style=\"font-size: medium;\"><\/span><span style=\"font-size: medium;\">Todgeburt<\/span><\/p>\n<\/li>\n<\/ul>\n<ul><\/ul>\n<p style=\"line-height: 150%; margin-bottom: 0cm;\">Vielleicht sp\u00fcrst Du eine Engergie- und Antriebslosigkeit. Vielleicht \u00fcberfordert Dich der Alltag. Selbstvorw\u00fcrfe plagen Dich. Und es f\u00e4llt es Dir zunehmend schwerer mit jemanden dar\u00fcber zu sprechen. Vielleicht f\u00e4llt Dir auf, dass Du keine Lust mehr auf Sex hast. Eventuell bemerkst Du eine fortschreitende Isolation. Du sp\u00fcrst keine Liebe, kein Gl\u00fcck im Muttersein.<\/p>\n<p style=\"margin-bottom: 0cm;\"><strong>Die Folgen einer Traumatisierung sind weitreichend<br \/><\/strong><\/p>\n<ul>\n<li>Stillprobleme<\/li>\n<li>Bindungsschwierigkeiten zum Baby<\/li>\n<li>Zwangsgedanken<\/li>\n<li>Unergr\u00fcndliche \u00c4ngste<\/li>\n<li>Isolation<\/li>\n<li>Antriebslosigkeit<\/li>\n<li>\u00dcberforderung<\/li>\n<li>Suizidalit\u00e4t<\/li>\n<li>Kopfschmerzen<\/li>\n<li>Konzentrationsschwierigkeiten<\/li>\n<li>Wut<\/li>\n<li>Schlafst\u00f6rungen<\/li>\n<li>\u00dcbererregung<\/li>\n<li>Flashbacks<\/li>\n<li>Dissoziation<\/li>\n<li>Schamgef\u00fchle<\/li>\n<li>Schuldgef\u00fchle<\/li>\n<li>Vermeidung<\/li>\n<li>Baby nicht richtig lieb haben k\u00f6nnen<\/li>\n<li>Posttraumatische Belastungsst\u00f6rung kann sich entwickeln<\/li>\n<ul><\/ul>\n<\/ul>\n<p><strong><span style=\"font-size: medium;\"> Sp\u00e4testens jetzt solltest Du Dir Hilfe suchen und Dich darum k\u00fcmmern!<\/span><\/strong><\/p>\n<p>Auch wenn Du Dein Baby ganz nat\u00fcrlich geboren hast, kann es traumatisch f\u00fcr Dich und eventuell auch f\u00fcr Dein Baby gewesen sein. Vielleicht war Deine Geburt f\u00fcr Aussenstehende \u201enormal\u201c oder \u201enicht so schlimm\u201c. Vielleicht hast Du auch schon \u00f6fter geh\u00f6rt: Du sollest Dich \u201enicht so anstellen.\u201c Meistens lautet hier die Begr\u00fcndung, dass das Muttersein an sich Dich nun ausf\u00fcllen und ausreichen m\u00fcsse. Ausreichen, all den Schmerz, all das Unrecht zu vergessen und gl\u00fccklich zu sein. Jedoch kann ein Mensch nach solchen Erlebnissen \u201enicht einfach gl\u00fccklich sein\u201c. Dazu ben\u00f6tigt es fachliche Unterst\u00fctzung.<\/p>\n<h4><span style=\"color: #800000;\">In unseren Sitzungen arbeiten wir an Deiner inneren Sicherheit und aktivieren Deine Ressourcen. Mit bew\u00e4hrten Techniken der Psychotraumatologie vermittle ich Dir<\/span><span style=\"color: #800000;\"> Stabilisierungs-, und Affektregulations\u00fcbungen. Gemeinsam erarbeiten wir L\u00f6sungsstrategien um die Auswirkungen der traumatisch wirkenden Ereignisse auf den Alltag zu bew\u00e4ltigen. Unsere Arbeit findet online statt. In Deinem Rhythmus und in Deinem Tempo.<\/span><\/h4>\n<p>&nbsp;<\/p>\n<p><strong><span style=\"color: #2e353d;\"><span style=\"font-size: medium;\">Was kannst Du durch eine gemeinsame Arbeit erreichen?<\/span><\/span><\/strong><\/p>\n<ul>\n<li>\n<p style=\"margin-bottom: 0cm;\"><span style=\"font-size: medium;\">Deine Wunden k\u00f6nnen heilen.<\/span><\/p>\n<\/li>\n<li>\n<p style=\"margin-bottom: 0cm;\"><span style=\"font-size: medium;\">Du kannst endlich Dein Muttersein genie\u00dfen.<\/span><\/p>\n<\/li>\n<li>\n<p style=\"margin-bottom: 0cm;\"><span style=\"font-size: medium;\">Du kannst wieder in Deine eigene, ganz pers\u00f6nliche Kraft finden.<\/span><\/p>\n<\/li>\n<li>\n<p style=\"margin-bottom: 0cm;\"><span style=\"font-size: medium;\">Du findest wieder Mut und Zuversicht.<\/span><\/p>\n<\/li>\n<li>\n<p style=\"margin-bottom: 0cm;\"><span style=\"font-size: medium;\">Du kannst wieder Vertrauen fassen.<\/span><\/p>\n<\/li>\n<li>\n<p style=\"margin-bottom: 0cm;\"><span style=\"font-size: medium;\">Deine Selbstbestimmung wieder gewinnen. <\/span><\/p>\n<\/li>\n<li>\n<p style=\"margin-bottom: 0cm;\"><span style=\"font-size: medium;\">Deine sexuelle Beziehung wieder genie\u00dfen. <\/span><\/p>\n<\/li>\n<li>\n<p style=\"margin-bottom: 0cm;\"><span style=\"font-size: medium;\">Du kannst wieder Sicherheit empfinden.<\/span><\/p>\n<\/li>\n<li>\n<p style=\"margin-bottom: 0cm;\"><span style=\"font-size: medium;\">Du kannst wieder von Herzen lieben.<\/span><\/p>\n<\/li>\n<\/ul>\n<p><span style=\"font-size: large;\">Wenn Du bis hierhin gelesen hast, findest Du Dich h\u00f6chst wahrscheinlich in der Beschreibung wieder. Der erste Schritt ist schon geschafft, das ist wunderbar. Lass uns gemeinsam weitergehen. <span style=\"color: #333333;\">H\u00e4ufig reichen bereits 3-5 Sitzungen um deutliche Verbesserungen zu sp\u00fcren. <\/span><br \/>Ich freue mich auf unsere gemeinsame Arbeit.<br \/>Mach Dich auf den Weg.<\/span><span style=\"font-size: large;\"><\/span><\/p>\n<p><span style=\"font-size: large;\"><\/span><\/p>\n<p><span style=\"font-size: large;\"><\/span><\/p>\n<p>Weitere Infos zum Thema findest Du hier: <a href=\"https:\/\/schatten-und-licht.de\/\">Schatten &amp; Licht e.V.<\/a><strong><span style=\"color: #993300;\"><\/span><\/strong><\/p>\n<p><strong><span style=\"color: #993300;\"><br \/><\/span><\/strong><em><\/em><\/p>\n<p>[\/et_pb_text][\/et_pb_column][\/et_pb_row][et_pb_row column_structure=&#8220;1_2,1_4,1_4&#8243; _builder_version=&#8220;4.16&#8243; background_size=&#8220;initial&#8220; background_position=&#8220;top_left&#8220; background_repeat=&#8220;repeat&#8220; global_colors_info=&#8220;{}&#8220;][et_pb_column type=&#8220;1_2&#8243; _builder_version=&#8220;4.16&#8243; custom_padding=&#8220;|||&#8220; global_colors_info=&#8220;{}&#8220; custom_padding__hover=&#8220;|||&#8220;][et_pb_text _builder_version=&#8220;4.27.4&#8243; global_colors_info=&#8220;{}&#8220;]<\/p>\n<p style=\"text-align: right;\"><strong>Auch interessant f\u00fcr Dich:<\/strong><\/p>\n<p>[\/et_pb_text][\/et_pb_column][et_pb_column type=&#8220;1_4&#8243; _builder_version=&#8220;4.16&#8243; custom_padding=&#8220;|||&#8220; global_colors_info=&#8220;{}&#8220; custom_padding__hover=&#8220;|||&#8220;][et_pb_text _builder_version=&#8220;4.27.4&#8243; global_colors_info=&#8220;{}&#8220;]<\/p>\n<p>Du hast eine Fr\u00fchgeburt erlebt?\u00a0<\/p>\n<p><a href=\"https:\/\/karima-atwan.com\/fruehgeburt\/\">Begleitung bei Fr\u00fchgeburt<\/a><\/p>\n<p>[\/et_pb_text][\/et_pb_column][et_pb_column type=&#8220;1_4&#8243; _builder_version=&#8220;4.16&#8243; custom_padding=&#8220;|||&#8220; global_colors_info=&#8220;{}&#8220; custom_padding__hover=&#8220;|||&#8220;][et_pb_text _builder_version=&#8220;4.27.4&#8243; global_colors_info=&#8220;{}&#8220;]<\/p>\n<p>Wie funktioniert nat\u00fcrliche Elternschaft?<\/p>\n<p><a href=\"https:\/\/karima-atwan.com\/vorbereitung-auf-die-elternschaft\/\">Nat\u00fcrliche Elternschaft<\/a><\/p>\n<p>[\/et_pb_text][\/et_pb_column][\/et_pb_row][\/et_pb_section][et_pb_section fb_built=&#8220;1&#8243; module_id=&#8220;contact&#8220; module_class=&#8220;jc-background&#8220; _builder_version=&#8220;3.18.2&#8243; background_color=&#8220;#60170f&#8220; global_module=&#8220;1677&#8243; global_colors_info=&#8220;{}&#8220;][et_pb_row column_structure=&#8220;1_3,2_3&#8243; _builder_version=&#8220;4.16&#8243; background_size=&#8220;initial&#8220; background_position=&#8220;top_left&#8220; background_repeat=&#8220;repeat&#8220; global_colors_info=&#8220;{}&#8220;][et_pb_column type=&#8220;1_3&#8243; _builder_version=&#8220;4.16&#8243; custom_padding=&#8220;|||&#8220; global_colors_info=&#8220;{}&#8220; custom_padding__hover=&#8220;|||&#8220;][et_pb_text admin_label=&#8220;Contact Us Text&#8220; _builder_version=&#8220;4.16&#8243; background_size=&#8220;initial&#8220; background_position=&#8220;top_left&#8220; background_repeat=&#8220;repeat&#8220; background_layout=&#8220;dark&#8220; module_alignment=&#8220;left&#8220; global_colors_info=&#8220;{}&#8220;]<\/p>\n<h1>Kontakt<\/h1>\n<hr \/>\n<p><strong>Karima Atwan<\/strong><br \/>\nDoula, Coachin und<br \/>\nFachberaterin f\u00fcr Psychotraumatologie<\/p>\n<p><span style=\"color: #ffffff;\"><a style=\"color: #ffffff;\">info@karima-atwan.de<\/a><\/span><\/p>\n<p>Telefon: +598 995 185 86<\/p>\n<p>[\/et_pb_text][et_pb_divider color=&#8220;#ffffff&#8220; disabled_on=&#8220;off&#8220; _builder_version=&#8220;4.16&#8243; hide_on_mobile=&#8220;off&#8220; global_colors_info=&#8220;{}&#8220;][\/et_pb_divider][\/et_pb_column][et_pb_column type=&#8220;2_3&#8243; _builder_version=&#8220;4.16&#8243; custom_padding=&#8220;|||&#8220; global_colors_info=&#8220;{}&#8220; custom_padding__hover=&#8220;|||&#8220;][et_pb_contact_form captcha=&#8220;off&#8220; module_id=&#8220;et_pb_contact_form_0&#8243; module_class=&#8220;jc-contact-form&#8220; _builder_version=&#8220;4.16&#8243; _unique_id=&#8220;e0eda9f5-0333-4b19-8b79-ab46f20ae044&#8243; custom_button=&#8220;on&#8220; button_bg_color=&#8220;#c1b2a7&#8243; button_font=&#8220;||||||||&#8220; custom_css_captcha_label=&#8220;color: #ffffff;&#8220; global_colors_info=&#8220;{}&#8220;][et_pb_contact_field field_id=&#8220;Name&#8220; field_title=&#8220;Name&#8220; _builder_version=&#8220;4.16&#8243; global_colors_info=&#8220;{}&#8220; button_text_size__hover_enabled=&#8220;off&#8220; button_one_text_size__hover_enabled=&#8220;off&#8220; button_two_text_size__hover_enabled=&#8220;off&#8220; button_text_color__hover_enabled=&#8220;off&#8220; button_one_text_color__hover_enabled=&#8220;off&#8220; button_two_text_color__hover_enabled=&#8220;off&#8220; button_border_width__hover_enabled=&#8220;off&#8220; button_one_border_width__hover_enabled=&#8220;off&#8220; button_two_border_width__hover_enabled=&#8220;off&#8220; button_border_color__hover_enabled=&#8220;off&#8220; button_one_border_color__hover_enabled=&#8220;off&#8220; button_two_border_color__hover_enabled=&#8220;off&#8220; button_border_radius__hover_enabled=&#8220;off&#8220; button_one_border_radius__hover_enabled=&#8220;off&#8220; button_two_border_radius__hover_enabled=&#8220;off&#8220; button_letter_spacing__hover_enabled=&#8220;off&#8220; button_one_letter_spacing__hover_enabled=&#8220;off&#8220; button_two_letter_spacing__hover_enabled=&#8220;off&#8220; button_bg_color__hover_enabled=&#8220;off&#8220; button_one_bg_color__hover_enabled=&#8220;off&#8220; button_two_bg_color__hover_enabled=&#8220;off&#8220;][\/et_pb_contact_field][et_pb_contact_field field_id=&#8220;Email&#8220; field_title=&#8220;Email Adresse&#8220; field_type=&#8220;email&#8220; fullwidth_field=&#8220;on&#8220; _builder_version=&#8220;4.16&#8243; form_field_font=&#8220;||||&#8220; use_border_color=&#8220;off&#8220; global_colors_info=&#8220;{}&#8220; button_text_size__hover_enabled=&#8220;off&#8220; button_one_text_size__hover_enabled=&#8220;off&#8220; button_two_text_size__hover_enabled=&#8220;off&#8220; button_text_color__hover_enabled=&#8220;off&#8220; button_one_text_color__hover_enabled=&#8220;off&#8220; button_two_text_color__hover_enabled=&#8220;off&#8220; button_border_width__hover_enabled=&#8220;off&#8220; button_one_border_width__hover_enabled=&#8220;off&#8220; button_two_border_width__hover_enabled=&#8220;off&#8220; button_border_color__hover_enabled=&#8220;off&#8220; button_one_border_color__hover_enabled=&#8220;off&#8220; button_two_border_color__hover_enabled=&#8220;off&#8220; button_border_radius__hover_enabled=&#8220;off&#8220; button_one_border_radius__hover_enabled=&#8220;off&#8220; button_two_border_radius__hover_enabled=&#8220;off&#8220; button_letter_spacing__hover_enabled=&#8220;off&#8220; button_one_letter_spacing__hover_enabled=&#8220;off&#8220; button_two_letter_spacing__hover_enabled=&#8220;off&#8220; button_bg_color__hover_enabled=&#8220;off&#8220; button_one_bg_color__hover_enabled=&#8220;off&#8220; button_two_bg_color__hover_enabled=&#8220;off&#8220;][\/et_pb_contact_field][et_pb_contact_field field_id=&#8220;Message&#8220; field_title=&#8220;Deine Nachricht an mich&#8220; field_type=&#8220;text&#8220; fullwidth_field=&#8220;on&#8220; _builder_version=&#8220;4.16&#8243; global_colors_info=&#8220;{}&#8220; button_text_size__hover_enabled=&#8220;off&#8220; button_one_text_size__hover_enabled=&#8220;off&#8220; button_two_text_size__hover_enabled=&#8220;off&#8220; button_text_color__hover_enabled=&#8220;off&#8220; button_one_text_color__hover_enabled=&#8220;off&#8220; button_two_text_color__hover_enabled=&#8220;off&#8220; button_border_width__hover_enabled=&#8220;off&#8220; button_one_border_width__hover_enabled=&#8220;off&#8220; button_two_border_width__hover_enabled=&#8220;off&#8220; button_border_color__hover_enabled=&#8220;off&#8220; button_one_border_color__hover_enabled=&#8220;off&#8220; button_two_border_color__hover_enabled=&#8220;off&#8220; button_border_radius__hover_enabled=&#8220;off&#8220; button_one_border_radius__hover_enabled=&#8220;off&#8220; button_two_border_radius__hover_enabled=&#8220;off&#8220; button_letter_spacing__hover_enabled=&#8220;off&#8220; button_one_letter_spacing__hover_enabled=&#8220;off&#8220; button_two_letter_spacing__hover_enabled=&#8220;off&#8220; button_bg_color__hover_enabled=&#8220;off&#8220; button_one_bg_color__hover_enabled=&#8220;off&#8220; button_two_bg_color__hover_enabled=&#8220;off&#8220;][\/et_pb_contact_field][\/et_pb_contact_form][\/et_pb_column][\/et_pb_row][\/et_pb_section]<\/p>\n","protected":false},"excerpt":{"rendered":"<p>Geburtsverarbeitung Eine schwere Geburt kann dazu f\u00fchren, dass Mutter und Kind traumatisiert werden. Intensiver Stress unter der Geburt, starke Schmerzen, Eingriffe, Gewalt, unw\u00fcrdige Behandlung der Geb\u00e4renden \u2013 es gibt viele verschiedene Gr\u00fcnde, warum die Geburt traumatisierend sein kann. Kristeller Griff Dammschnitt Saugglocken-Geburt Zangen-Geburt Not-Kaiserschnitt Fr\u00fchgeburt Todgeburt Vielleicht sp\u00fcrst Du eine Engergie- und Antriebslosigkeit. Vielleicht \u00fcberfordert [&hellip;]<\/p>\n","protected":false},"author":3,"featured_media":0,"parent":0,"menu_order":0,"comment_status":"closed","ping_status":"closed","template":"","meta":{"_et_pb_use_builder":"on","_et_pb_old_content":"","_et_gb_content_width":"","footnotes":""},"class_list":["post-2602","page","type-page","status-publish","hentry"],"yoast_head":"<!-- This site is optimized with the Yoast SEO plugin v27.3 - https:\/\/yoast.com\/product\/yoast-seo-wordpress\/ -->\n<title>Geburtsverarbeitung - Karima Atwan<\/title>\n<meta name=\"description\" content=\"Verarbeitung von Geburten und Krisen rund um die Geburt.\" \/>\n<meta name=\"robots\" content=\"index, follow, max-snippet:-1, max-image-preview:large, max-video-preview:-1\" \/>\n<link rel=\"canonical\" href=\"https:\/\/karima-atwan.com\/en\/geburtsverarbeitung\/\" \/>\n<meta property=\"og:locale\" content=\"en_US\" \/>\n<meta property=\"og:type\" content=\"article\" \/>\n<meta property=\"og:title\" content=\"Geburtsverarbeitung - Karima Atwan\" \/>\n<meta property=\"og:description\" content=\"Verarbeitung von Geburten und Krisen rund um die Geburt.\" \/>\n<meta property=\"og:url\" content=\"https:\/\/karima-atwan.com\/en\/geburtsverarbeitung\/\" \/>\n<meta property=\"og:site_name\" content=\"Karima Atwan\" \/>\n<meta property=\"article:publisher\" content=\"https:\/\/www.facebook.com\/profile.php?id=100064656013770\" \/>\n<meta property=\"article:modified_time\" content=\"2026-03-19T13:12:16+00:00\" \/>\n<meta name=\"twitter:card\" content=\"summary_large_image\" \/>\n<script type=\"application\/ld+json\" class=\"yoast-schema-graph\">{\"@context\":\"https:\\\/\\\/schema.org\",\"@graph\":[{\"@type\":\"WebPage\",\"@id\":\"https:\\\/\\\/karima-atwan.com\\\/geburtsverarbeitung\\\/\",\"url\":\"https:\\\/\\\/karima-atwan.com\\\/geburtsverarbeitung\\\/\",\"name\":\"Geburtsverarbeitung - Karima Atwan\",\"isPartOf\":{\"@id\":\"https:\\\/\\\/karima-atwan.com\\\/#website\"},\"datePublished\":\"2023-06-17T10:55:51+00:00\",\"dateModified\":\"2026-03-19T13:12:16+00:00\",\"description\":\"Verarbeitung von Geburten und Krisen rund um die Geburt.\",\"breadcrumb\":{\"@id\":\"https:\\\/\\\/karima-atwan.com\\\/geburtsverarbeitung\\\/#breadcrumb\"},\"inLanguage\":\"en-US\",\"potentialAction\":[{\"@type\":\"ReadAction\",\"target\":[\"https:\\\/\\\/karima-atwan.com\\\/geburtsverarbeitung\\\/\"]}]},{\"@type\":\"BreadcrumbList\",\"@id\":\"https:\\\/\\\/karima-atwan.com\\\/geburtsverarbeitung\\\/#breadcrumb\",\"itemListElement\":[{\"@type\":\"ListItem\",\"position\":1,\"name\":\"Startseite\",\"item\":\"https:\\\/\\\/karima-atwan.com\\\/\"},{\"@type\":\"ListItem\",\"position\":2,\"name\":\"Geburtsverarbeitung\"}]},{\"@type\":\"WebSite\",\"@id\":\"https:\\\/\\\/karima-atwan.com\\\/#website\",\"url\":\"https:\\\/\\\/karima-atwan.com\\\/\",\"name\":\"Karima Atwan\",\"description\":\"Doula Geburtsbegleitung &amp; artgerecht\u00ae Coaching\",\"publisher\":{\"@id\":\"https:\\\/\\\/karima-atwan.com\\\/#organization\"},\"potentialAction\":[{\"@type\":\"SearchAction\",\"target\":{\"@type\":\"EntryPoint\",\"urlTemplate\":\"https:\\\/\\\/karima-atwan.com\\\/?s={search_term_string}\"},\"query-input\":{\"@type\":\"PropertyValueSpecification\",\"valueRequired\":true,\"valueName\":\"search_term_string\"}}],\"inLanguage\":\"en-US\"},{\"@type\":\"Organization\",\"@id\":\"https:\\\/\\\/karima-atwan.com\\\/#organization\",\"name\":\"Karima Atwan\",\"url\":\"https:\\\/\\\/karima-atwan.com\\\/\",\"logo\":{\"@type\":\"ImageObject\",\"inLanguage\":\"en-US\",\"@id\":\"https:\\\/\\\/karima-atwan.com\\\/#\\\/schema\\\/logo\\\/image\\\/\",\"url\":\"https:\\\/\\\/karima-atwan.com\\\/wp-content\\\/uploads\\\/Logo_End_ohne.jpg\",\"contentUrl\":\"https:\\\/\\\/karima-atwan.com\\\/wp-content\\\/uploads\\\/Logo_End_ohne.jpg\",\"width\":991,\"height\":550,\"caption\":\"Karima Atwan\"},\"image\":{\"@id\":\"https:\\\/\\\/karima-atwan.com\\\/#\\\/schema\\\/logo\\\/image\\\/\"},\"sameAs\":[\"https:\\\/\\\/www.facebook.com\\\/profile.php?id=100064656013770\",\"https:\\\/\\\/www.instagram.com\\\/schwanger_geburt_trauma\\\/\"]}]}<\/script>\n<!-- \/ Yoast SEO plugin. -->","yoast_head_json":{"title":"Geburtsverarbeitung - Karima Atwan","description":"Verarbeitung von Geburten und Krisen rund um die Geburt.","robots":{"index":"index","follow":"follow","max-snippet":"max-snippet:-1","max-image-preview":"max-image-preview:large","max-video-preview":"max-video-preview:-1"},"canonical":"https:\/\/karima-atwan.com\/en\/geburtsverarbeitung\/","og_locale":"en_US","og_type":"article","og_title":"Geburtsverarbeitung - Karima Atwan","og_description":"Verarbeitung von Geburten und Krisen rund um die Geburt.","og_url":"https:\/\/karima-atwan.com\/en\/geburtsverarbeitung\/","og_site_name":"Karima Atwan","article_publisher":"https:\/\/www.facebook.com\/profile.php?id=100064656013770","article_modified_time":"2026-03-19T13:12:16+00:00","twitter_card":"summary_large_image","schema":{"@context":"https:\/\/schema.org","@graph":[{"@type":"WebPage","@id":"https:\/\/karima-atwan.com\/geburtsverarbeitung\/","url":"https:\/\/karima-atwan.com\/geburtsverarbeitung\/","name":"Geburtsverarbeitung - Karima Atwan","isPartOf":{"@id":"https:\/\/karima-atwan.com\/#website"},"datePublished":"2023-06-17T10:55:51+00:00","dateModified":"2026-03-19T13:12:16+00:00","description":"Verarbeitung von Geburten und Krisen rund um die Geburt.","breadcrumb":{"@id":"https:\/\/karima-atwan.com\/geburtsverarbeitung\/#breadcrumb"},"inLanguage":"en-US","potentialAction":[{"@type":"ReadAction","target":["https:\/\/karima-atwan.com\/geburtsverarbeitung\/"]}]},{"@type":"BreadcrumbList","@id":"https:\/\/karima-atwan.com\/geburtsverarbeitung\/#breadcrumb","itemListElement":[{"@type":"ListItem","position":1,"name":"Startseite","item":"https:\/\/karima-atwan.com\/"},{"@type":"ListItem","position":2,"name":"Geburtsverarbeitung"}]},{"@type":"WebSite","@id":"https:\/\/karima-atwan.com\/#website","url":"https:\/\/karima-atwan.com\/","name":"Karima Atwan","description":"Doula Geburtsbegleitung &amp; artgerecht\u00ae Coaching","publisher":{"@id":"https:\/\/karima-atwan.com\/#organization"},"potentialAction":[{"@type":"SearchAction","target":{"@type":"EntryPoint","urlTemplate":"https:\/\/karima-atwan.com\/?s={search_term_string}"},"query-input":{"@type":"PropertyValueSpecification","valueRequired":true,"valueName":"search_term_string"}}],"inLanguage":"en-US"},{"@type":"Organization","@id":"https:\/\/karima-atwan.com\/#organization","name":"Karima Atwan","url":"https:\/\/karima-atwan.com\/","logo":{"@type":"ImageObject","inLanguage":"en-US","@id":"https:\/\/karima-atwan.com\/#\/schema\/logo\/image\/","url":"https:\/\/karima-atwan.com\/wp-content\/uploads\/Logo_End_ohne.jpg","contentUrl":"https:\/\/karima-atwan.com\/wp-content\/uploads\/Logo_End_ohne.jpg","width":991,"height":550,"caption":"Karima Atwan"},"image":{"@id":"https:\/\/karima-atwan.com\/#\/schema\/logo\/image\/"},"sameAs":["https:\/\/www.facebook.com\/profile.php?id=100064656013770","https:\/\/www.instagram.com\/schwanger_geburt_trauma\/"]}]}},"_links":{"self":[{"href":"https:\/\/karima-atwan.com\/en\/wp-json\/wp\/v2\/pages\/2602","targetHints":{"allow":["GET"]}}],"collection":[{"href":"https:\/\/karima-atwan.com\/en\/wp-json\/wp\/v2\/pages"}],"about":[{"href":"https:\/\/karima-atwan.com\/en\/wp-json\/wp\/v2\/types\/page"}],"author":[{"embeddable":true,"href":"https:\/\/karima-atwan.com\/en\/wp-json\/wp\/v2\/users\/3"}],"replies":[{"embeddable":true,"href":"https:\/\/karima-atwan.com\/en\/wp-json\/wp\/v2\/comments?post=2602"}],"version-history":[{"count":19,"href":"https:\/\/karima-atwan.com\/en\/wp-json\/wp\/v2\/pages\/2602\/revisions"}],"predecessor-version":[{"id":4440,"href":"https:\/\/karima-atwan.com\/en\/wp-json\/wp\/v2\/pages\/2602\/revisions\/4440"}],"wp:attachment":[{"href":"https:\/\/karima-atwan.com\/en\/wp-json\/wp\/v2\/media?parent=2602"}],"curies":[{"name":"wp","href":"https:\/\/api.w.org\/{rel}","templated":true}]}}