{"id":1964,"date":"2022-10-05T04:53:21","date_gmt":"2022-10-05T02:53:21","guid":{"rendered":"https:\/\/karima-atwan.de\/?page_id=1964"},"modified":"2022-10-07T02:33:52","modified_gmt":"2022-10-07T00:33:52","slug":"individuelles-coaching","status":"publish","type":"page","link":"https:\/\/karima-atwan.com\/en\/individuelles-coaching\/","title":{"rendered":"Individuelles Coaching"},"content":{"rendered":"<p>[et_pb_section bb_built=&#8220;1&#8243;][et_pb_row][et_pb_column type=&#8220;1_3&#8243;][et_pb_image _builder_version=&#8220;3.18.2&#8243; src=&#8220;https:\/\/karima-atwan.com\/wp-content\/uploads\/Geburtsgespr\u00e4ch-e1544985146487.jpeg&#8220; \/][\/et_pb_column][et_pb_column type=&#8220;2_3&#8243;][et_pb_text _builder_version=&#8220;3.18.2&#8243;]<\/p>\n<h1><span style=\"color: #993300;\">Individuelles Coaching<\/span><\/h1>\n<hr \/>\n<p>Du hast Fragen zu einem bestimmten Thema? F\u00fchlst Dich unsicher im Handling mit Deinem Baby oder Kleinkind? M\u00f6chtest etwas \u00e4ndern, wei\u00dft aber nicht wie? Mein Angebot umfasst die Themen\u00a0 bed\u00fcrfnisorientiertes Familienleben, Babyschlaf, Windelfrei, Betreuung des Kindes, neue Rollenfindung nach der Geburt, Kommunikation zwischen den Eltern und zwischen Eltern und Kind.\u00a0 Je nachdem, was Du brauchst, wo Du stehst und wohin Du gehen willst, kann ich Dich oder euch coachen. Ich kann Dir konkrete Tipps und Anregungen geben und Dir helfen, selbst die Antworten auf Deine Fragen zu finden. Hierf\u00fcr k\u00f6nnen wir gerne einen Termin f\u00fcr ein Telefonat vereinbaren oder ich besuche Dich zu Hause. Kosten: 60 Euro pro Stunde\/Anfahrt. Ich freu mich auf Deine Anfrage!<\/p>\n<p>[\/et_pb_text][\/et_pb_column][\/et_pb_row][\/et_pb_section]<\/p>\n","protected":false},"excerpt":{"rendered":"<p><div class=\"et_pb_row et_pb_row_0 et_pb_row_empty\">\n\t\t\t\t\n\t\t\t\t\n\t\t\t\t\n\t\t\t\t\n\t\t\t\t\n\t\t\t<\/div> Individuelles Coaching Du hast Fragen zu einem bestimmten Thema? F\u00fchlst Dich unsicher im Handling mit Deinem Baby oder Kleinkind? M\u00f6chtest etwas \u00e4ndern, wei\u00dft aber nicht wie? Mein Angebot umfasst die Themen\u00a0 bed\u00fcrfnisorientiertes Familienleben, Babyschlaf, Windelfrei, Betreuung des Kindes, neue Rollenfindung nach der Geburt, Kommunikation zwischen den Eltern und zwischen Eltern und Kind.\u00a0 Je nachdem, [&hellip;]<\/p>\n","protected":false},"author":3,"featured_media":0,"parent":0,"menu_order":0,"comment_status":"closed","ping_status":"closed","template":"","meta":{"_et_pb_use_builder":"on","_et_pb_old_content":"","_et_gb_content_width":"","footnotes":""},"class_list":["post-1964","page","type-page","status-publish","hentry"],"yoast_head":"<!-- This site is optimized with the Yoast SEO plugin v27.4 - https:\/\/yoast.com\/product\/yoast-seo-wordpress\/ -->\n<title>Individuelles Coaching - Karima Atwan<\/title>\n<meta name=\"robots\" content=\"index, follow, max-snippet:-1, max-image-preview:large, max-video-preview:-1\" \/>\n<link rel=\"canonical\" href=\"https:\/\/karima-atwan.com\/en\/individuelles-coaching\/\" \/>\n<meta property=\"og:locale\" content=\"en_US\" \/>\n<meta property=\"og:type\" content=\"article\" \/>\n<meta property=\"og:title\" content=\"Individuelles Coaching - Karima Atwan\" \/>\n<meta property=\"og:description\" content=\"Individuelles Coaching Du hast Fragen zu einem bestimmten Thema? F\u00fchlst Dich unsicher im Handling mit Deinem Baby oder Kleinkind? M\u00f6chtest etwas \u00e4ndern, wei\u00dft aber nicht wie? Mein Angebot umfasst die Themen\u00a0 bed\u00fcrfnisorientiertes Familienleben, Babyschlaf, Windelfrei, Betreuung des Kindes, neue Rollenfindung nach der Geburt, Kommunikation zwischen den Eltern und zwischen Eltern und Kind.\u00a0 Je nachdem, [&hellip;]\" \/>\n<meta property=\"og:url\" content=\"https:\/\/karima-atwan.com\/en\/individuelles-coaching\/\" \/>\n<meta property=\"og:site_name\" content=\"Karima Atwan\" \/>\n<meta property=\"article:publisher\" content=\"https:\/\/www.facebook.com\/profile.php?id=100064656013770\" \/>\n<meta property=\"article:modified_time\" content=\"2022-10-07T00:33:52+00:00\" \/>\n<meta name=\"twitter:card\" content=\"summary_large_image\" \/>\n<meta name=\"twitter:label1\" content=\"Est. reading time\" \/>\n\t<meta name=\"twitter:data1\" content=\"1 minute\" \/>\n<script type=\"application\/ld+json\" class=\"yoast-schema-graph\">{\"@context\":\"https:\\\/\\\/schema.org\",\"@graph\":[{\"@type\":\"WebPage\",\"@id\":\"https:\\\/\\\/karima-atwan.com\\\/individuelles-coaching\\\/\",\"url\":\"https:\\\/\\\/karima-atwan.com\\\/individuelles-coaching\\\/\",\"name\":\"Individuelles Coaching - Karima Atwan\",\"isPartOf\":{\"@id\":\"https:\\\/\\\/karima-atwan.com\\\/#website\"},\"datePublished\":\"2022-10-05T02:53:21+00:00\",\"dateModified\":\"2022-10-07T00:33:52+00:00\",\"breadcrumb\":{\"@id\":\"https:\\\/\\\/karima-atwan.com\\\/individuelles-coaching\\\/#breadcrumb\"},\"inLanguage\":\"en-US\",\"potentialAction\":[{\"@type\":\"ReadAction\",\"target\":[\"https:\\\/\\\/karima-atwan.com\\\/individuelles-coaching\\\/\"]}]},{\"@type\":\"BreadcrumbList\",\"@id\":\"https:\\\/\\\/karima-atwan.com\\\/individuelles-coaching\\\/#breadcrumb\",\"itemListElement\":[{\"@type\":\"ListItem\",\"position\":1,\"name\":\"Startseite\",\"item\":\"https:\\\/\\\/karima-atwan.com\\\/\"},{\"@type\":\"ListItem\",\"position\":2,\"name\":\"Individuelles Coaching\"}]},{\"@type\":\"WebSite\",\"@id\":\"https:\\\/\\\/karima-atwan.com\\\/#website\",\"url\":\"https:\\\/\\\/karima-atwan.com\\\/\",\"name\":\"Karima Atwan\",\"description\":\"Doula Geburtsbegleitung &amp; artgerecht\u00ae Coaching\",\"publisher\":{\"@id\":\"https:\\\/\\\/karima-atwan.com\\\/#organization\"},\"potentialAction\":[{\"@type\":\"SearchAction\",\"target\":{\"@type\":\"EntryPoint\",\"urlTemplate\":\"https:\\\/\\\/karima-atwan.com\\\/?s={search_term_string}\"},\"query-input\":{\"@type\":\"PropertyValueSpecification\",\"valueRequired\":true,\"valueName\":\"search_term_string\"}}],\"inLanguage\":\"en-US\"},{\"@type\":\"Organization\",\"@id\":\"https:\\\/\\\/karima-atwan.com\\\/#organization\",\"name\":\"Karima Atwan\",\"url\":\"https:\\\/\\\/karima-atwan.com\\\/\",\"logo\":{\"@type\":\"ImageObject\",\"inLanguage\":\"en-US\",\"@id\":\"https:\\\/\\\/karima-atwan.com\\\/#\\\/schema\\\/logo\\\/image\\\/\",\"url\":\"https:\\\/\\\/karima-atwan.com\\\/wp-content\\\/uploads\\\/Logo_End_ohne.jpg\",\"contentUrl\":\"https:\\\/\\\/karima-atwan.com\\\/wp-content\\\/uploads\\\/Logo_End_ohne.jpg\",\"width\":991,\"height\":550,\"caption\":\"Karima Atwan\"},\"image\":{\"@id\":\"https:\\\/\\\/karima-atwan.com\\\/#\\\/schema\\\/logo\\\/image\\\/\"},\"sameAs\":[\"https:\\\/\\\/www.facebook.com\\\/profile.php?id=100064656013770\",\"https:\\\/\\\/www.instagram.com\\\/schwanger_geburt_trauma\\\/\"]}]}<\/script>\n<!-- \/ Yoast SEO plugin. -->","yoast_head_json":{"title":"Individuelles Coaching - Karima Atwan","robots":{"index":"index","follow":"follow","max-snippet":"max-snippet:-1","max-image-preview":"max-image-preview:large","max-video-preview":"max-video-preview:-1"},"canonical":"https:\/\/karima-atwan.com\/en\/individuelles-coaching\/","og_locale":"en_US","og_type":"article","og_title":"Individuelles Coaching - Karima Atwan","og_description":"Individuelles Coaching Du hast Fragen zu einem bestimmten Thema? F\u00fchlst Dich unsicher im Handling mit Deinem Baby oder Kleinkind? M\u00f6chtest etwas \u00e4ndern, wei\u00dft aber nicht wie? Mein Angebot umfasst die Themen\u00a0 bed\u00fcrfnisorientiertes Familienleben, Babyschlaf, Windelfrei, Betreuung des Kindes, neue Rollenfindung nach der Geburt, Kommunikation zwischen den Eltern und zwischen Eltern und Kind.\u00a0 Je nachdem, [&hellip;]","og_url":"https:\/\/karima-atwan.com\/en\/individuelles-coaching\/","og_site_name":"Karima Atwan","article_publisher":"https:\/\/www.facebook.com\/profile.php?id=100064656013770","article_modified_time":"2022-10-07T00:33:52+00:00","twitter_card":"summary_large_image","twitter_misc":{"Est. reading time":"1 minute"},"schema":{"@context":"https:\/\/schema.org","@graph":[{"@type":"WebPage","@id":"https:\/\/karima-atwan.com\/individuelles-coaching\/","url":"https:\/\/karima-atwan.com\/individuelles-coaching\/","name":"Individuelles Coaching - Karima Atwan","isPartOf":{"@id":"https:\/\/karima-atwan.com\/#website"},"datePublished":"2022-10-05T02:53:21+00:00","dateModified":"2022-10-07T00:33:52+00:00","breadcrumb":{"@id":"https:\/\/karima-atwan.com\/individuelles-coaching\/#breadcrumb"},"inLanguage":"en-US","potentialAction":[{"@type":"ReadAction","target":["https:\/\/karima-atwan.com\/individuelles-coaching\/"]}]},{"@type":"BreadcrumbList","@id":"https:\/\/karima-atwan.com\/individuelles-coaching\/#breadcrumb","itemListElement":[{"@type":"ListItem","position":1,"name":"Startseite","item":"https:\/\/karima-atwan.com\/"},{"@type":"ListItem","position":2,"name":"Individuelles Coaching"}]},{"@type":"WebSite","@id":"https:\/\/karima-atwan.com\/#website","url":"https:\/\/karima-atwan.com\/","name":"Karima Atwan","description":"Doula Geburtsbegleitung &amp; artgerecht\u00ae Coaching","publisher":{"@id":"https:\/\/karima-atwan.com\/#organization"},"potentialAction":[{"@type":"SearchAction","target":{"@type":"EntryPoint","urlTemplate":"https:\/\/karima-atwan.com\/?s={search_term_string}"},"query-input":{"@type":"PropertyValueSpecification","valueRequired":true,"valueName":"search_term_string"}}],"inLanguage":"en-US"},{"@type":"Organization","@id":"https:\/\/karima-atwan.com\/#organization","name":"Karima Atwan","url":"https:\/\/karima-atwan.com\/","logo":{"@type":"ImageObject","inLanguage":"en-US","@id":"https:\/\/karima-atwan.com\/#\/schema\/logo\/image\/","url":"https:\/\/karima-atwan.com\/wp-content\/uploads\/Logo_End_ohne.jpg","contentUrl":"https:\/\/karima-atwan.com\/wp-content\/uploads\/Logo_End_ohne.jpg","width":991,"height":550,"caption":"Karima Atwan"},"image":{"@id":"https:\/\/karima-atwan.com\/#\/schema\/logo\/image\/"},"sameAs":["https:\/\/www.facebook.com\/profile.php?id=100064656013770","https:\/\/www.instagram.com\/schwanger_geburt_trauma\/"]}]}},"_links":{"self":[{"href":"https:\/\/karima-atwan.com\/en\/wp-json\/wp\/v2\/pages\/1964","targetHints":{"allow":["GET"]}}],"collection":[{"href":"https:\/\/karima-atwan.com\/en\/wp-json\/wp\/v2\/pages"}],"about":[{"href":"https:\/\/karima-atwan.com\/en\/wp-json\/wp\/v2\/types\/page"}],"author":[{"embeddable":true,"href":"https:\/\/karima-atwan.com\/en\/wp-json\/wp\/v2\/users\/3"}],"replies":[{"embeddable":true,"href":"https:\/\/karima-atwan.com\/en\/wp-json\/wp\/v2\/comments?post=1964"}],"version-history":[{"count":3,"href":"https:\/\/karima-atwan.com\/en\/wp-json\/wp\/v2\/pages\/1964\/revisions"}],"predecessor-version":[{"id":2137,"href":"https:\/\/karima-atwan.com\/en\/wp-json\/wp\/v2\/pages\/1964\/revisions\/2137"}],"wp:attachment":[{"href":"https:\/\/karima-atwan.com\/en\/wp-json\/wp\/v2\/media?parent=1964"}],"curies":[{"name":"wp","href":"https:\/\/api.w.org\/{rel}","templated":true}]}}