{"id":1924,"date":"2022-10-05T03:13:11","date_gmt":"2022-10-05T01:13:11","guid":{"rendered":"https:\/\/karima-atwan.de\/?page_id=1924"},"modified":"2022-10-08T05:29:01","modified_gmt":"2022-10-08T03:29:01","slug":"geburtsbericht","status":"publish","type":"page","link":"https:\/\/karima-atwan.com\/en\/geburtsbericht\/","title":{"rendered":"Birth report"},"content":{"rendered":"<p>[et_pb_section bb_built=&#8220;1&#8243; next_background_color=&#8220;#000000&#8243;][et_pb_row _builder_version=&#8220;3.18.2&#8243;][et_pb_column type=&#8220;1_3&#8243;][et_pb_image _builder_version=&#8220;3.18.2&#8243; src=&#8220;https:\/\/karima-atwan.com\/wp-content\/uploads\/Geburtsbericht-e1544985022189.jpeg&#8220; \/][\/et_pb_column][et_pb_column type=&#8220;2_3&#8243;][et_pb_text _builder_version=&#8220;3.18.2&#8243;]<\/p>\n<h1 style=\"text-align: center;\">Geburtsbericht<\/h1>\n<hr \/>\n<p>Du m\u00f6chtest die Geburt auch geschriebener Form? Ich schreibe Dir Deinen pers\u00f6nlichen Geburtsbericht. W\u00e4hrend der Geburt werde ich mir einige Notizen machen und schreibe daraus Deinen ganz individuellen Geburtsbericht. Eine Erinnerung, die Du Dir noch nach Jahren gerne anschauen wirst. Lass Dich \u00fcberraschen, wie sch\u00f6n eine Geburt in Papierform aussehen kann.<\/p>\n<p><strong><span style=\"color: #993300;\">250 US$<\/span><\/strong><\/p>\n<p>[\/et_pb_text][et_pb_button _builder_version=&#8220;3.18.2&#8243; button_text=&#8220;Hier gehts zur Buchung.&#8220; button_url=&#8220;https:\/\/karima-atwan.com\/kontakt\/&#8220; url_new_window=&#8220;on&#8220; \/][\/et_pb_column][\/et_pb_row][\/et_pb_section][et_pb_section bb_built=&#8220;1&#8243; fullwidth=&#8220;off&#8220; specialty=&#8220;off&#8220; prev_background_color=&#8220;#000000&#8243; next_background_color=&#8220;#60170f&#8220;][et_pb_row][et_pb_column type=&#8220;1_2&#8243;][et_pb_text _builder_version=&#8220;3.18.2&#8243;]<\/p>\n<p style=\"text-align: right;\"><strong>Was k\u00f6nnte noch hilfreich f\u00fcr Dich sein:<\/strong><\/p>\n<p>[\/et_pb_text][\/et_pb_column][et_pb_column type=&#8220;1_4&#8243;][et_pb_text _builder_version=&#8220;3.18.2&#8243;]<\/p>\n<p>Zur individuellen Begleitung geh\u00f6rt u.a. auch:<br \/><a href=\"https:\/\/karima-atwan.com\/fachberaterin\/\">Closing the bones<\/a><\/p>\n<p>[\/et_pb_text][\/et_pb_column][et_pb_column type=&#8220;1_4&#8243;][et_pb_text _builder_version=&#8220;3.18.2&#8243;]<\/p>\n<p>Deine Elternschaft stellt Dir Fragen?<br \/>Vielleicht hilf das hier:<br \/><a href=\"https:\/\/karima-atwan.com\/babykurs\/\">Artgerecht-Babykurs<\/a><\/p>\n<p>[\/et_pb_text][\/et_pb_column][\/et_pb_row][\/et_pb_section][et_pb_section bb_built=&#8220;1&#8243; background_color=&#8220;#60170f&#8220; module_id=&#8220;contact&#8220; module_class=&#8220;jc-background&#8220; _builder_version=&#8220;3.18.2&#8243; prev_background_color=&#8220;#ffffff&#8220; global_module=&#8220;1677&#8243;][et_pb_row global_parent=&#8220;1677&#8243; _builder_version=&#8220;3.0.47&#8243; background_size=&#8220;initial&#8220; background_position=&#8220;top_left&#8220; background_repeat=&#8220;repeat&#8220;][et_pb_column type=&#8220;1_3&#8243;][et_pb_text admin_label=&#8220;Contact Us Text&#8220; global_parent=&#8220;1677&#8243; background_layout=&#8220;dark&#8220; _builder_version=&#8220;3.18.2&#8243; background_size=&#8220;initial&#8220; background_position=&#8220;top_left&#8220; background_repeat=&#8220;repeat&#8220; module_alignment=&#8220;left&#8220;]<\/p>\n<h1>Kontakt<\/h1>\n<hr \/>\n<p><strong>Karima Atwan<\/strong><br \/>\nDoula, Coachin und<br \/>\nFachberaterin f\u00fcr Psychotraumatologie<\/p>\n<p><span style=\"color: #ffffff;\"><a style=\"color: #ffffff;\">info@karima-atwan.de<\/a><\/span><\/p>\n<p>Telefon: +598 995 185 86<\/p>\n<p>[\/et_pb_text][et_pb_divider global_parent=&#8220;1677&#8243; show_divider=&#8220;on&#8220; disabled_on=&#8220;off&#8220; _builder_version=&#8220;3.18.2&#8243; hide_on_mobile=&#8220;off&#8220; color=&#8220;#ffffff&#8220;]<\/p>\n<p>[\/et_pb_divider][\/et_pb_column][et_pb_column type=&#8220;2_3&#8243;][et_pb_contact_form global_parent=&#8220;1677&#8243; captcha=&#8220;off&#8220; module_id=&#8220;et_pb_contact_form_0&#8243; module_class=&#8220;jc-contact-form&#8220; _builder_version=&#8220;3.0.106&#8243; custom_button=&#8220;on&#8220; button_text_size=&#8220;13&#8243; button_bg_color=&#8220;#c1b2a7&#8243; button_font=&#8220;||||||||&#8220; custom_css_captcha_label=&#8220;color: #ffffff;&#8220;][et_pb_contact_field field_id=&#8220;Name&#8220; field_title=&#8220;Name&#8220; _builder_version=&#8220;3.0.106&#8243;][\/et_pb_contact_field][et_pb_contact_field field_id=&#8220;Email&#8220; field_title=&#8220;Email Adresse&#8220; field_type=&#8220;email&#8220; fullwidth_field=&#8220;on&#8220; _builder_version=&#8220;3.0.106&#8243; form_field_font=&#8220;||||&#8220; use_border_color=&#8220;off&#8220;][\/et_pb_contact_field][et_pb_contact_field field_id=&#8220;Message&#8220; field_title=&#8220;Deine Nachricht an mich&#8220; field_type=&#8220;text&#8220; fullwidth_field=&#8220;on&#8220; _builder_version=&#8220;3.0.106&#8243;][\/et_pb_contact_field][\/et_pb_contact_form][\/et_pb_column][\/et_pb_row][\/et_pb_section]<\/p>\n","protected":false},"excerpt":{"rendered":"<p>GeburtsberichtDu m\u00f6chtest die Geburt auch geschriebener Form? Ich schreibe Dir Deinen pers\u00f6nlichen Geburtsbericht. W\u00e4hrend der Geburt werde ich mir einige Notizen machen und schreibe daraus Deinen ganz individuellen Geburtsbericht. Eine Erinnerung, die Du Dir noch nach Jahren gerne anschauen wirst. Lass Dich \u00fcberraschen, wie sch\u00f6n eine Geburt in Papierform aussehen kann.250 US$ <div class=\"et_pb_row et_pb_row_0 et_pb_row_empty\">\n\t\t\t\t\n\t\t\t\t\n\t\t\t\t\n\t\t\t\t\n\t\t\t\t\n\t\t\t<\/div> Was k\u00f6nnte [&hellip;]<\/p>\n","protected":false},"author":3,"featured_media":0,"parent":0,"menu_order":0,"comment_status":"closed","ping_status":"closed","template":"","meta":{"_et_pb_use_builder":"on","_et_pb_old_content":"","_et_gb_content_width":"","footnotes":""},"class_list":["post-1924","page","type-page","status-publish","hentry"],"yoast_head":"<!-- This site is optimized with the Yoast SEO plugin v27.4 - https:\/\/yoast.com\/product\/yoast-seo-wordpress\/ -->\n<title>Geburtsbericht - Karima Atwan<\/title>\n<meta name=\"robots\" content=\"index, follow, max-snippet:-1, max-image-preview:large, max-video-preview:-1\" \/>\n<link rel=\"canonical\" href=\"https:\/\/karima-atwan.com\/en\/geburtsbericht\/\" \/>\n<meta property=\"og:locale\" content=\"en_US\" \/>\n<meta property=\"og:type\" content=\"article\" \/>\n<meta property=\"og:title\" content=\"Geburtsbericht - Karima Atwan\" \/>\n<meta property=\"og:description\" content=\"GeburtsberichtDu m\u00f6chtest die Geburt auch geschriebener Form? Ich schreibe Dir Deinen pers\u00f6nlichen Geburtsbericht. W\u00e4hrend der Geburt werde ich mir einige Notizen machen und schreibe daraus Deinen ganz individuellen Geburtsbericht. Eine Erinnerung, die Du Dir noch nach Jahren gerne anschauen wirst. Lass Dich \u00fcberraschen, wie sch\u00f6n eine Geburt in Papierform aussehen kann.250 US$ Was k\u00f6nnte [&hellip;]\" \/>\n<meta property=\"og:url\" content=\"https:\/\/karima-atwan.com\/en\/geburtsbericht\/\" \/>\n<meta property=\"og:site_name\" content=\"Karima Atwan\" \/>\n<meta property=\"article:publisher\" content=\"https:\/\/www.facebook.com\/profile.php?id=100064656013770\" \/>\n<meta property=\"article:modified_time\" content=\"2022-10-08T03:29:01+00:00\" \/>\n<meta name=\"twitter:card\" content=\"summary_large_image\" \/>\n<meta name=\"twitter:label1\" content=\"Est. reading time\" \/>\n\t<meta name=\"twitter:data1\" content=\"2 minutes\" \/>\n<script type=\"application\/ld+json\" class=\"yoast-schema-graph\">{\"@context\":\"https:\\\/\\\/schema.org\",\"@graph\":[{\"@type\":\"WebPage\",\"@id\":\"https:\\\/\\\/karima-atwan.com\\\/geburtsbericht\\\/\",\"url\":\"https:\\\/\\\/karima-atwan.com\\\/geburtsbericht\\\/\",\"name\":\"Geburtsbericht - Karima Atwan\",\"isPartOf\":{\"@id\":\"https:\\\/\\\/karima-atwan.com\\\/#website\"},\"datePublished\":\"2022-10-05T01:13:11+00:00\",\"dateModified\":\"2022-10-08T03:29:01+00:00\",\"breadcrumb\":{\"@id\":\"https:\\\/\\\/karima-atwan.com\\\/geburtsbericht\\\/#breadcrumb\"},\"inLanguage\":\"en-US\",\"potentialAction\":[{\"@type\":\"ReadAction\",\"target\":[\"https:\\\/\\\/karima-atwan.com\\\/geburtsbericht\\\/\"]}]},{\"@type\":\"BreadcrumbList\",\"@id\":\"https:\\\/\\\/karima-atwan.com\\\/geburtsbericht\\\/#breadcrumb\",\"itemListElement\":[{\"@type\":\"ListItem\",\"position\":1,\"name\":\"Startseite\",\"item\":\"https:\\\/\\\/karima-atwan.com\\\/\"},{\"@type\":\"ListItem\",\"position\":2,\"name\":\"Geburtsbericht\"}]},{\"@type\":\"WebSite\",\"@id\":\"https:\\\/\\\/karima-atwan.com\\\/#website\",\"url\":\"https:\\\/\\\/karima-atwan.com\\\/\",\"name\":\"Karima Atwan\",\"description\":\"Doula Geburtsbegleitung &amp; artgerecht\u00ae Coaching\",\"publisher\":{\"@id\":\"https:\\\/\\\/karima-atwan.com\\\/#organization\"},\"potentialAction\":[{\"@type\":\"SearchAction\",\"target\":{\"@type\":\"EntryPoint\",\"urlTemplate\":\"https:\\\/\\\/karima-atwan.com\\\/?s={search_term_string}\"},\"query-input\":{\"@type\":\"PropertyValueSpecification\",\"valueRequired\":true,\"valueName\":\"search_term_string\"}}],\"inLanguage\":\"en-US\"},{\"@type\":\"Organization\",\"@id\":\"https:\\\/\\\/karima-atwan.com\\\/#organization\",\"name\":\"Karima Atwan\",\"url\":\"https:\\\/\\\/karima-atwan.com\\\/\",\"logo\":{\"@type\":\"ImageObject\",\"inLanguage\":\"en-US\",\"@id\":\"https:\\\/\\\/karima-atwan.com\\\/#\\\/schema\\\/logo\\\/image\\\/\",\"url\":\"https:\\\/\\\/karima-atwan.com\\\/wp-content\\\/uploads\\\/Logo_End_ohne.jpg\",\"contentUrl\":\"https:\\\/\\\/karima-atwan.com\\\/wp-content\\\/uploads\\\/Logo_End_ohne.jpg\",\"width\":991,\"height\":550,\"caption\":\"Karima Atwan\"},\"image\":{\"@id\":\"https:\\\/\\\/karima-atwan.com\\\/#\\\/schema\\\/logo\\\/image\\\/\"},\"sameAs\":[\"https:\\\/\\\/www.facebook.com\\\/profile.php?id=100064656013770\",\"https:\\\/\\\/www.instagram.com\\\/schwanger_geburt_trauma\\\/\"]}]}<\/script>\n<!-- \/ Yoast SEO plugin. -->","yoast_head_json":{"title":"Geburtsbericht - Karima Atwan","robots":{"index":"index","follow":"follow","max-snippet":"max-snippet:-1","max-image-preview":"max-image-preview:large","max-video-preview":"max-video-preview:-1"},"canonical":"https:\/\/karima-atwan.com\/en\/geburtsbericht\/","og_locale":"en_US","og_type":"article","og_title":"Geburtsbericht - Karima Atwan","og_description":"GeburtsberichtDu m\u00f6chtest die Geburt auch geschriebener Form? Ich schreibe Dir Deinen pers\u00f6nlichen Geburtsbericht. W\u00e4hrend der Geburt werde ich mir einige Notizen machen und schreibe daraus Deinen ganz individuellen Geburtsbericht. Eine Erinnerung, die Du Dir noch nach Jahren gerne anschauen wirst. Lass Dich \u00fcberraschen, wie sch\u00f6n eine Geburt in Papierform aussehen kann.250 US$ Was k\u00f6nnte [&hellip;]","og_url":"https:\/\/karima-atwan.com\/en\/geburtsbericht\/","og_site_name":"Karima Atwan","article_publisher":"https:\/\/www.facebook.com\/profile.php?id=100064656013770","article_modified_time":"2022-10-08T03:29:01+00:00","twitter_card":"summary_large_image","twitter_misc":{"Est. reading time":"2 minutes"},"schema":{"@context":"https:\/\/schema.org","@graph":[{"@type":"WebPage","@id":"https:\/\/karima-atwan.com\/geburtsbericht\/","url":"https:\/\/karima-atwan.com\/geburtsbericht\/","name":"Geburtsbericht - Karima Atwan","isPartOf":{"@id":"https:\/\/karima-atwan.com\/#website"},"datePublished":"2022-10-05T01:13:11+00:00","dateModified":"2022-10-08T03:29:01+00:00","breadcrumb":{"@id":"https:\/\/karima-atwan.com\/geburtsbericht\/#breadcrumb"},"inLanguage":"en-US","potentialAction":[{"@type":"ReadAction","target":["https:\/\/karima-atwan.com\/geburtsbericht\/"]}]},{"@type":"BreadcrumbList","@id":"https:\/\/karima-atwan.com\/geburtsbericht\/#breadcrumb","itemListElement":[{"@type":"ListItem","position":1,"name":"Startseite","item":"https:\/\/karima-atwan.com\/"},{"@type":"ListItem","position":2,"name":"Geburtsbericht"}]},{"@type":"WebSite","@id":"https:\/\/karima-atwan.com\/#website","url":"https:\/\/karima-atwan.com\/","name":"Karima Atwan","description":"Doula Geburtsbegleitung &amp; artgerecht\u00ae Coaching","publisher":{"@id":"https:\/\/karima-atwan.com\/#organization"},"potentialAction":[{"@type":"SearchAction","target":{"@type":"EntryPoint","urlTemplate":"https:\/\/karima-atwan.com\/?s={search_term_string}"},"query-input":{"@type":"PropertyValueSpecification","valueRequired":true,"valueName":"search_term_string"}}],"inLanguage":"en-US"},{"@type":"Organization","@id":"https:\/\/karima-atwan.com\/#organization","name":"Karima Atwan","url":"https:\/\/karima-atwan.com\/","logo":{"@type":"ImageObject","inLanguage":"en-US","@id":"https:\/\/karima-atwan.com\/#\/schema\/logo\/image\/","url":"https:\/\/karima-atwan.com\/wp-content\/uploads\/Logo_End_ohne.jpg","contentUrl":"https:\/\/karima-atwan.com\/wp-content\/uploads\/Logo_End_ohne.jpg","width":991,"height":550,"caption":"Karima Atwan"},"image":{"@id":"https:\/\/karima-atwan.com\/#\/schema\/logo\/image\/"},"sameAs":["https:\/\/www.facebook.com\/profile.php?id=100064656013770","https:\/\/www.instagram.com\/schwanger_geburt_trauma\/"]}]}},"_links":{"self":[{"href":"https:\/\/karima-atwan.com\/en\/wp-json\/wp\/v2\/pages\/1924","targetHints":{"allow":["GET"]}}],"collection":[{"href":"https:\/\/karima-atwan.com\/en\/wp-json\/wp\/v2\/pages"}],"about":[{"href":"https:\/\/karima-atwan.com\/en\/wp-json\/wp\/v2\/types\/page"}],"author":[{"embeddable":true,"href":"https:\/\/karima-atwan.com\/en\/wp-json\/wp\/v2\/users\/3"}],"replies":[{"embeddable":true,"href":"https:\/\/karima-atwan.com\/en\/wp-json\/wp\/v2\/comments?post=1924"}],"version-history":[{"count":10,"href":"https:\/\/karima-atwan.com\/en\/wp-json\/wp\/v2\/pages\/1924\/revisions"}],"predecessor-version":[{"id":2226,"href":"https:\/\/karima-atwan.com\/en\/wp-json\/wp\/v2\/pages\/1924\/revisions\/2226"}],"wp:attachment":[{"href":"https:\/\/karima-atwan.com\/en\/wp-json\/wp\/v2\/media?parent=1924"}],"curies":[{"name":"wp","href":"https:\/\/api.w.org\/{rel}","templated":true}]}}