{"id":1892,"date":"2022-10-01T05:04:33","date_gmt":"2022-10-01T03:04:33","guid":{"rendered":"https:\/\/karima-atwan.de\/?page_id=1892"},"modified":"2025-10-08T18:01:03","modified_gmt":"2025-10-08T16:01:03","slug":"vorbereitung-auf-die-elternschaft","status":"publish","type":"page","link":"https:\/\/karima-atwan.com\/en\/vorbereitung-auf-die-elternschaft\/","title":{"rendered":"Vorbereitung auf Deine Elternschaft"},"content":{"rendered":"<p>[et_pb_section fb_built=&#8220;1&#8243; _builder_version=&#8220;4.16&#8243; global_colors_info=&#8220;{}&#8220;][et_pb_row column_structure=&#8220;1_3,2_3&#8243; _builder_version=&#8220;4.16&#8243; background_size=&#8220;initial&#8220; background_position=&#8220;top_left&#8220; background_repeat=&#8220;repeat&#8220; global_colors_info=&#8220;{}&#8220;][et_pb_column type=&#8220;1_3&#8243; _builder_version=&#8220;4.16&#8243; custom_padding=&#8220;|||&#8220; global_colors_info=&#8220;{}&#8220; custom_padding__hover=&#8220;|||&#8220;][et_pb_image src=&#8220;https:\/\/karima-atwan.com\/wp-content\/uploads\/Vorbereitung_Elternschaft-e1544984663951.jpeg&#8220; align_tablet=&#8220;center&#8220; align_phone=&#8220;center&#8220; align_last_edited=&#8220;on|desktop&#8220; _builder_version=&#8220;4.16&#8243; global_colors_info=&#8220;{}&#8220;][\/et_pb_image][et_pb_button button_url=&#8220;https:\/\/karima-atwan.com\/kontakt\/&#8220; url_new_window=&#8220;on&#8220; button_text=&#8220;Jetzt buchen &#8220; _builder_version=&#8220;4.27.4&#8243; _module_preset=&#8220;default&#8220; custom_button=&#8220;on&#8220; button_text_size=&#8220;24px&#8220; button_text_color=&#8220;#FFFFFF&#8220; button_bg_color=&#8220;#F0B800&#8243; button_border_width=&#8220;0px&#8220; button_border_radius=&#8220;44px&#8220; button_use_icon=&#8220;off&#8220; background_layout=&#8220;dark&#8220; hover_enabled=&#8220;0&#8243; global_colors_info=&#8220;{}&#8220; theme_builder_area=&#8220;post_content&#8220; sticky_enabled=&#8220;0&#8243;][\/et_pb_button][\/et_pb_column][et_pb_column type=&#8220;2_3&#8243; _builder_version=&#8220;4.16&#8243; custom_padding=&#8220;|||&#8220; global_colors_info=&#8220;{}&#8220; custom_padding__hover=&#8220;|||&#8220;][et_pb_text _builder_version=&#8220;4.16&#8243; global_colors_info=&#8220;{}&#8220;]<\/p>\n<h1 style=\"text-align: center;\">artgerecht<br \/>Nat\u00fcrliche Elternschaft<\/h1>\n<p>artgerechte Elternschaft &#8211; was ist das eigentlich? Was bedeutet bed\u00fcrfnisorientierte Elternschaft genau? Lass Dich von der Evolution inspirieren. Erfahre, was unsere Babys und wir in uns tragen. Erlebe ein neues Verst\u00e4ndnis f\u00fcr Dein Baby und seine Bed\u00fcrfnisse und entdecke Deine ganz eigenen L\u00f6sungen f\u00fcr Deine Elternschaft. Individuell und ma\u00dfgeschneidert, f\u00fcr Dich und Deine Familie.<br \/>Bei allen Themenbereichen begleitet uns die grundlegende Frage: Womit sind wir evolution\u00e4r ausgestattet? Welche Erwartungen bringen unsere Babys mit?<\/p>\n<p>Folgende Themenbereiche gibt es zu entdecken:<\/p>\n<ul>\n<li>artgerecht leben mit dem Baby: Erfahre, warum unsere Babys sind, wer sie sind und wie wir dieses Wissen nutzen k\u00f6nnen.<\/li>\n<li>Gestaltung des artgerechten Alltags heute. Wie funktioniert ein bed\u00fcrfnisorientiertes, artgerechtes Leben in unserer modernen Welt?<\/li>\n<li>Babyschlaf \u2013 Gibt es ihn &#8211; den Babyschlaf?\u00a0 Wenn ja, wie funktioniert der? Und was f\u00fcr eine n\u00e4chtliche Begleitung erwarten unsere Babys? <br \/>Entdecke Alternativen f\u00fcr einen gesunden, nat\u00fcrlichen Schlaf f\u00fcr Dich und Dein Baby.<\/li>\n<li>Baby Led-Weaning \u2013 Was ist das eigentlich? Und wie funktioniert das? Ein evolutionsbiologischer Blick auf die Ern\u00e4hrung mit Tipps und Tricks f\u00fcr ein selbstbestimmtes und gemeinsames Essen.<\/li>\n<li>Traglinge &#8211; Was definiert sie? Was beinhaltet diese Definition genau? Erhalte Informationen und Ideen f\u00fcr angenehme Tragezeiten.<\/li>\n<li>Windelfrei \u2013 Ist das ein Trend? Oder eine Modeerscheinung? Wie genau funktioniert das? Was muss ich beachten? Mach Dich bereit f\u00fcr Tipps und Tricks zu Einstieg, Phasen und Herausforderungen.<\/li>\n<li>Betreuung \u2013 Wie kann eine artgerechte Betreuung stattfinden? Was sagt die Evolution? Wie kann ich herausfinden, was f\u00fcr mein Baby und meine Familie das Beste ist? Hier geht es um Aufkl\u00e4rung, Alternativen, Anregungen zu einer Betreuung, die f\u00fcr die gesamte Familie gesund und artgerecht ist.<\/li>\n<\/ul>\n<p><strong><span style=\"color: #993300;\">80 \u20ac \/ Stunde<\/span><\/strong><\/p>\n<p><span style=\"color: #993300;\"><strong>\u00a0<\/strong><\/span><em><\/em><span style=\"color: #993300;\"><strong><\/strong><\/span><\/p>\n<p><span style=\"color: #993300;\"><strong><\/strong><\/span><\/p>\n<p>[\/et_pb_text][\/et_pb_column][\/et_pb_row][\/et_pb_section][et_pb_section fb_built=&#8220;1&#8243; _builder_version=&#8220;4.16&#8243; global_colors_info=&#8220;{}&#8220;][et_pb_row column_structure=&#8220;1_2,1_4,1_4&#8243; _builder_version=&#8220;4.16&#8243; background_size=&#8220;initial&#8220; background_position=&#8220;top_left&#8220; background_repeat=&#8220;repeat&#8220; global_colors_info=&#8220;{}&#8220;][et_pb_column type=&#8220;1_2&#8243; _builder_version=&#8220;4.16&#8243; custom_padding=&#8220;|||&#8220; global_colors_info=&#8220;{}&#8220; custom_padding__hover=&#8220;|||&#8220;][et_pb_text _builder_version=&#8220;4.16&#8243; global_colors_info=&#8220;{}&#8220;]<\/p>\n<p style=\"text-align: right;\"><strong>Was k\u00f6nnte noch hilfreich f\u00fcr Dich sein:<\/strong><\/p>\n<p>[\/et_pb_text][\/et_pb_column][et_pb_column type=&#8220;1_4&#8243; _builder_version=&#8220;4.16&#8243; custom_padding=&#8220;|||&#8220; global_colors_info=&#8220;{}&#8220; custom_padding__hover=&#8220;|||&#8220;][et_pb_text _builder_version=&#8220;4.27.4&#8243; global_colors_info=&#8220;{}&#8220;]<\/p>\n<p>Du bist schwanger und m\u00f6chtest Deine Geburt<br \/>individuell vorbereiten?<br \/>Dann schau mal hier:<br \/><a href=\"https:\/\/karima-atwan.com\/vorbereitung-auf-die-geburt\/\">Geburtsvorbereitung<\/a><\/p>\n<p>[\/et_pb_text][\/et_pb_column][et_pb_column type=&#8220;1_4&#8243; _builder_version=&#8220;4.16&#8243; custom_padding=&#8220;|||&#8220; global_colors_info=&#8220;{}&#8220; custom_padding__hover=&#8220;|||&#8220;][et_pb_text _builder_version=&#8220;4.27.4&#8243; global_colors_info=&#8220;{}&#8220;]<\/p>\n<p>Deine Geburt liegt hinter Dir<br \/>und doch l\u00e4sst sie Dich nicht los?<br \/>Schau mal hier<br \/><a href=\"https:\/\/karima-atwan.com\/geburtsheilung\/\">Geburtsheilung<\/a><\/p>\n<p>[\/et_pb_text][\/et_pb_column][\/et_pb_row][\/et_pb_section][et_pb_section fb_built=&#8220;1&#8243; module_id=&#8220;contact&#8220; module_class=&#8220;jc-background&#8220; _builder_version=&#8220;3.18.2&#8243; background_color=&#8220;#60170f&#8220; global_module=&#8220;1677&#8243; global_colors_info=&#8220;{}&#8220;][et_pb_row column_structure=&#8220;1_3,2_3&#8243; _builder_version=&#8220;4.16&#8243; background_size=&#8220;initial&#8220; background_position=&#8220;top_left&#8220; background_repeat=&#8220;repeat&#8220; global_colors_info=&#8220;{}&#8220;][et_pb_column type=&#8220;1_3&#8243; _builder_version=&#8220;4.16&#8243; custom_padding=&#8220;|||&#8220; global_colors_info=&#8220;{}&#8220; custom_padding__hover=&#8220;|||&#8220;][et_pb_text admin_label=&#8220;Contact Us Text&#8220; _builder_version=&#8220;4.16&#8243; background_size=&#8220;initial&#8220; background_position=&#8220;top_left&#8220; background_repeat=&#8220;repeat&#8220; background_layout=&#8220;dark&#8220; module_alignment=&#8220;left&#8220; global_colors_info=&#8220;{}&#8220;]<\/p>\n<h1>Kontakt<\/h1>\n<hr \/>\n<p><strong>Karima Atwan<\/strong><br \/>\nDoula, Coachin und<br \/>\nFachberaterin f\u00fcr Psychotraumatologie<\/p>\n<p><span style=\"color: #ffffff;\"><a style=\"color: #ffffff;\">info@karima-atwan.de<\/a><\/span><\/p>\n<p>Telefon: +598 995 185 86<\/p>\n<p>[\/et_pb_text][et_pb_divider color=&#8220;#ffffff&#8220; disabled_on=&#8220;off&#8220; _builder_version=&#8220;4.16&#8243; hide_on_mobile=&#8220;off&#8220; global_colors_info=&#8220;{}&#8220;][\/et_pb_divider][\/et_pb_column][et_pb_column type=&#8220;2_3&#8243; _builder_version=&#8220;4.16&#8243; custom_padding=&#8220;|||&#8220; global_colors_info=&#8220;{}&#8220; custom_padding__hover=&#8220;|||&#8220;][et_pb_contact_form captcha=&#8220;off&#8220; module_id=&#8220;et_pb_contact_form_0&#8243; module_class=&#8220;jc-contact-form&#8220; _builder_version=&#8220;4.16&#8243; _unique_id=&#8220;e0eda9f5-0333-4b19-8b79-ab46f20ae044&#8243; custom_button=&#8220;on&#8220; button_bg_color=&#8220;#c1b2a7&#8243; button_font=&#8220;||||||||&#8220; custom_css_captcha_label=&#8220;color: #ffffff;&#8220; global_colors_info=&#8220;{}&#8220;][et_pb_contact_field field_id=&#8220;Name&#8220; field_title=&#8220;Name&#8220; _builder_version=&#8220;4.16&#8243; global_colors_info=&#8220;{}&#8220; button_text_size__hover_enabled=&#8220;off&#8220; button_one_text_size__hover_enabled=&#8220;off&#8220; button_two_text_size__hover_enabled=&#8220;off&#8220; button_text_color__hover_enabled=&#8220;off&#8220; button_one_text_color__hover_enabled=&#8220;off&#8220; button_two_text_color__hover_enabled=&#8220;off&#8220; button_border_width__hover_enabled=&#8220;off&#8220; button_one_border_width__hover_enabled=&#8220;off&#8220; button_two_border_width__hover_enabled=&#8220;off&#8220; button_border_color__hover_enabled=&#8220;off&#8220; button_one_border_color__hover_enabled=&#8220;off&#8220; button_two_border_color__hover_enabled=&#8220;off&#8220; button_border_radius__hover_enabled=&#8220;off&#8220; button_one_border_radius__hover_enabled=&#8220;off&#8220; button_two_border_radius__hover_enabled=&#8220;off&#8220; button_letter_spacing__hover_enabled=&#8220;off&#8220; button_one_letter_spacing__hover_enabled=&#8220;off&#8220; button_two_letter_spacing__hover_enabled=&#8220;off&#8220; button_bg_color__hover_enabled=&#8220;off&#8220; button_one_bg_color__hover_enabled=&#8220;off&#8220; button_two_bg_color__hover_enabled=&#8220;off&#8220;][\/et_pb_contact_field][et_pb_contact_field field_id=&#8220;Email&#8220; field_title=&#8220;Email Adresse&#8220; field_type=&#8220;email&#8220; fullwidth_field=&#8220;on&#8220; _builder_version=&#8220;4.16&#8243; form_field_font=&#8220;||||&#8220; use_border_color=&#8220;off&#8220; global_colors_info=&#8220;{}&#8220; button_text_size__hover_enabled=&#8220;off&#8220; button_one_text_size__hover_enabled=&#8220;off&#8220; button_two_text_size__hover_enabled=&#8220;off&#8220; button_text_color__hover_enabled=&#8220;off&#8220; button_one_text_color__hover_enabled=&#8220;off&#8220; button_two_text_color__hover_enabled=&#8220;off&#8220; button_border_width__hover_enabled=&#8220;off&#8220; button_one_border_width__hover_enabled=&#8220;off&#8220; button_two_border_width__hover_enabled=&#8220;off&#8220; button_border_color__hover_enabled=&#8220;off&#8220; button_one_border_color__hover_enabled=&#8220;off&#8220; button_two_border_color__hover_enabled=&#8220;off&#8220; button_border_radius__hover_enabled=&#8220;off&#8220; button_one_border_radius__hover_enabled=&#8220;off&#8220; button_two_border_radius__hover_enabled=&#8220;off&#8220; button_letter_spacing__hover_enabled=&#8220;off&#8220; button_one_letter_spacing__hover_enabled=&#8220;off&#8220; button_two_letter_spacing__hover_enabled=&#8220;off&#8220; button_bg_color__hover_enabled=&#8220;off&#8220; button_one_bg_color__hover_enabled=&#8220;off&#8220; button_two_bg_color__hover_enabled=&#8220;off&#8220;][\/et_pb_contact_field][et_pb_contact_field field_id=&#8220;Message&#8220; field_title=&#8220;Deine Nachricht an mich&#8220; field_type=&#8220;text&#8220; fullwidth_field=&#8220;on&#8220; _builder_version=&#8220;4.16&#8243; global_colors_info=&#8220;{}&#8220; button_text_size__hover_enabled=&#8220;off&#8220; button_one_text_size__hover_enabled=&#8220;off&#8220; button_two_text_size__hover_enabled=&#8220;off&#8220; button_text_color__hover_enabled=&#8220;off&#8220; button_one_text_color__hover_enabled=&#8220;off&#8220; button_two_text_color__hover_enabled=&#8220;off&#8220; button_border_width__hover_enabled=&#8220;off&#8220; button_one_border_width__hover_enabled=&#8220;off&#8220; button_two_border_width__hover_enabled=&#8220;off&#8220; button_border_color__hover_enabled=&#8220;off&#8220; button_one_border_color__hover_enabled=&#8220;off&#8220; button_two_border_color__hover_enabled=&#8220;off&#8220; button_border_radius__hover_enabled=&#8220;off&#8220; button_one_border_radius__hover_enabled=&#8220;off&#8220; button_two_border_radius__hover_enabled=&#8220;off&#8220; button_letter_spacing__hover_enabled=&#8220;off&#8220; button_one_letter_spacing__hover_enabled=&#8220;off&#8220; button_two_letter_spacing__hover_enabled=&#8220;off&#8220; button_bg_color__hover_enabled=&#8220;off&#8220; button_one_bg_color__hover_enabled=&#8220;off&#8220; button_two_bg_color__hover_enabled=&#8220;off&#8220;][\/et_pb_contact_field][\/et_pb_contact_form][\/et_pb_column][\/et_pb_row][\/et_pb_section]<\/p>\n","protected":false},"excerpt":{"rendered":"<p>artgerechtNat\u00fcrliche Elternschaft artgerechte Elternschaft &#8211; was ist das eigentlich? Was bedeutet bed\u00fcrfnisorientierte Elternschaft genau? Lass Dich von der Evolution inspirieren. Erfahre, was unsere Babys und wir in uns tragen. Erlebe ein neues Verst\u00e4ndnis f\u00fcr Dein Baby und seine Bed\u00fcrfnisse und entdecke Deine ganz eigenen L\u00f6sungen f\u00fcr Deine Elternschaft. Individuell und ma\u00dfgeschneidert, f\u00fcr Dich und Deine [&hellip;]<\/p>\n","protected":false},"author":3,"featured_media":0,"parent":0,"menu_order":0,"comment_status":"closed","ping_status":"closed","template":"","meta":{"_et_pb_use_builder":"on","_et_pb_old_content":"<p><img class=\"alignleft size-large wp-image-1583\" src=\"https:\/\/karima-atwan.com\/wp-content\/uploads\/Vorbereitung_Elternschaft-1024x683.jpeg\" alt=\"\" width=\"1024\" height=\"683\" \/><\/p><p>Das perfekte Coaching f\u00fcr Paare! Das Coaching umfasst 3 Stunden und Du kannst Dir 4 der folgenden 6 Themen aussuchen, die Du behandeln m\u00f6chtest:<br \/>- artgerecht leben mit dem Baby \u2013 Gestaltung des artgerechten Alltags heute<br \/>- Schlafen - Babyschlaf \u2013 Alternativen f\u00fcr gesunden, nat\u00fcrlichen Schlaf f\u00fcr Eltern und ihre Babys<br \/>- Stillen \u2013 die nat\u00fcrlichste und sch\u00f6nste Sache der Welt \u2013 warum sie manchmal schwerf\u00e4llt<br \/>- Baby Led-Weaning \u2013 Anregungen zu selbstbestimmten und gemeinsamem Essen<br \/>- Tragen \u2013 Informationen und Ideen f\u00fcr angenehme Tragezeiten<br \/>-\u00a0Windelfrei \u2013 Tipps und Tricks zu Einstieg, Phasen und Herausforderungen<br \/>- Betreuung \u2013 Wie kann eine artgerechte Betreuung stattfinden? Aufkl\u00e4rung, Alternativen, Anregungen.<br \/>Dauer: 3 Stunden<br \/>Kosten: 240 Euro<\/p>","_et_gb_content_width":"","footnotes":""},"class_list":["post-1892","page","type-page","status-publish","hentry"],"yoast_head":"<!-- This site is optimized with the Yoast SEO plugin v27.3 - https:\/\/yoast.com\/product\/yoast-seo-wordpress\/ -->\n<title>Vorbereitung auf Deine Elternschaft - Karima Atwan<\/title>\n<meta name=\"robots\" content=\"index, follow, max-snippet:-1, max-image-preview:large, max-video-preview:-1\" \/>\n<link rel=\"canonical\" href=\"https:\/\/karima-atwan.com\/en\/vorbereitung-auf-die-elternschaft\/\" \/>\n<meta property=\"og:locale\" content=\"en_US\" \/>\n<meta property=\"og:type\" content=\"article\" \/>\n<meta property=\"og:title\" content=\"Vorbereitung auf Deine Elternschaft - Karima Atwan\" \/>\n<meta property=\"og:description\" content=\"artgerechtNat\u00fcrliche Elternschaft artgerechte Elternschaft - was ist das eigentlich? Was bedeutet bed\u00fcrfnisorientierte Elternschaft genau? Lass Dich von der Evolution inspirieren. Erfahre, was unsere Babys und wir in uns tragen. Erlebe ein neues Verst\u00e4ndnis f\u00fcr Dein Baby und seine Bed\u00fcrfnisse und entdecke Deine ganz eigenen L\u00f6sungen f\u00fcr Deine Elternschaft. Individuell und ma\u00dfgeschneidert, f\u00fcr Dich und Deine [&hellip;]\" \/>\n<meta property=\"og:url\" content=\"https:\/\/karima-atwan.com\/en\/vorbereitung-auf-die-elternschaft\/\" \/>\n<meta property=\"og:site_name\" content=\"Karima Atwan\" \/>\n<meta property=\"article:publisher\" content=\"https:\/\/www.facebook.com\/profile.php?id=100064656013770\" \/>\n<meta property=\"article:modified_time\" content=\"2025-10-08T16:01:03+00:00\" \/>\n<meta name=\"twitter:card\" content=\"summary_large_image\" \/>\n<meta name=\"twitter:label1\" content=\"Est. reading time\" \/>\n\t<meta name=\"twitter:data1\" content=\"7 minutes\" \/>\n<script type=\"application\/ld+json\" class=\"yoast-schema-graph\">{\"@context\":\"https:\\\/\\\/schema.org\",\"@graph\":[{\"@type\":\"WebPage\",\"@id\":\"https:\\\/\\\/karima-atwan.com\\\/vorbereitung-auf-die-elternschaft\\\/\",\"url\":\"https:\\\/\\\/karima-atwan.com\\\/vorbereitung-auf-die-elternschaft\\\/\",\"name\":\"Vorbereitung auf Deine Elternschaft - Karima Atwan\",\"isPartOf\":{\"@id\":\"https:\\\/\\\/karima-atwan.com\\\/#website\"},\"datePublished\":\"2022-10-01T03:04:33+00:00\",\"dateModified\":\"2025-10-08T16:01:03+00:00\",\"breadcrumb\":{\"@id\":\"https:\\\/\\\/karima-atwan.com\\\/vorbereitung-auf-die-elternschaft\\\/#breadcrumb\"},\"inLanguage\":\"en-US\",\"potentialAction\":[{\"@type\":\"ReadAction\",\"target\":[\"https:\\\/\\\/karima-atwan.com\\\/vorbereitung-auf-die-elternschaft\\\/\"]}]},{\"@type\":\"BreadcrumbList\",\"@id\":\"https:\\\/\\\/karima-atwan.com\\\/vorbereitung-auf-die-elternschaft\\\/#breadcrumb\",\"itemListElement\":[{\"@type\":\"ListItem\",\"position\":1,\"name\":\"Startseite\",\"item\":\"https:\\\/\\\/karima-atwan.com\\\/\"},{\"@type\":\"ListItem\",\"position\":2,\"name\":\"Vorbereitung auf Deine Elternschaft\"}]},{\"@type\":\"WebSite\",\"@id\":\"https:\\\/\\\/karima-atwan.com\\\/#website\",\"url\":\"https:\\\/\\\/karima-atwan.com\\\/\",\"name\":\"Karima Atwan\",\"description\":\"Doula Geburtsbegleitung &amp; artgerecht\u00ae Coaching\",\"publisher\":{\"@id\":\"https:\\\/\\\/karima-atwan.com\\\/#organization\"},\"potentialAction\":[{\"@type\":\"SearchAction\",\"target\":{\"@type\":\"EntryPoint\",\"urlTemplate\":\"https:\\\/\\\/karima-atwan.com\\\/?s={search_term_string}\"},\"query-input\":{\"@type\":\"PropertyValueSpecification\",\"valueRequired\":true,\"valueName\":\"search_term_string\"}}],\"inLanguage\":\"en-US\"},{\"@type\":\"Organization\",\"@id\":\"https:\\\/\\\/karima-atwan.com\\\/#organization\",\"name\":\"Karima Atwan\",\"url\":\"https:\\\/\\\/karima-atwan.com\\\/\",\"logo\":{\"@type\":\"ImageObject\",\"inLanguage\":\"en-US\",\"@id\":\"https:\\\/\\\/karima-atwan.com\\\/#\\\/schema\\\/logo\\\/image\\\/\",\"url\":\"https:\\\/\\\/karima-atwan.com\\\/wp-content\\\/uploads\\\/Logo_End_ohne.jpg\",\"contentUrl\":\"https:\\\/\\\/karima-atwan.com\\\/wp-content\\\/uploads\\\/Logo_End_ohne.jpg\",\"width\":991,\"height\":550,\"caption\":\"Karima Atwan\"},\"image\":{\"@id\":\"https:\\\/\\\/karima-atwan.com\\\/#\\\/schema\\\/logo\\\/image\\\/\"},\"sameAs\":[\"https:\\\/\\\/www.facebook.com\\\/profile.php?id=100064656013770\",\"https:\\\/\\\/www.instagram.com\\\/schwanger_geburt_trauma\\\/\"]}]}<\/script>\n<!-- \/ Yoast SEO plugin. -->","yoast_head_json":{"title":"Vorbereitung auf Deine Elternschaft - Karima Atwan","robots":{"index":"index","follow":"follow","max-snippet":"max-snippet:-1","max-image-preview":"max-image-preview:large","max-video-preview":"max-video-preview:-1"},"canonical":"https:\/\/karima-atwan.com\/en\/vorbereitung-auf-die-elternschaft\/","og_locale":"en_US","og_type":"article","og_title":"Vorbereitung auf Deine Elternschaft - Karima Atwan","og_description":"artgerechtNat\u00fcrliche Elternschaft artgerechte Elternschaft - was ist das eigentlich? Was bedeutet bed\u00fcrfnisorientierte Elternschaft genau? Lass Dich von der Evolution inspirieren. Erfahre, was unsere Babys und wir in uns tragen. Erlebe ein neues Verst\u00e4ndnis f\u00fcr Dein Baby und seine Bed\u00fcrfnisse und entdecke Deine ganz eigenen L\u00f6sungen f\u00fcr Deine Elternschaft. Individuell und ma\u00dfgeschneidert, f\u00fcr Dich und Deine [&hellip;]","og_url":"https:\/\/karima-atwan.com\/en\/vorbereitung-auf-die-elternschaft\/","og_site_name":"Karima Atwan","article_publisher":"https:\/\/www.facebook.com\/profile.php?id=100064656013770","article_modified_time":"2025-10-08T16:01:03+00:00","twitter_card":"summary_large_image","twitter_misc":{"Est. reading time":"7 minutes"},"schema":{"@context":"https:\/\/schema.org","@graph":[{"@type":"WebPage","@id":"https:\/\/karima-atwan.com\/vorbereitung-auf-die-elternschaft\/","url":"https:\/\/karima-atwan.com\/vorbereitung-auf-die-elternschaft\/","name":"Vorbereitung auf Deine Elternschaft - Karima Atwan","isPartOf":{"@id":"https:\/\/karima-atwan.com\/#website"},"datePublished":"2022-10-01T03:04:33+00:00","dateModified":"2025-10-08T16:01:03+00:00","breadcrumb":{"@id":"https:\/\/karima-atwan.com\/vorbereitung-auf-die-elternschaft\/#breadcrumb"},"inLanguage":"en-US","potentialAction":[{"@type":"ReadAction","target":["https:\/\/karima-atwan.com\/vorbereitung-auf-die-elternschaft\/"]}]},{"@type":"BreadcrumbList","@id":"https:\/\/karima-atwan.com\/vorbereitung-auf-die-elternschaft\/#breadcrumb","itemListElement":[{"@type":"ListItem","position":1,"name":"Startseite","item":"https:\/\/karima-atwan.com\/"},{"@type":"ListItem","position":2,"name":"Vorbereitung auf Deine Elternschaft"}]},{"@type":"WebSite","@id":"https:\/\/karima-atwan.com\/#website","url":"https:\/\/karima-atwan.com\/","name":"Karima Atwan","description":"Doula Geburtsbegleitung &amp; artgerecht\u00ae Coaching","publisher":{"@id":"https:\/\/karima-atwan.com\/#organization"},"potentialAction":[{"@type":"SearchAction","target":{"@type":"EntryPoint","urlTemplate":"https:\/\/karima-atwan.com\/?s={search_term_string}"},"query-input":{"@type":"PropertyValueSpecification","valueRequired":true,"valueName":"search_term_string"}}],"inLanguage":"en-US"},{"@type":"Organization","@id":"https:\/\/karima-atwan.com\/#organization","name":"Karima Atwan","url":"https:\/\/karima-atwan.com\/","logo":{"@type":"ImageObject","inLanguage":"en-US","@id":"https:\/\/karima-atwan.com\/#\/schema\/logo\/image\/","url":"https:\/\/karima-atwan.com\/wp-content\/uploads\/Logo_End_ohne.jpg","contentUrl":"https:\/\/karima-atwan.com\/wp-content\/uploads\/Logo_End_ohne.jpg","width":991,"height":550,"caption":"Karima Atwan"},"image":{"@id":"https:\/\/karima-atwan.com\/#\/schema\/logo\/image\/"},"sameAs":["https:\/\/www.facebook.com\/profile.php?id=100064656013770","https:\/\/www.instagram.com\/schwanger_geburt_trauma\/"]}]}},"_links":{"self":[{"href":"https:\/\/karima-atwan.com\/en\/wp-json\/wp\/v2\/pages\/1892","targetHints":{"allow":["GET"]}}],"collection":[{"href":"https:\/\/karima-atwan.com\/en\/wp-json\/wp\/v2\/pages"}],"about":[{"href":"https:\/\/karima-atwan.com\/en\/wp-json\/wp\/v2\/types\/page"}],"author":[{"embeddable":true,"href":"https:\/\/karima-atwan.com\/en\/wp-json\/wp\/v2\/users\/3"}],"replies":[{"embeddable":true,"href":"https:\/\/karima-atwan.com\/en\/wp-json\/wp\/v2\/comments?post=1892"}],"version-history":[{"count":39,"href":"https:\/\/karima-atwan.com\/en\/wp-json\/wp\/v2\/pages\/1892\/revisions"}],"predecessor-version":[{"id":4307,"href":"https:\/\/karima-atwan.com\/en\/wp-json\/wp\/v2\/pages\/1892\/revisions\/4307"}],"wp:attachment":[{"href":"https:\/\/karima-atwan.com\/en\/wp-json\/wp\/v2\/media?parent=1892"}],"curies":[{"name":"wp","href":"https:\/\/api.w.org\/{rel}","templated":true}]}}