{"id":1591,"date":"2018-12-09T13:51:58","date_gmt":"2018-12-09T12:51:58","guid":{"rendered":"http:\/\/karima-atwan.de\/?page_id=1591"},"modified":"2026-03-30T12:15:49","modified_gmt":"2026-03-30T10:15:49","slug":"doula","status":"publish","type":"page","link":"https:\/\/karima-atwan.com\/en\/doula\/","title":{"rendered":"Doula - Birth Service"},"content":{"rendered":"<p>[et_pb_section fb_built=&#8220;1&#8243; admin_label=&#8220;section&#8220; _builder_version=&#8220;4.16&#8243; background_image=&#8220;https:\/\/karima-atwan.com\/wp-content\/uploads\/Schwangerschaft_gro\u00df-Kopie.jpg&#8220; parallax=&#8220;on&#8220; custom_padding=&#8220;0||0|&#8220; global_colors_info=&#8220;{}&#8220;][et_pb_row admin_label=&#8220;row&#8220; _builder_version=&#8220;4.16&#8243; background_size=&#8220;initial&#8220; background_position=&#8220;top_left&#8220; background_repeat=&#8220;repeat&#8220; global_colors_info=&#8220;{}&#8220;][et_pb_column type=&#8220;4_4&#8243; _builder_version=&#8220;4.16&#8243; custom_padding=&#8220;|||&#8220; global_colors_info=&#8220;{}&#8220; custom_padding__hover=&#8220;|||&#8220;][et_pb_divider show_divider=&#8220;off&#8220; disabled_on=&#8220;off&#8220; admin_label=&#8220;Hero Image 1920x1280px&#8220; _builder_version=&#8220;4.16&#8243; height=&#8220;700px&#8220; hide_on_mobile=&#8220;off&#8220; global_colors_info=&#8220;{}&#8220;][\/et_pb_divider][\/et_pb_column][\/et_pb_row][\/et_pb_section][et_pb_section fb_built=&#8220;1&#8243; module_id=&#8220;about&#8220; module_class=&#8220;jc-background&#8220; _builder_version=&#8220;4.16&#8243; background_color=&#8220;#ffffff&#8220; custom_padding=&#8220;54px|0px|0|0px&#8220; transparent_background=&#8220;off&#8220; global_colors_info=&#8220;{}&#8220;][et_pb_row column_structure=&#8220;1_4,3_4&#8243; _builder_version=&#8220;4.16&#8243; background_size=&#8220;initial&#8220; background_position=&#8220;top_left&#8220; background_repeat=&#8220;repeat&#8220; custom_padding=&#8220;27px|0px|0|0px&#8220; global_colors_info=&#8220;{}&#8220;][et_pb_column type=&#8220;1_4&#8243; _builder_version=&#8220;4.16&#8243; custom_padding=&#8220;|||&#8220; global_colors_info=&#8220;{}&#8220; custom_padding__hover=&#8220;|||&#8220;][\/et_pb_column][et_pb_column type=&#8220;3_4&#8243; _builder_version=&#8220;4.16&#8243; custom_padding=&#8220;|||&#8220; global_colors_info=&#8220;{}&#8220; custom_padding__hover=&#8220;|||&#8220;][et_pb_text admin_label=&#8220;About Us Text&#8220; _builder_version=&#8220;4.27.4&#8243; text_text_color=&#8220;#2e353d&#8220; header_font=&#8220;|600|||||||&#8220; header_text_color=&#8220;#8e1917&#8243; background_size=&#8220;initial&#8220; background_position=&#8220;top_left&#8220; background_repeat=&#8220;repeat&#8220; text_orientation=&#8220;justified&#8220; module_alignment=&#8220;left&#8220; border_style=&#8220;solid&#8220; global_colors_info=&#8220;{}&#8220;]<\/p>\n<h1 style=\"text-align: left;\">Doula &#8211; Geburtsbegleitung<\/h1>\n<p style=\"text-align: left;\">Du darfst ein Kind unter Deinem Herzen tragen, was f\u00fcr ein Geschenk. Eine Zeit voller Ver\u00e4nderung, Wachstum und intensiver Gef\u00fchle. Viele Fragen kommen auf, vielleicht auch Unsicherheiten und \u00c4ngste. Das ist v\u00f6llig normal und geh\u00f6rt zum Prozess dazu.<\/p>\n<p>Und dann n\u00e4hert sich Deine Geburt. Sie wird ein Ereignis sein, an das Du Dich immer erinnern wirst. Schenke ihr die Aufmerksamkeit und Anerkennung, die sie verdient. Dieses Es gibt viele hilfreiche Informationen und \u00dcbungen auf verschiedensten Ebenen, die es zu entdecken gibt. Lass uns Deine ganz individuelle Reise vorbereiten.<\/p>\n<p>Wir k\u00f6nnen uns live und vor Ort treffen &#8211; je nachdem wo in Uruguay Du wohnst. Ansonsten k\u00f6nnen wir auch online miteinander arbeiten. Ganz, wie Du es Dir w\u00fcnschst.<\/p>\n<p>Doula? Das bedeutet Deine Vertraute an Deiner Seite. F\u00fcr die gesamte Geburt &#8211; ohne Schichtwechsel.\u00a0 Wenn Du noch ausf\u00fchrlicher wissen m\u00f6chtest, was eine Doula macht, dann lies hier weiter. Und wie eine <a href=\"https:\/\/karima-atwan.com\/geburt\/\">Geburtsreise aussehen kann, kannst Du hier sehen.<\/a><\/p>\n<p>[\/et_pb_text][\/et_pb_column][\/et_pb_row][\/et_pb_section][et_pb_section fb_built=&#8220;1&#8243; module_id=&#8220;services&#8220; module_class=&#8220;jc-background&#8220; _builder_version=&#8220;4.16&#8243; background_color=&#8220;#ffffff&#8220; custom_padding=&#8220;0|0px|100px|0px&#8220; transparent_background=&#8220;off&#8220; global_colors_info=&#8220;{}&#8220;][et_pb_row column_structure=&#8220;1_2,1_2&#8243; _builder_version=&#8220;4.16&#8243; background_size=&#8220;initial&#8220; background_position=&#8220;top_left&#8220; background_repeat=&#8220;repeat&#8220; min_height=&#8220;939.7px&#8220; custom_margin=&#8220;166px|auto||auto||&#8220; global_colors_info=&#8220;{}&#8220;][et_pb_column type=&#8220;1_2&#8243; _builder_version=&#8220;4.16&#8243; custom_padding=&#8220;|||&#8220; global_colors_info=&#8220;{}&#8220; custom_padding__hover=&#8220;|||&#8220;][et_pb_image src=&#8220;https:\/\/karima-atwan.com\/wp-content\/uploads\/Design-ohne-Titel-1-scaled.png&#8220; title_text=&#8220;Design ohne Titel (1)&#8220; align_tablet=&#8220;center&#8220; align_phone=&#8220;center&#8220; align_last_edited=&#8220;on|desktop&#8220; _builder_version=&#8220;4.27.4&#8243; global_colors_info=&#8220;{}&#8220;]<br \/>\n[\/et_pb_image][et_pb_button button_url=&#8220;https:\/\/karima-atwan.com\/geburtsbegleitung\/&#8220; url_new_window=&#8220;on&#8220; button_text=&#8220;Erfahre mehr&#8220; _builder_version=&#8220;4.27.4&#8243; _module_preset=&#8220;default&#8220; custom_button=&#8220;on&#8220; button_text_size=&#8220;24px&#8220; button_text_color=&#8220;#FFFFFF&#8220; button_bg_color=&#8220;#F0B800&#8243; button_border_width=&#8220;0px&#8220; button_border_radius=&#8220;44px&#8220; button_use_icon=&#8220;off&#8220; background_layout=&#8220;dark&#8220; global_colors_info=&#8220;{}&#8220;][\/et_pb_button][\/et_pb_column][et_pb_column type=&#8220;1_2&#8243; _builder_version=&#8220;4.16&#8243; custom_padding=&#8220;|||&#8220; global_colors_info=&#8220;{}&#8220; custom_padding__hover=&#8220;|||&#8220;][et_pb_text admin_label=&#8220;Bridesmaids&#8220; _builder_version=&#8220;4.27.6&#8243; text_text_color=&#8220;#2e353d&#8220; header_text_color=&#8220;#2e353d&#8220; background_size=&#8220;initial&#8220; background_position=&#8220;top_left&#8220; background_repeat=&#8220;repeat&#8220; text_orientation=&#8220;center&#8220; module_alignment=&#8220;center&#8220; link_option_url=&#8220;https:\/\/karima-atwan.com\/geburtsbegleitung\/&#8220; hover_enabled=&#8220;0&#8243; global_colors_info=&#8220;{}&#8220; sticky_enabled=&#8220;0&#8243;]<\/p>\n<h1 style=\"text-align: center;\">Geburtsbegleitung in Uruguay<\/h1>\n<hr \/>\n<h4 style=\"text-align: left;\">Geburt ist eine Reise, Geburt ist eine Transformation, Geburt ist elementar \u2013 Geburt ist heilig. Eine Geburt begleiten zu d\u00fcrfen ist eine Ehre und die wunderbarste Arbeit, die ich mir vorstellen kann.<\/h4>\n<p style=\"text-align: left;\">Eine solche Reise in einem neuen, vielleicht fremden Land anzutreten, welches nicht das Heimatland ist, bringt noch mehr Herausforderungen mit sich. Ich unterst\u00fctze Dich in diesen sensiblen Zeiten, sodass Du Deine Geburt in Uruguay mit einer Vertrauten erleben kannst. Zu wissen, jemand wird an meiner Seite sein, mit dem ich in meiner Muttersprache reden kann, ist eine solche Entlastung. Du kannst Dich auf mich verlassen. Ich helfe Dir und unterst\u00fctze Dich in der Kommunikation mit Deiner Hebamme aus Uruguay, sowohl w\u00e4hrend einer Hausgeburt, als auch bei einer Geburt im Krankenhaus.<\/p>\n<h4 style=\"text-align: left;\"><a href=\"https:\/\/karima-atwan.com\/geburtsbegleitung\/\">Du bist neugierig geworden, oder? Schau hier, welche Kombination Dir am besten gef\u00e4llt.<\/a><\/h4>\n<p style=\"text-align: left;\">Du kannst Deutsch oder Englisch mit mir reden. In meiner Arbeit ist es wichtig, insbesondere in unseren Vortreffen, dass wir uns gut kennenlernen k\u00f6nnen. Dazu ist es wichtig, zu sp\u00fcren, ob die Energie, die sogenannte &#8222;Chemie&#8220; stimmt. Der Austausch und die Vorbereitung finden verbal statt. Vieles gibt es zu besprechen, zu kl\u00e4ren, zu fragen. Nat\u00fcrlich auch zu erfahren und das alles auf k\u00f6rperlicher Ebene. Wenn Du Deine Bed\u00fcrfnisse und Gef\u00fchle in Deiner Muttersprache ausdr\u00fccken kannst, ist das eine gro\u00dfe Erleichterung. Ich bin bei Dir, um Deine Geburtsreise, nach Deinen W\u00fcnschen zu begleiten.<\/p>\n<p style=\"text-align: left;\">[\/et_pb_text][\/et_pb_column][\/et_pb_row][et_pb_row column_structure=&#8220;1_2,1_2&#8243; _builder_version=&#8220;4.16&#8243; background_size=&#8220;initial&#8220; background_position=&#8220;top_left&#8220; background_repeat=&#8220;repeat&#8220; min_height=&#8220;533.4px&#8220; custom_margin=&#8220;174px|auto||auto||&#8220; custom_padding=&#8220;3px|||||&#8220; global_colors_info=&#8220;{}&#8220;][et_pb_column type=&#8220;1_2&#8243; _builder_version=&#8220;4.16&#8243; custom_padding=&#8220;|||&#8220; global_colors_info=&#8220;{}&#8220; custom_padding__hover=&#8220;|||&#8220;][et_pb_image src=&#8220;https:\/\/karima-atwan.com\/wp-content\/uploads\/Blessingway.webp&#8220; title_text=&#8220;Blessingway&#8220; align_tablet=&#8220;center&#8220; align_phone=&#8220;center&#8220; align_last_edited=&#8220;on|desktop&#8220; _builder_version=&#8220;4.27.4&#8243; global_colors_info=&#8220;{}&#8220;]<br \/>\n[\/et_pb_image][\/et_pb_column][et_pb_column type=&#8220;1_2&#8243; _builder_version=&#8220;4.16&#8243; custom_padding=&#8220;|||&#8220; global_colors_info=&#8220;{}&#8220; custom_padding__hover=&#8220;|||&#8220;][et_pb_text admin_label=&#8220;Bridesmaids&#8220; _builder_version=&#8220;4.21.0&#8243; text_text_color=&#8220;#2e353d&#8220; header_text_color=&#8220;#2e353d&#8220; background_size=&#8220;initial&#8220; background_position=&#8220;top_left&#8220; background_repeat=&#8220;repeat&#8220; text_orientation=&#8220;center&#8220; module_alignment=&#8220;center&#8220; global_colors_info=&#8220;{}&#8220;]<\/p>\n<h1 style=\"text-align: center;\">Rituale und Zeremonien<br \/>in Uruguay<\/h1>\n<hr \/>\n<ul style=\"text-align: left;\">\n<li><a href=\"https:\/\/karima-atwan.com\/rituale-und-zeremonien\/\">Blessingway<\/a><\/li>\n<\/ul>\n<p style=\"text-align: left; padding-left: 60px;\">Dieses wunderbare Ritual feiert Dich als Schwangere Frau. Sie feiert die weibliche Urkraft und den \u00dcbergang von Dir als Frau zur Mutter. Ein uralter Brauch, der die Weiblichkeit, die F\u00e4higkeit zu geb\u00e4ren und die Intuition feiert.<\/p>\n<ul style=\"text-align: left;\">\n<li><a href=\"https:\/\/karima-atwan.com\/rituale-und-zeremonien\/\">Baby-Bonding-Bad<\/a><\/li>\n<\/ul>\n<p style=\"text-align: left; padding-left: 60px;\">Eine sehr wirksame Methode die Bindung zwischen Mama und Baby zu st\u00e4rken, auch bei traumatischen Geburtserlebnissen.<\/p>\n<ul style=\"text-align: left;\">\n<li><a href=\"https:\/\/karima-atwan.com\/rituale-und-zeremonien\/\">Closing the bones<\/a><\/li>\n<\/ul>\n<p style=\"text-align: left; padding-left: 60px;\">\u201cClosing the Bones\u201d ist eine mexikanische Tradition: Das \u201cSchlie\u00dfen der Knochen\u201d. Eine Zeremonie die den \u00dcbergang vom \u00d6ffnen zum Schlie\u00dfen nach der Geburt unterst\u00fctzt, mental und physiologisch.<\/p>\n<ul style=\"text-align: left;\">\n<li><a href=\"https:\/\/karima-atwan.com\/rituale-und-zeremonien\/\">Geburtsbericht<\/a><\/li>\n<\/ul>\n<p style=\"text-align: left; padding-left: 60px;\">Deine Geburt in geschriebener Form.<\/p>\n<p style=\"text-align: left;\">[\/et_pb_text][\/et_pb_column][\/et_pb_row][\/et_pb_section][et_pb_section fb_built=&#8220;1&#8243; module_id=&#8220;contact&#8220; module_class=&#8220;jc-background&#8220; _builder_version=&#8220;3.18.2&#8243; background_color=&#8220;#60170f&#8220; global_module=&#8220;1677&#8243; global_colors_info=&#8220;{}&#8220;][et_pb_row column_structure=&#8220;1_3,2_3&#8243; _builder_version=&#8220;4.16&#8243; background_size=&#8220;initial&#8220; background_position=&#8220;top_left&#8220; background_repeat=&#8220;repeat&#8220; global_colors_info=&#8220;{}&#8220;][et_pb_column type=&#8220;1_3&#8243; _builder_version=&#8220;4.16&#8243; custom_padding=&#8220;|||&#8220; global_colors_info=&#8220;{}&#8220; custom_padding__hover=&#8220;|||&#8220;][et_pb_text admin_label=&#8220;Contact Us Text&#8220; _builder_version=&#8220;4.16&#8243; background_size=&#8220;initial&#8220; background_position=&#8220;top_left&#8220; background_repeat=&#8220;repeat&#8220; background_layout=&#8220;dark&#8220; module_alignment=&#8220;left&#8220; global_colors_info=&#8220;{}&#8220;]<\/p>\n<h1>Kontakt<\/h1>\n<hr \/>\n<p><strong>Karima Atwan<\/strong><br \/>\nDoula, Coachin und<br \/>\nFachberaterin f\u00fcr Psychotraumatologie<\/p>\n<p><span style=\"color: #ffffff;\"><a style=\"color: #ffffff;\">info@karima-atwan.de<\/a><\/span><\/p>\n<p>Telefon: +598 995 185 86<\/p>\n<p>[\/et_pb_text][et_pb_divider color=&#8220;#ffffff&#8220; disabled_on=&#8220;off&#8220; _builder_version=&#8220;4.16&#8243; hide_on_mobile=&#8220;off&#8220; global_colors_info=&#8220;{}&#8220;][\/et_pb_divider][\/et_pb_column][et_pb_column type=&#8220;2_3&#8243; _builder_version=&#8220;4.16&#8243; custom_padding=&#8220;|||&#8220; global_colors_info=&#8220;{}&#8220; custom_padding__hover=&#8220;|||&#8220;][et_pb_contact_form captcha=&#8220;off&#8220; module_id=&#8220;et_pb_contact_form_0&#8243; module_class=&#8220;jc-contact-form&#8220; _builder_version=&#8220;4.16&#8243; _unique_id=&#8220;e0eda9f5-0333-4b19-8b79-ab46f20ae044&#8243; custom_button=&#8220;on&#8220; button_bg_color=&#8220;#c1b2a7&#8243; button_font=&#8220;||||||||&#8220; custom_css_captcha_label=&#8220;color: #ffffff;&#8220; global_colors_info=&#8220;{}&#8220;][et_pb_contact_field field_id=&#8220;Name&#8220; field_title=&#8220;Name&#8220; _builder_version=&#8220;4.16&#8243; global_colors_info=&#8220;{}&#8220; button_text_size__hover_enabled=&#8220;off&#8220; button_one_text_size__hover_enabled=&#8220;off&#8220; button_two_text_size__hover_enabled=&#8220;off&#8220; button_text_color__hover_enabled=&#8220;off&#8220; button_one_text_color__hover_enabled=&#8220;off&#8220; button_two_text_color__hover_enabled=&#8220;off&#8220; button_border_width__hover_enabled=&#8220;off&#8220; button_one_border_width__hover_enabled=&#8220;off&#8220; button_two_border_width__hover_enabled=&#8220;off&#8220; button_border_color__hover_enabled=&#8220;off&#8220; button_one_border_color__hover_enabled=&#8220;off&#8220; button_two_border_color__hover_enabled=&#8220;off&#8220; button_border_radius__hover_enabled=&#8220;off&#8220; button_one_border_radius__hover_enabled=&#8220;off&#8220; button_two_border_radius__hover_enabled=&#8220;off&#8220; button_letter_spacing__hover_enabled=&#8220;off&#8220; button_one_letter_spacing__hover_enabled=&#8220;off&#8220; button_two_letter_spacing__hover_enabled=&#8220;off&#8220; button_bg_color__hover_enabled=&#8220;off&#8220; button_one_bg_color__hover_enabled=&#8220;off&#8220; button_two_bg_color__hover_enabled=&#8220;off&#8220;][\/et_pb_contact_field][et_pb_contact_field field_id=&#8220;Email&#8220; field_title=&#8220;Email Adresse&#8220; field_type=&#8220;email&#8220; fullwidth_field=&#8220;on&#8220; _builder_version=&#8220;4.16&#8243; form_field_font=&#8220;||||&#8220; use_border_color=&#8220;off&#8220; global_colors_info=&#8220;{}&#8220; button_text_size__hover_enabled=&#8220;off&#8220; button_one_text_size__hover_enabled=&#8220;off&#8220; button_two_text_size__hover_enabled=&#8220;off&#8220; button_text_color__hover_enabled=&#8220;off&#8220; button_one_text_color__hover_enabled=&#8220;off&#8220; button_two_text_color__hover_enabled=&#8220;off&#8220; button_border_width__hover_enabled=&#8220;off&#8220; button_one_border_width__hover_enabled=&#8220;off&#8220; button_two_border_width__hover_enabled=&#8220;off&#8220; button_border_color__hover_enabled=&#8220;off&#8220; button_one_border_color__hover_enabled=&#8220;off&#8220; button_two_border_color__hover_enabled=&#8220;off&#8220; button_border_radius__hover_enabled=&#8220;off&#8220; button_one_border_radius__hover_enabled=&#8220;off&#8220; button_two_border_radius__hover_enabled=&#8220;off&#8220; button_letter_spacing__hover_enabled=&#8220;off&#8220; button_one_letter_spacing__hover_enabled=&#8220;off&#8220; button_two_letter_spacing__hover_enabled=&#8220;off&#8220; button_bg_color__hover_enabled=&#8220;off&#8220; button_one_bg_color__hover_enabled=&#8220;off&#8220; button_two_bg_color__hover_enabled=&#8220;off&#8220;][\/et_pb_contact_field][et_pb_contact_field field_id=&#8220;Message&#8220; field_title=&#8220;Deine Nachricht an mich&#8220; field_type=&#8220;text&#8220; fullwidth_field=&#8220;on&#8220; _builder_version=&#8220;4.16&#8243; global_colors_info=&#8220;{}&#8220; button_text_size__hover_enabled=&#8220;off&#8220; button_one_text_size__hover_enabled=&#8220;off&#8220; button_two_text_size__hover_enabled=&#8220;off&#8220; button_text_color__hover_enabled=&#8220;off&#8220; button_one_text_color__hover_enabled=&#8220;off&#8220; button_two_text_color__hover_enabled=&#8220;off&#8220; button_border_width__hover_enabled=&#8220;off&#8220; button_one_border_width__hover_enabled=&#8220;off&#8220; button_two_border_width__hover_enabled=&#8220;off&#8220; button_border_color__hover_enabled=&#8220;off&#8220; button_one_border_color__hover_enabled=&#8220;off&#8220; button_two_border_color__hover_enabled=&#8220;off&#8220; button_border_radius__hover_enabled=&#8220;off&#8220; button_one_border_radius__hover_enabled=&#8220;off&#8220; button_two_border_radius__hover_enabled=&#8220;off&#8220; button_letter_spacing__hover_enabled=&#8220;off&#8220; button_one_letter_spacing__hover_enabled=&#8220;off&#8220; button_two_letter_spacing__hover_enabled=&#8220;off&#8220; button_bg_color__hover_enabled=&#8220;off&#8220; button_one_bg_color__hover_enabled=&#8220;off&#8220; button_two_bg_color__hover_enabled=&#8220;off&#8220;][\/et_pb_contact_field][\/et_pb_contact_form][\/et_pb_column][\/et_pb_row][\/et_pb_section]<\/p>\n","protected":false},"excerpt":{"rendered":"<p>Doula &#8211; Geburtsbegleitung Du darfst ein Kind unter Deinem Herzen tragen, was f\u00fcr ein Geschenk. Eine Zeit voller Ver\u00e4nderung, Wachstum und intensiver Gef\u00fchle. Viele Fragen kommen auf, vielleicht auch Unsicherheiten und \u00c4ngste. Das ist v\u00f6llig normal und geh\u00f6rt zum Prozess dazu. Und dann n\u00e4hert sich Deine Geburt. Sie wird ein Ereignis sein, an das Du [&hellip;]<\/p>\n","protected":false},"author":4,"featured_media":0,"parent":0,"menu_order":0,"comment_status":"closed","ping_status":"closed","template":"","meta":{"_et_pb_use_builder":"on","_et_pb_old_content":"","_et_gb_content_width":"","footnotes":""},"class_list":["post-1591","page","type-page","status-publish","hentry"],"yoast_head":"<!-- This site is optimized with the Yoast SEO plugin v27.3 - https:\/\/yoast.com\/product\/yoast-seo-wordpress\/ -->\n<title>Doula - Geburtsbegleitung - Karima Atwan<\/title>\n<meta name=\"robots\" content=\"index, follow, max-snippet:-1, max-image-preview:large, max-video-preview:-1\" \/>\n<link rel=\"canonical\" href=\"https:\/\/karima-atwan.com\/en\/doula\/\" \/>\n<meta property=\"og:locale\" content=\"en_US\" \/>\n<meta property=\"og:type\" content=\"article\" \/>\n<meta property=\"og:title\" content=\"Doula - Geburtsbegleitung - Karima Atwan\" \/>\n<meta property=\"og:description\" content=\"Doula - Geburtsbegleitung Du darfst ein Kind unter Deinem Herzen tragen, was f\u00fcr ein Geschenk. Eine Zeit voller Ver\u00e4nderung, Wachstum und intensiver Gef\u00fchle. Viele Fragen kommen auf, vielleicht auch Unsicherheiten und \u00c4ngste. Das ist v\u00f6llig normal und geh\u00f6rt zum Prozess dazu. Und dann n\u00e4hert sich Deine Geburt. Sie wird ein Ereignis sein, an das Du [&hellip;]\" \/>\n<meta property=\"og:url\" content=\"https:\/\/karima-atwan.com\/en\/doula\/\" \/>\n<meta property=\"og:site_name\" content=\"Karima Atwan\" \/>\n<meta property=\"article:publisher\" content=\"https:\/\/www.facebook.com\/profile.php?id=100064656013770\" \/>\n<meta property=\"article:modified_time\" content=\"2026-03-30T10:15:49+00:00\" \/>\n<meta name=\"twitter:card\" content=\"summary_large_image\" \/>\n<meta name=\"twitter:label1\" content=\"Est. reading time\" \/>\n\t<meta name=\"twitter:data1\" content=\"5 minutes\" \/>\n<script type=\"application\/ld+json\" class=\"yoast-schema-graph\">{\"@context\":\"https:\\\/\\\/schema.org\",\"@graph\":[{\"@type\":\"WebPage\",\"@id\":\"https:\\\/\\\/karima-atwan.com\\\/doula\\\/\",\"url\":\"https:\\\/\\\/karima-atwan.com\\\/doula\\\/\",\"name\":\"Doula - Geburtsbegleitung - Karima Atwan\",\"isPartOf\":{\"@id\":\"https:\\\/\\\/karima-atwan.com\\\/#website\"},\"datePublished\":\"2018-12-09T12:51:58+00:00\",\"dateModified\":\"2026-03-30T10:15:49+00:00\",\"breadcrumb\":{\"@id\":\"https:\\\/\\\/karima-atwan.com\\\/doula\\\/#breadcrumb\"},\"inLanguage\":\"en-US\",\"potentialAction\":[{\"@type\":\"ReadAction\",\"target\":[\"https:\\\/\\\/karima-atwan.com\\\/doula\\\/\"]}]},{\"@type\":\"BreadcrumbList\",\"@id\":\"https:\\\/\\\/karima-atwan.com\\\/doula\\\/#breadcrumb\",\"itemListElement\":[{\"@type\":\"ListItem\",\"position\":1,\"name\":\"Startseite\",\"item\":\"https:\\\/\\\/karima-atwan.com\\\/\"},{\"@type\":\"ListItem\",\"position\":2,\"name\":\"Doula &#8211; Geburtsbegleitung\"}]},{\"@type\":\"WebSite\",\"@id\":\"https:\\\/\\\/karima-atwan.com\\\/#website\",\"url\":\"https:\\\/\\\/karima-atwan.com\\\/\",\"name\":\"Karima Atwan\",\"description\":\"Doula Geburtsbegleitung &amp; artgerecht\u00ae Coaching\",\"publisher\":{\"@id\":\"https:\\\/\\\/karima-atwan.com\\\/#organization\"},\"potentialAction\":[{\"@type\":\"SearchAction\",\"target\":{\"@type\":\"EntryPoint\",\"urlTemplate\":\"https:\\\/\\\/karima-atwan.com\\\/?s={search_term_string}\"},\"query-input\":{\"@type\":\"PropertyValueSpecification\",\"valueRequired\":true,\"valueName\":\"search_term_string\"}}],\"inLanguage\":\"en-US\"},{\"@type\":\"Organization\",\"@id\":\"https:\\\/\\\/karima-atwan.com\\\/#organization\",\"name\":\"Karima Atwan\",\"url\":\"https:\\\/\\\/karima-atwan.com\\\/\",\"logo\":{\"@type\":\"ImageObject\",\"inLanguage\":\"en-US\",\"@id\":\"https:\\\/\\\/karima-atwan.com\\\/#\\\/schema\\\/logo\\\/image\\\/\",\"url\":\"https:\\\/\\\/karima-atwan.com\\\/wp-content\\\/uploads\\\/Logo_End_ohne.jpg\",\"contentUrl\":\"https:\\\/\\\/karima-atwan.com\\\/wp-content\\\/uploads\\\/Logo_End_ohne.jpg\",\"width\":991,\"height\":550,\"caption\":\"Karima Atwan\"},\"image\":{\"@id\":\"https:\\\/\\\/karima-atwan.com\\\/#\\\/schema\\\/logo\\\/image\\\/\"},\"sameAs\":[\"https:\\\/\\\/www.facebook.com\\\/profile.php?id=100064656013770\",\"https:\\\/\\\/www.instagram.com\\\/schwanger_geburt_trauma\\\/\"]}]}<\/script>\n<!-- \/ Yoast SEO plugin. -->","yoast_head_json":{"title":"Doula - Geburtsbegleitung - Karima Atwan","robots":{"index":"index","follow":"follow","max-snippet":"max-snippet:-1","max-image-preview":"max-image-preview:large","max-video-preview":"max-video-preview:-1"},"canonical":"https:\/\/karima-atwan.com\/en\/doula\/","og_locale":"en_US","og_type":"article","og_title":"Doula - Geburtsbegleitung - Karima Atwan","og_description":"Doula - Geburtsbegleitung Du darfst ein Kind unter Deinem Herzen tragen, was f\u00fcr ein Geschenk. Eine Zeit voller Ver\u00e4nderung, Wachstum und intensiver Gef\u00fchle. Viele Fragen kommen auf, vielleicht auch Unsicherheiten und \u00c4ngste. Das ist v\u00f6llig normal und geh\u00f6rt zum Prozess dazu. Und dann n\u00e4hert sich Deine Geburt. Sie wird ein Ereignis sein, an das Du [&hellip;]","og_url":"https:\/\/karima-atwan.com\/en\/doula\/","og_site_name":"Karima Atwan","article_publisher":"https:\/\/www.facebook.com\/profile.php?id=100064656013770","article_modified_time":"2026-03-30T10:15:49+00:00","twitter_card":"summary_large_image","twitter_misc":{"Est. reading time":"5 minutes"},"schema":{"@context":"https:\/\/schema.org","@graph":[{"@type":"WebPage","@id":"https:\/\/karima-atwan.com\/doula\/","url":"https:\/\/karima-atwan.com\/doula\/","name":"Doula - Geburtsbegleitung - Karima Atwan","isPartOf":{"@id":"https:\/\/karima-atwan.com\/#website"},"datePublished":"2018-12-09T12:51:58+00:00","dateModified":"2026-03-30T10:15:49+00:00","breadcrumb":{"@id":"https:\/\/karima-atwan.com\/doula\/#breadcrumb"},"inLanguage":"en-US","potentialAction":[{"@type":"ReadAction","target":["https:\/\/karima-atwan.com\/doula\/"]}]},{"@type":"BreadcrumbList","@id":"https:\/\/karima-atwan.com\/doula\/#breadcrumb","itemListElement":[{"@type":"ListItem","position":1,"name":"Startseite","item":"https:\/\/karima-atwan.com\/"},{"@type":"ListItem","position":2,"name":"Doula &#8211; Geburtsbegleitung"}]},{"@type":"WebSite","@id":"https:\/\/karima-atwan.com\/#website","url":"https:\/\/karima-atwan.com\/","name":"Karima Atwan","description":"Doula Geburtsbegleitung &amp; artgerecht\u00ae Coaching","publisher":{"@id":"https:\/\/karima-atwan.com\/#organization"},"potentialAction":[{"@type":"SearchAction","target":{"@type":"EntryPoint","urlTemplate":"https:\/\/karima-atwan.com\/?s={search_term_string}"},"query-input":{"@type":"PropertyValueSpecification","valueRequired":true,"valueName":"search_term_string"}}],"inLanguage":"en-US"},{"@type":"Organization","@id":"https:\/\/karima-atwan.com\/#organization","name":"Karima Atwan","url":"https:\/\/karima-atwan.com\/","logo":{"@type":"ImageObject","inLanguage":"en-US","@id":"https:\/\/karima-atwan.com\/#\/schema\/logo\/image\/","url":"https:\/\/karima-atwan.com\/wp-content\/uploads\/Logo_End_ohne.jpg","contentUrl":"https:\/\/karima-atwan.com\/wp-content\/uploads\/Logo_End_ohne.jpg","width":991,"height":550,"caption":"Karima Atwan"},"image":{"@id":"https:\/\/karima-atwan.com\/#\/schema\/logo\/image\/"},"sameAs":["https:\/\/www.facebook.com\/profile.php?id=100064656013770","https:\/\/www.instagram.com\/schwanger_geburt_trauma\/"]}]}},"_links":{"self":[{"href":"https:\/\/karima-atwan.com\/en\/wp-json\/wp\/v2\/pages\/1591","targetHints":{"allow":["GET"]}}],"collection":[{"href":"https:\/\/karima-atwan.com\/en\/wp-json\/wp\/v2\/pages"}],"about":[{"href":"https:\/\/karima-atwan.com\/en\/wp-json\/wp\/v2\/types\/page"}],"author":[{"embeddable":true,"href":"https:\/\/karima-atwan.com\/en\/wp-json\/wp\/v2\/users\/4"}],"replies":[{"embeddable":true,"href":"https:\/\/karima-atwan.com\/en\/wp-json\/wp\/v2\/comments?post=1591"}],"version-history":[{"count":115,"href":"https:\/\/karima-atwan.com\/en\/wp-json\/wp\/v2\/pages\/1591\/revisions"}],"predecessor-version":[{"id":4511,"href":"https:\/\/karima-atwan.com\/en\/wp-json\/wp\/v2\/pages\/1591\/revisions\/4511"}],"wp:attachment":[{"href":"https:\/\/karima-atwan.com\/en\/wp-json\/wp\/v2\/media?parent=1591"}],"curies":[{"name":"wp","href":"https:\/\/api.w.org\/{rel}","templated":true}]}}