{"id":1528,"date":"2018-12-04T22:38:33","date_gmt":"2018-12-04T21:38:33","guid":{"rendered":"http:\/\/karima-atwan.de\/?page_id=1528"},"modified":"2023-04-24T15:16:59","modified_gmt":"2023-04-24T13:16:59","slug":"lektuere-links-leute","status":"publish","type":"page","link":"https:\/\/karima-atwan.com\/en\/lektuere-links-leute\/","title":{"rendered":"Reading, Links &amp; Contacts"},"content":{"rendered":"<p>[et_pb_section bb_built=&#8220;1&#8243; admin_label=&#8220;section&#8220; _builder_version=&#8220;3.0.106&#8243; background_image=&#8220;https:\/\/karima-atwan.com\/wp-content\/uploads\/hintergrund2.jpg&#8220; parallax=&#8220;on&#8220; custom_padding=&#8220;0||70px|&#8220; next_background_color=&#8220;#ffffff&#8220;][\/et_pb_section][et_pb_section bb_built=&#8220;1&#8243; module_id=&#8220;about&#8220; module_class=&#8220;jc-background&#8220; _builder_version=&#8220;3.0.106&#8243; background_color=&#8220;#ffffff&#8220; custom_padding=&#8220;54px|0px|32px|0px&#8220; transparent_background=&#8220;off&#8220; prev_background_color=&#8220;#000000&#8243; next_background_color=&#8220;#000000&#8243;][et_pb_row custom_padding=&#8220;27px|0px|0|0px&#8220; _builder_version=&#8220;3.0.82&#8243; background_size=&#8220;initial&#8220; background_position=&#8220;top_left&#8220; background_repeat=&#8220;repeat&#8220;][et_pb_column type=&#8220;4_4&#8243;][et_pb_text admin_label=&#8220;About Us Text&#8220; _builder_version=&#8220;3.18.2&#8243; text_text_color=&#8220;#2e353d&#8220; header_font=&#8220;|600|||||||&#8220; header_text_color=&#8220;#8e1917&#8243; background_size=&#8220;initial&#8220; background_position=&#8220;top_left&#8220; background_repeat=&#8220;repeat&#8220; text_orientation=&#8220;justified&#8220; module_alignment=&#8220;left&#8220;]<\/p>\n<h1 style=\"text-align: center;\">Lekt\u00fcre, Links &amp; Leute<\/h1>\n<hr \/>\n<p style=\"text-align: center;\">Futter f\u00fcr die Seele<\/p>\n<p>&nbsp;<\/p>\n<p><span style=\"font-size: 17px;\"><img loading=\"lazy\" decoding=\"async\" class=\"size-medium wp-image-1693 alignleft\" src=\"https:\/\/karima-atwan.com\/wp-content\/uploads\/Lekt\u00fcre-300x200.jpeg\" alt=\"\" width=\"300\" height=\"200\" \/>Es gibt unglaublich viele gro\u00dfartige B\u00fccher. Ich bem\u00fche mich diese Liste stets zu aktualisieren. In dieser Sammlung kannst Du ein wenig st\u00f6bern und Dich inspirieren lassen. Viel Spa\u00df dabei!<\/span><\/p>\n<p>[\/et_pb_text][et_pb_divider show_divider=&#8220;off&#8220; disabled_on=&#8220;off&#8220; _builder_version=&#8220;3.0.82&#8243; hide_on_mobile=&#8220;off&#8220; color=&#8220;#ffffff&#8220;]<\/p>\n<p>[\/et_pb_divider][\/et_pb_column][\/et_pb_row][\/et_pb_section][et_pb_section bb_built=&#8220;1&#8243; _builder_version=&#8220;3.0.106&#8243; prev_background_color=&#8220;#000000&#8243; next_background_color=&#8220;#60170f&#8220;][et_pb_row _builder_version=&#8220;3.0.106&#8243;][et_pb_column type=&#8220;4_4&#8243;][et_pb_text _builder_version=&#8220;3.18.2&#8243;]<\/p>\n<p><strong>artgerecht<\/strong><\/p>\n<p><strong><br \/><\/strong><a href=\"https:\/\/www.artgerecht-projekt.de\/\">artgerecht-projekt.de<\/a><\/p>\n<p><strong>Blogs<br \/><\/strong><\/p>\n<p><a href=\"http:\/\/familylab.de\/\" target=\"_blank\" rel=\"noopener\">familylab.de<br \/><\/a><a href=\"https:\/\/diephysikvonbeziehungen.wordpress.com\/\" target=\"_blank\" rel=\"noopener\">diephysikvonbeziehungen.wordpress.com<\/a><br \/><a href=\"https:\/\/derkompass.org\/\" target=\"_blank\" rel=\"noopener\">Der Kompass<\/a><br \/><a href=\"http:\/\/www.gewuenschtestes-wunschkind.de\/\" target=\"_blank\" rel=\"noopener\">gewuenschtestes-wunschkind.de<br \/><\/a><a style=\"font-size: 17px;\" href=\"http:\/\/www.rabeneltern.org\/\" target=\"_blank\" rel=\"noopener\">rabeneltern.org<\/a><br \/><a href=\"https:\/\/www.wrapyouinlove.com\/\" target=\"_blank\" rel=\"noopener\">wrapyouinlove.com<\/a><br \/><a href=\"http:\/\/www.nestling.org\/\" target=\"_blank\" rel=\"noopener\">nestling.org<br \/><\/a><\/p>\n<p><strong>Musik<\/strong><\/p>\n<p>&#8230; die uns in den offenen artgerecht Treffen, Kursen und Camps begleitet:\u00a0unser Zauberlied: <a href=\"https:\/\/www.youtube.com\/watch?v=x3Z0apb0ctM\" target=\"_blank\" rel=\"noopener\">epo i tai<br \/><\/a><span style=\"font-size: 17px;\">&#8230; mit und f\u00fcr Kinder: <\/span><a style=\"font-size: 17px;\" href=\"http:\/\/www.unmada.de\/\" target=\"_blank\" rel=\"noopener\">Manfred Kindel<\/a><\/p>\n<p><strong>Tragen<\/strong><\/p>\n<p><a href=\"https:\/\/www.youtube.com\/watch?v=zga_mW9vqnE\" target=\"_blank\" rel=\"noopener\">Die Perspektive macht den Unterschied<br \/><\/a><a style=\"font-size: 17px;\" href=\"http:\/\/hamburg.mamamotion.de\/\" target=\"_blank\" rel=\"noopener\">Mamamotion<br \/><\/a><a style=\"font-size: 17px;\" href=\"http:\/\/www.trageportal.de\/\" target=\"_blank\" rel=\"noopener\">trageportal.de<br \/><\/a><a style=\"font-size: 17px;\" href=\"http:\/\/clauwi.de\/\" target=\"_blank\" rel=\"noopener\">clauwi.de<br \/><\/a><a style=\"font-size: 17px;\" href=\"http:\/\/www.trageschule-dresden.de\/\" target=\"_blank\" rel=\"noopener\">trageschule-dresden.de<br \/><\/a><a href=\"http:\/\/www.trageschule-hamburg.de\/\" target=\"_blank\" rel=\"noopener\">trageschule-hamburg.de<\/a><br \/><a href=\"http:\/\/www.tragenetzwerk.de\/\" target=\"_blank\" rel=\"noopener\">tragenetzwerk.de<\/a><\/p>\n<p><strong>Freie demokratische Schule<\/strong><\/p>\n<p><a href=\"http:\/\/www.freiwaerts.de\/\" target=\"_blank\" rel=\"noopener\">freiwaerts.de<\/a><\/p>\n<p><strong>W<span style=\"font-size: 17px;\">underbare Menschen, die Wunderbares tun<\/span><\/strong><\/p>\n<p><a href=\"https:\/\/www.hausgeburt.hamburg\/\" target=\"_blank\" rel=\"noopener\">Hausgeburt Hamburg<\/a><span style=\"font-size: 17px;\"> Geburt zu Hause<br \/><a href=\"https:\/\/leonina-frei-geborgen.com\/\" target=\"_blank\" rel=\"noopener\">Janina Pohle<\/a> Windelfrei, Kurse&#8230;.<br \/><a href=\"https:\/\/www.elinaschiller.de\/\">Elina Schiller<\/a>\u00a0 Kinesiologie und Heilung<br \/><\/span><span style=\"font-size: 17px;\"><a href=\"https:\/\/erdmuthe.com\/\" target=\"_blank\" rel=\"noopener\">Erdmuthe Seth<\/a> Camps, Kurse&#8230;<br \/><a href=\"https:\/\/www.yogamitbhavani.de\/\">Bhavani<\/a> Yoga, Yoga Ausbildung, Fraunkreise..<br \/><a href=\"https:\/\/www.wunderfinder-coaching.com\">Regina Gutwin<\/a> Coaching f\u00fcr Kinder und Jugendliche<br \/><a href=\"https:\/\/www.businessheldinnen.com\/\">Julia Br\u00e4unig<\/a> Coaching f\u00fcr Onlinebusiness<br \/><a href=\"https:\/\/doula-miriam.de\/\">Miriam Klingberg<\/a> Doula <br \/><\/span><\/p>\n<p>&nbsp;<\/p>\n<p><strong>Kooperationen<br \/><\/strong><\/p>\n<p><a href=\"https:\/\/www.marienkrankenhaus.org\/kliniken-experten\/kliniken\/geburtshilfe-perinatalzentrum\/begleitangebote\/marina-elternschule\/\">Marienkrankenhaus Hamburg &amp;<\/a><br \/><a href=\"https:\/\/www.marienkrankenhaus.org\/kliniken-experten\/kliniken\/geburtshilfe-perinatalzentrum\/begleitangebote\/marina-elternschule\/\" target=\"_blank\" rel=\"noopener\">Marina Elternschule<br \/><\/a><a href=\"http:\/\/www.rundezeiten.de\/\" target=\"_blank\" rel=\"noopener\">Hebammenpraxis runde Zeiten<\/a><\/p>\n<p><strong>Shops, in denen es Wunderbares gibt<\/strong> (<span style=\"font-size: 17px;\">hier gibt es neben Windelfrei -ubeh\u00f6r und -Kleidung auch Babybekleidung aus Naturfasern und Stoffwindeln)<\/span><\/p>\n<p><a href=\"http:\/\/www.abhala.de\/shop\/\" target=\"_blank\" rel=\"noopener\">abhalashop.de<\/a><br \/><a href=\"http:\/\/www.blumenkinder.eu\/shop\/\" target=\"_blank\" rel=\"noopener\">blumenkinder.eu<\/a><\/p>\n<p><span style=\"font-size: 17px;\"><strong>B\u00fccher zu\u00a0<\/strong><\/span><strong style=\"font-size: 17px;\">Schwangerschaft und Geburt<\/strong><\/p>\n<p>Doula- neue Wege der Geburtsbegleitung<br \/>Klaus Kennell\/Marshall Klaus<\/p>\n<p>Die selbstbestimmte Geburt<br \/>Ina May Gaskin<\/p>\n<p>Geburt und Stillen<br \/>Michel Odent<\/p>\n<p>Geb\u00e4ren ohne Aberglauben<br \/>Alfred Rockenschaub<\/p>\n<p>Doula-Wissen rund um die Geburt<br \/>Melanie Sch\u00f6ne\/Dunja Herrmann<\/p>\n<p>Geburt ohne Gewalt<br \/>Fr\u00e9d\u00e9ric Leboyer<\/p>\n<p>Geburt, die Wiederentdeckung des weiblichen Weges<br \/>Birgit Baader<\/p>\n<p>Bekommen wir ein gesundes Baby?<br \/>Vivian Weigert<\/p>\n<p>Es war eine schwere Geburt<br \/>Viresha J. Bloemeke<\/p>\n<p>Kaiserschnitt<br \/>Theresia Maria de Jong<\/p>\n<p>Der Kaiserschnitt hat kein Gesicht<br \/>Caroline Oblasser<\/p>\n<p>Geburt erleben<br \/>Jutta Ott-Gmelch\/Verena B\u00f6ning<\/p>\n<p>Frauenk\u00f6rper, Frauenweisheit<br \/>Christiane Northrup<\/p>\n<p>Es ist nicht egal, wie wir geboren werden<br \/>Michel Odent<\/p>\n<p>In Wellen zur Welt<br \/>Ines Albrecht Engel<\/p>\n<p>Die Hebammensprechstunde<br \/>Ingeborg Stadelmann<\/p>\n<p>Das Wunder der ersten Lebenswochen<br \/>Klaus Kennell\/Marshall Klaus<\/p>\n<p>Hausgeburt und Geb\u00e4ren im Geburtshaus<br \/>Christine Trompka<\/p>\n<p>Gute Hoffnung-J\u00e4hes Ende<br \/>Hannah Lothrop<\/p>\n<p>Meine Folgeschwangerschaft<br \/>Heike Wolter<\/p>\n<p>Leben mit einem Neugeborenen<br \/>Barbara Sichtermann<\/p>\n<p>Geburt<br \/>Sheila Kitzinger<\/p>\n<p>Hypnobirthing<br \/>Marie F. Mongan<\/p>\n<p>Mama werden mit Hypnobirthing<br \/>Bianca-Maria Heinkel<\/p>\n<p>Im Kreis des Lebens<br \/>Elisabeth Davis<\/p>\n<p>Fr\u00fchgeborene. Zu klein zum Leben?<br \/>Marina Marcovich \/Theresia de Jong<\/p>\n<p>Gelassen durch die Kinderwunschzeit<br \/>Birgit Zart<\/p>\n<p>Luxus Privatgeburt: Stolze M\u00fctter \u00fcber die Kunst des Geb\u00e4ren in den eigenen vier W\u00e4nden<br \/>Martina Eirich\/Caroline Oblasser<\/p>\n<p>Geboren im Schutz der gro\u00dfen G\u00f6ttin-Weiberkraft f\u00fcr Schwangerschaft, Geburt und Wochenbett<br \/>Petra Horni-Dereani<\/p>\n<p>Der Geburtsschmerz<br \/>Verena Schmid<\/p>\n<p>Lebensreise \u2013Lebenskreise<br \/>Doris Moser\/Marion Strohmaier<\/p>\n<p>Meisterin der Geburt<br \/>Jobina Schenk<\/p>\n<p>Spirituelle Hebammen<br \/>Ina May Gaskin<\/p>\n<p>Mamatoto-Geheimnis Geburt<br \/>Caroll Dunham<\/p>\n<p>Erlebnis Wassergeburt<br \/>Cornelia Enning<\/p>\n<p>V\u00e4ter begleiten die aktive Geburt<br \/>Janet Balaskas<\/p>\n<p>Alles Wunschkinder. Geschichten einer Hebamme<br \/>Theresa Schlundt<\/p>\n<p>Du hast kaum gelebt<br \/>C. Fleck<\/p>\n<p>Eigentlich unsere Kinder<br \/>Alexandra Bosch<\/p>\n<p>Geburtsschmerz: Bedeutung und nat\u00fcrliche Methoden der Schmerzlinderung<br \/>Verena Schmid<\/p>\n<p>Birth matters \u2013 a midwife\u2019s manifesta<br \/>Ina May Gaskin<\/p>\n<p><span style=\"font-size: 17px;\">Leben mit dem S\u00e4ugling und dem Kleinkind<\/span><\/p>\n<p>Artgerecht das andere Baby Buch<br \/>Nicola Schmidt<\/p>\n<p>Kinder verstehen \u2013Born to be wild<br \/>Herbert Renz-Polster<\/p>\n<p>Auf der Suche nach dem verlorenen Gl\u00fcck<br \/>Jeanne Liedloff<\/p>\n<p>Schlafen und Wachen<br \/>William Sears<\/p>\n<p>Stillen<br \/>Vivian Weigert<\/p>\n<p>Liebe und Eigenst\u00e4ndigkeit<br \/>Alfie Kohn<\/p>\n<p>Das kompetente Kind<br \/>Jesper Juul<\/p>\n<p>Bindung st\u00e4rkt<br \/>Evelin Kirkilionis<\/p>\n<p>Der erste Bund f\u00fcrs Leben<br \/>Marshall Klaus\/John Kennell\/Phyllis Klaus<\/p>\n<p>Unsere Kinder brauchen uns<br \/>Gordon Neufeld<\/p>\n<p>Kloeters-Briefe<br \/>Karin Kloeter<\/p>\n<p>Ein Baby will getragen sein<br \/>Evelin Kirkilionis<\/p>\n<p>Menschenkinder \u2013 Pl\u00e4doyer f\u00fcr eine artgerechte Erziehung<br \/>Herbert Renz-Polster<\/p>\n<p>Gewaltfreie Kommunikation<br \/>Marshall Rosenberg<\/p>\n<p>Das Wunder der ersten Lebenswochen<br \/>Klaus Kennell\/Marshall Klaus<\/p>\n<p>Achtsame Eltern, gl\u00fcckliche Kinder<br \/>Lienhardt Valentin<\/p>\n<p>Gemeinsam Leben, gemeinsam Wachsen<br \/>Daniel Siegel<\/p>\n<p>Fremdeln-Klammern-Trennungsangst: So helfen Sie ihrem Kind liebevoll beim Loslassen<br \/>Elizabeth Pantley<\/p>\n<p>Topffit!<br \/>Laurie Boucke<\/p>\n<p>Erziehung zum Sein<br \/>Rebeca Wild<\/p>\n<p>Spielen schafft N\u00e4he \u2013 N\u00e4he l\u00f6st Konflikte<br \/>Aletha J. Solter<\/p>\n<p>Mother Nature<br \/>Sarah Blaffer Hrdy<\/p>\n<p>Wie, Du stillst nicht?<br \/>Regine Masaracchia<\/p>\n<p>Baby-led Weaning \u2013 das Grundlagenbuch<br \/>Gill Rapley &amp; Tracey Murkett<\/p>\n<p>Verhaltensbiologie des Kindes<br \/>Bernhard Hassenstein<\/p>\n<p>Our Babies, Ourselves<br \/>Meredith Small<\/p>\n<p>Mein Kind in guten H\u00e4nden<br \/>Haug-Schnabel\/Bensel\/Kirkilionis<\/p>\n<p>Why Love Matters (Die Kraft der Elternliebe)<br \/>Sue Gerhardt<\/p>\n<p>[\/et_pb_text][\/et_pb_column][\/et_pb_row][\/et_pb_section][et_pb_section bb_built=&#8220;1&#8243; background_color=&#8220;#60170f&#8220; module_id=&#8220;contact&#8220; module_class=&#8220;jc-background&#8220; _builder_version=&#8220;3.18.2&#8243; prev_background_color=&#8220;#ffffff&#8220; global_module=&#8220;1677&#8243;][et_pb_row global_parent=&#8220;1677&#8243; _builder_version=&#8220;3.0.47&#8243; background_size=&#8220;initial&#8220; background_position=&#8220;top_left&#8220; background_repeat=&#8220;repeat&#8220;][et_pb_column type=&#8220;1_3&#8243;][et_pb_text admin_label=&#8220;Contact Us Text&#8220; global_parent=&#8220;1677&#8243; background_layout=&#8220;dark&#8220; _builder_version=&#8220;3.18.2&#8243; background_size=&#8220;initial&#8220; background_position=&#8220;top_left&#8220; background_repeat=&#8220;repeat&#8220; module_alignment=&#8220;left&#8220;]<\/p>\n<h1>Kontakt<\/h1>\n<hr \/>\n<p><strong>Karima Atwan<\/strong><br \/>\nDoula, Coachin und<br \/>\nFachberaterin f\u00fcr Psychotraumatologie<\/p>\n<p><span style=\"color: #ffffff;\"><a style=\"color: #ffffff;\">info@karima-atwan.de<\/a><\/span><\/p>\n<p>Telefon: +598 995 185 86<\/p>\n<p>[\/et_pb_text][et_pb_divider global_parent=&#8220;1677&#8243; show_divider=&#8220;on&#8220; disabled_on=&#8220;off&#8220; _builder_version=&#8220;3.18.2&#8243; hide_on_mobile=&#8220;off&#8220; color=&#8220;#ffffff&#8220;]<\/p>\n<p>[\/et_pb_divider][\/et_pb_column][et_pb_column type=&#8220;2_3&#8243;][et_pb_contact_form global_parent=&#8220;1677&#8243; captcha=&#8220;off&#8220; module_id=&#8220;et_pb_contact_form_0&#8243; module_class=&#8220;jc-contact-form&#8220; _builder_version=&#8220;3.0.106&#8243; custom_button=&#8220;on&#8220; button_text_size=&#8220;13&#8243; button_bg_color=&#8220;#c1b2a7&#8243; button_font=&#8220;||||||||&#8220; custom_css_captcha_label=&#8220;color: #ffffff;&#8220;][et_pb_contact_field field_id=&#8220;Name&#8220; field_title=&#8220;Name&#8220; _builder_version=&#8220;3.0.106&#8243;][\/et_pb_contact_field][et_pb_contact_field field_id=&#8220;Email&#8220; field_title=&#8220;Email Adresse&#8220; field_type=&#8220;email&#8220; fullwidth_field=&#8220;on&#8220; _builder_version=&#8220;3.0.106&#8243; form_field_font=&#8220;||||&#8220; use_border_color=&#8220;off&#8220;][\/et_pb_contact_field][et_pb_contact_field field_id=&#8220;Message&#8220; field_title=&#8220;Deine Nachricht an mich&#8220; field_type=&#8220;text&#8220; fullwidth_field=&#8220;on&#8220; _builder_version=&#8220;3.0.106&#8243;][\/et_pb_contact_field][\/et_pb_contact_form][\/et_pb_column][\/et_pb_row][\/et_pb_section]<\/p>\n","protected":false},"excerpt":{"rendered":"<p>Lekt\u00fcre, Links &amp; Leute Futter f\u00fcr die Seele &nbsp; Es gibt unglaublich viele gro\u00dfartige B\u00fccher. Ich bem\u00fche mich diese Liste stets zu aktualisieren. In dieser Sammlung kannst Du ein wenig st\u00f6bern und Dich inspirieren lassen. Viel Spa\u00df dabei! artgerecht artgerecht-projekt.de Blogs familylab.dediephysikvonbeziehungen.wordpress.comDer Kompassgewuenschtestes-wunschkind.derabeneltern.orgwrapyouinlove.comnestling.org Musik &#8230; die uns in den offenen artgerecht Treffen, Kursen und Camps [&hellip;]<\/p>\n","protected":false},"author":4,"featured_media":0,"parent":0,"menu_order":0,"comment_status":"closed","ping_status":"closed","template":"","meta":{"_et_pb_use_builder":"on","_et_pb_old_content":"","_et_gb_content_width":"","footnotes":""},"class_list":["post-1528","page","type-page","status-publish","hentry"],"yoast_head":"<!-- This site is optimized with the Yoast SEO plugin v27.3 - https:\/\/yoast.com\/product\/yoast-seo-wordpress\/ -->\n<title>Lekt\u00fcre, Links &amp; Leute - Karima Atwan<\/title>\n<meta name=\"robots\" content=\"index, follow, max-snippet:-1, max-image-preview:large, max-video-preview:-1\" \/>\n<link rel=\"canonical\" href=\"https:\/\/karima-atwan.com\/en\/lektuere-links-leute\/\" \/>\n<meta property=\"og:locale\" content=\"en_US\" \/>\n<meta property=\"og:type\" content=\"article\" \/>\n<meta property=\"og:title\" content=\"Lekt\u00fcre, Links &amp; Leute - Karima Atwan\" \/>\n<meta property=\"og:description\" content=\"Lekt\u00fcre, Links &amp; Leute Futter f\u00fcr die Seele &nbsp; Es gibt unglaublich viele gro\u00dfartige B\u00fccher. Ich bem\u00fche mich diese Liste stets zu aktualisieren. In dieser Sammlung kannst Du ein wenig st\u00f6bern und Dich inspirieren lassen. Viel Spa\u00df dabei! artgerecht artgerecht-projekt.de Blogs familylab.dediephysikvonbeziehungen.wordpress.comDer Kompassgewuenschtestes-wunschkind.derabeneltern.orgwrapyouinlove.comnestling.org Musik ... die uns in den offenen artgerecht Treffen, Kursen und Camps [&hellip;]\" \/>\n<meta property=\"og:url\" content=\"https:\/\/karima-atwan.com\/en\/lektuere-links-leute\/\" \/>\n<meta property=\"og:site_name\" content=\"Karima Atwan\" \/>\n<meta property=\"article:publisher\" content=\"https:\/\/www.facebook.com\/profile.php?id=100064656013770\" \/>\n<meta property=\"article:modified_time\" content=\"2023-04-24T13:16:59+00:00\" \/>\n<meta name=\"twitter:card\" content=\"summary_large_image\" \/>\n<meta name=\"twitter:label1\" content=\"Est. reading time\" \/>\n\t<meta name=\"twitter:data1\" content=\"5 minutes\" \/>\n<script type=\"application\/ld+json\" class=\"yoast-schema-graph\">{\"@context\":\"https:\\\/\\\/schema.org\",\"@graph\":[{\"@type\":\"WebPage\",\"@id\":\"https:\\\/\\\/karima-atwan.com\\\/lektuere-links-leute\\\/\",\"url\":\"https:\\\/\\\/karima-atwan.com\\\/lektuere-links-leute\\\/\",\"name\":\"Lekt\u00fcre, Links & Leute - Karima Atwan\",\"isPartOf\":{\"@id\":\"https:\\\/\\\/karima-atwan.com\\\/#website\"},\"datePublished\":\"2018-12-04T21:38:33+00:00\",\"dateModified\":\"2023-04-24T13:16:59+00:00\",\"breadcrumb\":{\"@id\":\"https:\\\/\\\/karima-atwan.com\\\/lektuere-links-leute\\\/#breadcrumb\"},\"inLanguage\":\"en-US\",\"potentialAction\":[{\"@type\":\"ReadAction\",\"target\":[\"https:\\\/\\\/karima-atwan.com\\\/lektuere-links-leute\\\/\"]}]},{\"@type\":\"BreadcrumbList\",\"@id\":\"https:\\\/\\\/karima-atwan.com\\\/lektuere-links-leute\\\/#breadcrumb\",\"itemListElement\":[{\"@type\":\"ListItem\",\"position\":1,\"name\":\"Startseite\",\"item\":\"https:\\\/\\\/karima-atwan.com\\\/\"},{\"@type\":\"ListItem\",\"position\":2,\"name\":\"Lekt\u00fcre, Links &#038; Leute\"}]},{\"@type\":\"WebSite\",\"@id\":\"https:\\\/\\\/karima-atwan.com\\\/#website\",\"url\":\"https:\\\/\\\/karima-atwan.com\\\/\",\"name\":\"Karima Atwan\",\"description\":\"Doula Geburtsbegleitung &amp; artgerecht\u00ae Coaching\",\"publisher\":{\"@id\":\"https:\\\/\\\/karima-atwan.com\\\/#organization\"},\"potentialAction\":[{\"@type\":\"SearchAction\",\"target\":{\"@type\":\"EntryPoint\",\"urlTemplate\":\"https:\\\/\\\/karima-atwan.com\\\/?s={search_term_string}\"},\"query-input\":{\"@type\":\"PropertyValueSpecification\",\"valueRequired\":true,\"valueName\":\"search_term_string\"}}],\"inLanguage\":\"en-US\"},{\"@type\":\"Organization\",\"@id\":\"https:\\\/\\\/karima-atwan.com\\\/#organization\",\"name\":\"Karima Atwan\",\"url\":\"https:\\\/\\\/karima-atwan.com\\\/\",\"logo\":{\"@type\":\"ImageObject\",\"inLanguage\":\"en-US\",\"@id\":\"https:\\\/\\\/karima-atwan.com\\\/#\\\/schema\\\/logo\\\/image\\\/\",\"url\":\"https:\\\/\\\/karima-atwan.com\\\/wp-content\\\/uploads\\\/Logo_End_ohne.jpg\",\"contentUrl\":\"https:\\\/\\\/karima-atwan.com\\\/wp-content\\\/uploads\\\/Logo_End_ohne.jpg\",\"width\":991,\"height\":550,\"caption\":\"Karima Atwan\"},\"image\":{\"@id\":\"https:\\\/\\\/karima-atwan.com\\\/#\\\/schema\\\/logo\\\/image\\\/\"},\"sameAs\":[\"https:\\\/\\\/www.facebook.com\\\/profile.php?id=100064656013770\",\"https:\\\/\\\/www.instagram.com\\\/schwanger_geburt_trauma\\\/\"]}]}<\/script>\n<!-- \/ Yoast SEO plugin. -->","yoast_head_json":{"title":"Lekt\u00fcre, Links & Leute - Karima Atwan","robots":{"index":"index","follow":"follow","max-snippet":"max-snippet:-1","max-image-preview":"max-image-preview:large","max-video-preview":"max-video-preview:-1"},"canonical":"https:\/\/karima-atwan.com\/en\/lektuere-links-leute\/","og_locale":"en_US","og_type":"article","og_title":"Lekt\u00fcre, Links & Leute - Karima Atwan","og_description":"Lekt\u00fcre, Links &amp; Leute Futter f\u00fcr die Seele &nbsp; Es gibt unglaublich viele gro\u00dfartige B\u00fccher. Ich bem\u00fche mich diese Liste stets zu aktualisieren. In dieser Sammlung kannst Du ein wenig st\u00f6bern und Dich inspirieren lassen. Viel Spa\u00df dabei! artgerecht artgerecht-projekt.de Blogs familylab.dediephysikvonbeziehungen.wordpress.comDer Kompassgewuenschtestes-wunschkind.derabeneltern.orgwrapyouinlove.comnestling.org Musik ... die uns in den offenen artgerecht Treffen, Kursen und Camps [&hellip;]","og_url":"https:\/\/karima-atwan.com\/en\/lektuere-links-leute\/","og_site_name":"Karima Atwan","article_publisher":"https:\/\/www.facebook.com\/profile.php?id=100064656013770","article_modified_time":"2023-04-24T13:16:59+00:00","twitter_card":"summary_large_image","twitter_misc":{"Est. reading time":"5 minutes"},"schema":{"@context":"https:\/\/schema.org","@graph":[{"@type":"WebPage","@id":"https:\/\/karima-atwan.com\/lektuere-links-leute\/","url":"https:\/\/karima-atwan.com\/lektuere-links-leute\/","name":"Lekt\u00fcre, Links & Leute - Karima Atwan","isPartOf":{"@id":"https:\/\/karima-atwan.com\/#website"},"datePublished":"2018-12-04T21:38:33+00:00","dateModified":"2023-04-24T13:16:59+00:00","breadcrumb":{"@id":"https:\/\/karima-atwan.com\/lektuere-links-leute\/#breadcrumb"},"inLanguage":"en-US","potentialAction":[{"@type":"ReadAction","target":["https:\/\/karima-atwan.com\/lektuere-links-leute\/"]}]},{"@type":"BreadcrumbList","@id":"https:\/\/karima-atwan.com\/lektuere-links-leute\/#breadcrumb","itemListElement":[{"@type":"ListItem","position":1,"name":"Startseite","item":"https:\/\/karima-atwan.com\/"},{"@type":"ListItem","position":2,"name":"Lekt\u00fcre, Links &#038; Leute"}]},{"@type":"WebSite","@id":"https:\/\/karima-atwan.com\/#website","url":"https:\/\/karima-atwan.com\/","name":"Karima Atwan","description":"Doula Geburtsbegleitung &amp; artgerecht\u00ae Coaching","publisher":{"@id":"https:\/\/karima-atwan.com\/#organization"},"potentialAction":[{"@type":"SearchAction","target":{"@type":"EntryPoint","urlTemplate":"https:\/\/karima-atwan.com\/?s={search_term_string}"},"query-input":{"@type":"PropertyValueSpecification","valueRequired":true,"valueName":"search_term_string"}}],"inLanguage":"en-US"},{"@type":"Organization","@id":"https:\/\/karima-atwan.com\/#organization","name":"Karima Atwan","url":"https:\/\/karima-atwan.com\/","logo":{"@type":"ImageObject","inLanguage":"en-US","@id":"https:\/\/karima-atwan.com\/#\/schema\/logo\/image\/","url":"https:\/\/karima-atwan.com\/wp-content\/uploads\/Logo_End_ohne.jpg","contentUrl":"https:\/\/karima-atwan.com\/wp-content\/uploads\/Logo_End_ohne.jpg","width":991,"height":550,"caption":"Karima Atwan"},"image":{"@id":"https:\/\/karima-atwan.com\/#\/schema\/logo\/image\/"},"sameAs":["https:\/\/www.facebook.com\/profile.php?id=100064656013770","https:\/\/www.instagram.com\/schwanger_geburt_trauma\/"]}]}},"_links":{"self":[{"href":"https:\/\/karima-atwan.com\/en\/wp-json\/wp\/v2\/pages\/1528","targetHints":{"allow":["GET"]}}],"collection":[{"href":"https:\/\/karima-atwan.com\/en\/wp-json\/wp\/v2\/pages"}],"about":[{"href":"https:\/\/karima-atwan.com\/en\/wp-json\/wp\/v2\/types\/page"}],"author":[{"embeddable":true,"href":"https:\/\/karima-atwan.com\/en\/wp-json\/wp\/v2\/users\/4"}],"replies":[{"embeddable":true,"href":"https:\/\/karima-atwan.com\/en\/wp-json\/wp\/v2\/comments?post=1528"}],"version-history":[{"count":21,"href":"https:\/\/karima-atwan.com\/en\/wp-json\/wp\/v2\/pages\/1528\/revisions"}],"predecessor-version":[{"id":2487,"href":"https:\/\/karima-atwan.com\/en\/wp-json\/wp\/v2\/pages\/1528\/revisions\/2487"}],"wp:attachment":[{"href":"https:\/\/karima-atwan.com\/en\/wp-json\/wp\/v2\/media?parent=1528"}],"curies":[{"name":"wp","href":"https:\/\/api.w.org\/{rel}","templated":true}]}}